{"id":36072,"date":"2023-02-03T06:56:04","date_gmt":"2023-02-03T04:56:04","guid":{"rendered":"https:\/\/old.elusvali.ee\/product\/ruduju-ryziu-spageciai-250g-mahe-biori\/"},"modified":"2025-07-06T21:42:34","modified_gmt":"2025-07-06T18:42:34","slug":"ruduju-ryziu-spageciai-250g-ekologiski","status":"publish","type":"product","link":"https:\/\/old.elusvali.ee\/lt\/prek\u0117\/ruduju-ryziu-spageciai-250g-ekologiski\/","title":{"rendered":"Rud\u0173j\u0173 ry\u017ei\u0173 spage\u010diai 250g, ekologi\u0161ki | Felicia"},"content":{"rendered":"<p>Felicia ekologi\u0161ki ry\u017ei\u0173 makaronai be glitimo yra pagaminti i\u0161 100% rud\u0173j\u0173 ry\u017ei\u0173. \u0160ie spage\u010diai gerai i\u0161laiko savo strukt\u016br\u0105 net ir i\u0161virus &#8211; jie nesuyra ir netampa ko\u0161e.<\/p>\n<p>Visada pravartu sand\u0117liuke tur\u0117ti ilgai galiojan\u010di\u0173 saus\u0173 produkt\u0173 ir makaron\u0173 atsarg\u0173. Su ry\u017ei\u0173 spage\u010diais galite greitai ir patogiai paruo\u0161ti sveik\u0105 skan\u0173 patiekal\u0105.<\/p>\n<p>Gaminimo laikas: 8 minut\u0117s.<\/p>\n","protected":false},"excerpt":{"rendered":"<p>Felicia ekologi\u0161ki ry\u017ei\u0173 makaronai be glitimo yra pagaminti i\u0161 100% rud\u0173j\u0173 ry\u017ei\u0173. \u0160ie spage\u010diai gerai i\u0161laiko savo strukt\u016br\u0105 net ir i\u0161vir\u0119. Su ry\u017ei\u0173 spage\u010diais galite greitai ir patogiai paruo\u0161ti sveik\u0105 skan\u0173 patiekal\u0105.<\/p>\n","protected":false},"featured_media":66962,"comment_status":"open","ping_status":"closed","template":"","meta":{"_acf_changed":false},"product_brand":[],"product_cat":[444,483],"product_tag":[],"class_list":{"0":"post-36072","1":"product","2":"type-product","3":"status-publish","4":"has-post-thumbnail","6":"product_cat-namu-virtuve","7":"product_cat-sausos-prekes","9":"first","10":"instock","11":"taxable","12":"shipping-taxable","13":"purchasable","14":"product-type-simple"},"acf":[],"yoast_head":"<!-- This site is optimized with the Yoast SEO plugin v25.3.1 - https:\/\/yoast.com\/wordpress\/plugins\/seo\/ -->\n<title>Rud\u0173j\u0173 ry\u017ei\u0173 spage\u010diai 250g, ekologi\u0161ki | Felicia - Pure Nature<\/title>\n<meta name=\"description\" content=\"Be glitimo, pagaminti tik i\u0161 100% rud\u0173j\u0173 ry\u017ei\u0173 milt\u0173. Gerai i\u0161laiko savo strukt\u016br\u0105 - nesuyra ir netampa ko\u0161e.\" \/>\n<meta name=\"robots\" content=\"noindex, follow, max-snippet:-1, max-image-preview:large, max-video-preview:-1\" \/>\n<meta property=\"og:locale\" content=\"lt_LT\" \/>\n<meta property=\"og:type\" content=\"article\" \/>\n<meta property=\"og:title\" content=\"Rud\u0173j\u0173 ry\u017ei\u0173 spage\u010diai 250g, ekologi\u0161ki | Felicia - Pure Nature\" \/>\n<meta property=\"og:description\" content=\"Be glitimo, pagaminti tik i\u0161 100% rud\u0173j\u0173 ry\u017ei\u0173 milt\u0173. Gerai i\u0161laiko savo strukt\u016br\u0105 - nesuyra ir netampa ko\u0161e.\" \/>\n<meta property=\"og:url\" content=\"https:\/\/old.elusvali.ee\/lt\/prek\u0117\/ruduju-ryziu-spageciai-250g-ekologiski\/\" \/>\n<meta property=\"og:site_name\" content=\"Elusv&auml;li\" \/>\n<meta property=\"article:publisher\" content=\"https:\/\/www.facebook.com\/profile.php?id=100064131067985\" \/>\n<meta property=\"article:modified_time\" content=\"2025-07-06T18:42:34+00:00\" \/>\n<meta property=\"og:image\" content=\"https:\/\/purenature.lt\/wp-content\/uploads\/2023\/02\/Felicia-spaghetti-brown-rice-spagetid-pruuni-riisi-spagetid.jpg\" \/>\n\t<meta property=\"og:image:width\" content=\"1192\" \/>\n\t<meta property=\"og:image:height\" content=\"1000\" \/>\n\t<meta property=\"og:image:type\" content=\"image\/jpeg\" \/>\n<meta name=\"twitter:card\" content=\"summary_large_image\" \/>\n<meta name=\"twitter:label1\" content=\"Est. reading time\" \/>\n\t<meta name=\"twitter:data1\" content=\"1 minut\u0117\" \/>\n<script type=\"application\/ld+json\" class=\"yoast-schema-graph\">{\"@context\":\"https:\/\/schema.org\",\"@graph\":[{\"@type\":\"WebPage\",\"@id\":\"https:\/\/old.elusvali.ee\/lt\/prek\u0117\/ruduju-ryziu-spageciai-250g-ekologiski\/\",\"url\":\"https:\/\/old.elusvali.ee\/lt\/prek\u0117\/ruduju-ryziu-spageciai-250g-ekologiski\/\",\"name\":\"Rud\u0173j\u0173 ry\u017ei\u0173 spage\u010diai 250g, ekologi\u0161ki | Felicia - Pure Nature\",\"isPartOf\":{\"@id\":\"https:\/\/old.elusvali.ee\/lt\/#website\"},\"primaryImageOfPage\":{\"@id\":\"https:\/\/old.elusvali.ee\/lt\/prek\u0117\/ruduju-ryziu-spageciai-250g-ekologiski\/#primaryimage\"},\"image\":{\"@id\":\"https:\/\/old.elusvali.ee\/lt\/prek\u0117\/ruduju-ryziu-spageciai-250g-ekologiski\/#primaryimage\"},\"thumbnailUrl\":\"https:\/\/old.elusvali.ee\/wp-content\/uploads\/2023\/02\/Felicia-spaghetti-brown-rice-spagetid-pruuni-riisi-spagetid.jpg\",\"datePublished\":\"2023-02-03T04:56:04+00:00\",\"dateModified\":\"2025-07-06T18:42:34+00:00\",\"description\":\"Be glitimo, pagaminti tik i\u0161 100% rud\u0173j\u0173 ry\u017ei\u0173 milt\u0173. Gerai i\u0161laiko savo strukt\u016br\u0105 - nesuyra ir netampa ko\u0161e.\",\"breadcrumb\":{\"@id\":\"https:\/\/old.elusvali.ee\/lt\/prek\u0117\/ruduju-ryziu-spageciai-250g-ekologiski\/#breadcrumb\"},\"inLanguage\":\"lt-LT\",\"potentialAction\":[{\"@type\":\"ReadAction\",\"target\":[\"https:\/\/old.elusvali.ee\/lt\/prek\u0117\/ruduju-ryziu-spageciai-250g-ekologiski\/\"]}]},{\"@type\":\"ImageObject\",\"inLanguage\":\"lt-LT\",\"@id\":\"https:\/\/old.elusvali.ee\/lt\/prek\u0117\/ruduju-ryziu-spageciai-250g-ekologiski\/#primaryimage\",\"url\":\"https:\/\/old.elusvali.ee\/wp-content\/uploads\/2023\/02\/Felicia-spaghetti-brown-rice-spagetid-pruuni-riisi-spagetid.jpg\",\"contentUrl\":\"https:\/\/old.elusvali.ee\/wp-content\/uploads\/2023\/02\/Felicia-spaghetti-brown-rice-spagetid-pruuni-riisi-spagetid.jpg\",\"width\":1192,\"height\":1000},{\"@type\":\"BreadcrumbList\",\"@id\":\"https:\/\/old.elusvali.ee\/lt\/prek\u0117\/ruduju-ryziu-spageciai-250g-ekologiski\/#breadcrumb\",\"itemListElement\":[{\"@type\":\"ListItem\",\"position\":1,\"name\":\"Home\",\"item\":\"https:\/\/old.elusvali.ee\/lt\/\"},{\"@type\":\"ListItem\",\"position\":2,\"name\":\"Elektronin\u0117 parduotuv\u0117\",\"item\":\"https:\/\/purenature.lt\/parduotuve\/\"},{\"@type\":\"ListItem\",\"position\":3,\"name\":\"Rud\u0173j\u0173 ry\u017ei\u0173 spage\u010diai 250g, ekologi\u0161ki | Felicia\"}]},{\"@type\":\"WebSite\",\"@id\":\"https:\/\/old.elusvali.ee\/lt\/#website\",\"url\":\"https:\/\/old.elusvali.ee\/lt\/\",\"name\":\"Elusv\u00e4li\",\"description\":\"Puhas k&ouml;&ouml;k ja koduapteek\",\"publisher\":{\"@id\":\"https:\/\/old.elusvali.ee\/lt\/#organization\"},\"potentialAction\":[{\"@type\":\"SearchAction\",\"target\":{\"@type\":\"EntryPoint\",\"urlTemplate\":\"https:\/\/old.elusvali.ee\/lt\/?s={search_term_string}\"},\"query-input\":{\"@type\":\"PropertyValueSpecification\",\"valueRequired\":true,\"valueName\":\"search_term_string\"}}],\"inLanguage\":\"lt-LT\"},{\"@type\":\"Organization\",\"@id\":\"https:\/\/old.elusvali.ee\/lt\/#organization\",\"name\":\"Elusv\u00e4li\",\"url\":\"https:\/\/old.elusvali.ee\/lt\/\",\"logo\":{\"@type\":\"ImageObject\",\"inLanguage\":\"lt-LT\",\"@id\":\"https:\/\/old.elusvali.ee\/lt\/#\/schema\/logo\/image\/\",\"url\":\"https:\/\/purenature.lt\/wp-content\/uploads\/2023\/07\/logo.png\",\"contentUrl\":\"https:\/\/purenature.lt\/wp-content\/uploads\/2023\/07\/logo.png\",\"width\":526,\"height\":146,\"caption\":\"Elusv\u00e4li\"},\"image\":{\"@id\":\"https:\/\/old.elusvali.ee\/lt\/#\/schema\/logo\/image\/\"},\"sameAs\":[\"https:\/\/www.facebook.com\/profile.php?id=100064131067985\",\"https:\/\/www.instagram.com\/elusvali\/\",\"https:\/\/www.youtube.com\/@elusvali2110\"]}]}<\/script>\n<!-- \/ Yoast SEO plugin. -->","yoast_head_json":{"title":"Rud\u0173j\u0173 ry\u017ei\u0173 spage\u010diai 250g, ekologi\u0161ki | Felicia - Pure Nature","description":"Be glitimo, pagaminti tik i\u0161 100% rud\u0173j\u0173 ry\u017ei\u0173 milt\u0173. Gerai i\u0161laiko savo strukt\u016br\u0105 - nesuyra ir netampa ko\u0161e.","robots":{"index":"noindex","follow":"follow","max-snippet":"max-snippet:-1","max-image-preview":"max-image-preview:large","max-video-preview":"max-video-preview:-1"},"og_locale":"lt_LT","og_type":"article","og_title":"Rud\u0173j\u0173 ry\u017ei\u0173 spage\u010diai 250g, ekologi\u0161ki | Felicia - Pure Nature","og_description":"Be glitimo, pagaminti tik i\u0161 100% rud\u0173j\u0173 ry\u017ei\u0173 milt\u0173. Gerai i\u0161laiko savo strukt\u016br\u0105 - nesuyra ir netampa ko\u0161e.","og_url":"https:\/\/old.elusvali.ee\/lt\/prek\u0117\/ruduju-ryziu-spageciai-250g-ekologiski\/","og_site_name":"Elusv&auml;li","article_publisher":"https:\/\/www.facebook.com\/profile.php?id=100064131067985","article_modified_time":"2025-07-06T18:42:34+00:00","og_image":[{"width":1192,"height":1000,"url":"https:\/\/purenature.lt\/wp-content\/uploads\/2023\/02\/Felicia-spaghetti-brown-rice-spagetid-pruuni-riisi-spagetid.jpg","type":"image\/jpeg"}],"twitter_card":"summary_large_image","twitter_misc":{"Est. reading time":"1 minut\u0117"},"schema":{"@context":"https:\/\/schema.org","@graph":[{"@type":"WebPage","@id":"https:\/\/old.elusvali.ee\/lt\/prek\u0117\/ruduju-ryziu-spageciai-250g-ekologiski\/","url":"https:\/\/old.elusvali.ee\/lt\/prek\u0117\/ruduju-ryziu-spageciai-250g-ekologiski\/","name":"Rud\u0173j\u0173 ry\u017ei\u0173 spage\u010diai 250g, ekologi\u0161ki | Felicia - Pure Nature","isPartOf":{"@id":"https:\/\/old.elusvali.ee\/lt\/#website"},"primaryImageOfPage":{"@id":"https:\/\/old.elusvali.ee\/lt\/prek\u0117\/ruduju-ryziu-spageciai-250g-ekologiski\/#primaryimage"},"image":{"@id":"https:\/\/old.elusvali.ee\/lt\/prek\u0117\/ruduju-ryziu-spageciai-250g-ekologiski\/#primaryimage"},"thumbnailUrl":"https:\/\/old.elusvali.ee\/wp-content\/uploads\/2023\/02\/Felicia-spaghetti-brown-rice-spagetid-pruuni-riisi-spagetid.jpg","datePublished":"2023-02-03T04:56:04+00:00","dateModified":"2025-07-06T18:42:34+00:00","description":"Be glitimo, pagaminti tik i\u0161 100% rud\u0173j\u0173 ry\u017ei\u0173 milt\u0173. Gerai i\u0161laiko savo strukt\u016br\u0105 - nesuyra ir netampa ko\u0161e.","breadcrumb":{"@id":"https:\/\/old.elusvali.ee\/lt\/prek\u0117\/ruduju-ryziu-spageciai-250g-ekologiski\/#breadcrumb"},"inLanguage":"lt-LT","potentialAction":[{"@type":"ReadAction","target":["https:\/\/old.elusvali.ee\/lt\/prek\u0117\/ruduju-ryziu-spageciai-250g-ekologiski\/"]}]},{"@type":"ImageObject","inLanguage":"lt-LT","@id":"https:\/\/old.elusvali.ee\/lt\/prek\u0117\/ruduju-ryziu-spageciai-250g-ekologiski\/#primaryimage","url":"https:\/\/old.elusvali.ee\/wp-content\/uploads\/2023\/02\/Felicia-spaghetti-brown-rice-spagetid-pruuni-riisi-spagetid.jpg","contentUrl":"https:\/\/old.elusvali.ee\/wp-content\/uploads\/2023\/02\/Felicia-spaghetti-brown-rice-spagetid-pruuni-riisi-spagetid.jpg","width":1192,"height":1000},{"@type":"BreadcrumbList","@id":"https:\/\/old.elusvali.ee\/lt\/prek\u0117\/ruduju-ryziu-spageciai-250g-ekologiski\/#breadcrumb","itemListElement":[{"@type":"ListItem","position":1,"name":"Home","item":"https:\/\/old.elusvali.ee\/lt\/"},{"@type":"ListItem","position":2,"name":"Elektronin\u0117 parduotuv\u0117","item":"https:\/\/purenature.lt\/parduotuve\/"},{"@type":"ListItem","position":3,"name":"Rud\u0173j\u0173 ry\u017ei\u0173 spage\u010diai 250g, ekologi\u0161ki | Felicia"}]},{"@type":"WebSite","@id":"https:\/\/old.elusvali.ee\/lt\/#website","url":"https:\/\/old.elusvali.ee\/lt\/","name":"Elusv\u00e4li","description":"Puhas k&ouml;&ouml;k ja koduapteek","publisher":{"@id":"https:\/\/old.elusvali.ee\/lt\/#organization"},"potentialAction":[{"@type":"SearchAction","target":{"@type":"EntryPoint","urlTemplate":"https:\/\/old.elusvali.ee\/lt\/?s={search_term_string}"},"query-input":{"@type":"PropertyValueSpecification","valueRequired":true,"valueName":"search_term_string"}}],"inLanguage":"lt-LT"},{"@type":"Organization","@id":"https:\/\/old.elusvali.ee\/lt\/#organization","name":"Elusv\u00e4li","url":"https:\/\/old.elusvali.ee\/lt\/","logo":{"@type":"ImageObject","inLanguage":"lt-LT","@id":"https:\/\/old.elusvali.ee\/lt\/#\/schema\/logo\/image\/","url":"https:\/\/purenature.lt\/wp-content\/uploads\/2023\/07\/logo.png","contentUrl":"https:\/\/purenature.lt\/wp-content\/uploads\/2023\/07\/logo.png","width":526,"height":146,"caption":"Elusv\u00e4li"},"image":{"@id":"https:\/\/old.elusvali.ee\/lt\/#\/schema\/logo\/image\/"},"sameAs":["https:\/\/www.facebook.com\/profile.php?id=100064131067985","https:\/\/www.instagram.com\/elusvali\/","https:\/\/www.youtube.com\/@elusvali2110"]}]}},"_links":{"self":[{"href":"https:\/\/old.elusvali.ee\/lt\/wp-json\/wp\/v2\/product\/36072","targetHints":{"allow":["GET"]}}],"collection":[{"href":"https:\/\/old.elusvali.ee\/lt\/wp-json\/wp\/v2\/product"}],"about":[{"href":"https:\/\/old.elusvali.ee\/lt\/wp-json\/wp\/v2\/types\/product"}],"replies":[{"embeddable":true,"href":"https:\/\/old.elusvali.ee\/lt\/wp-json\/wp\/v2\/comments?post=36072"}],"version-history":[{"count":2,"href":"https:\/\/old.elusvali.ee\/lt\/wp-json\/wp\/v2\/product\/36072\/revisions"}],"predecessor-version":[{"id":66989,"href":"https:\/\/old.elusvali.ee\/lt\/wp-json\/wp\/v2\/product\/36072\/revisions\/66989"}],"wp:featuredmedia":[{"embeddable":true,"href":"https:\/\/old.elusvali.ee\/lt\/wp-json\/wp\/v2\/media\/66962"}],"wp:attachment":[{"href":"https:\/\/old.elusvali.ee\/lt\/wp-json\/wp\/v2\/media?parent=36072"}],"wp:term":[{"taxonomy":"product_brand","embeddable":true,"href":"https:\/\/old.elusvali.ee\/lt\/wp-json\/wp\/v2\/product_brand?post=36072"},{"taxonomy":"product_cat","embeddable":true,"href":"https:\/\/old.elusvali.ee\/lt\/wp-json\/wp\/v2\/product_cat?post=36072"},{"taxonomy":"product_tag","embeddable":true,"href":"https:\/\/old.elusvali.ee\/lt\/wp-json\/wp\/v2\/product_tag?post=36072"}],"curies":[{"name":"wp","href":"https:\/\/api.w.org\/{rel}","templated":true}]}}