{"id":36070,"date":"2023-02-02T12:17:14","date_gmt":"2023-02-02T10:17:14","guid":{"rendered":"https:\/\/old.elusvali.ee\/product\/ekologiski-prunus-ryziai-fussili-500g-jusu-ekologiska-gamta\/"},"modified":"2025-07-03T16:46:33","modified_gmt":"2025-07-03T13:46:33","slug":"ekologiski-ruduju-ryziu-fusilli-500g","status":"publish","type":"product","link":"https:\/\/old.elusvali.ee\/lt\/prek\u0117\/ekologiski-ruduju-ryziu-fusilli-500g\/","title":{"rendered":"Ekologi\u0161ki rud\u0173j\u0173 ry\u017ei\u0173 Fusilli &#8211; 500g | Your Organic Nature"},"content":{"rendered":"<p>Your Organic Nature ekologi\u0161ki ry\u017ei\u0173 makaronai be glitimo, kurie verdant nesuyra ir gerai i\u0161laiko savo tekst\u016br\u0105 bei skon\u012f. Ekologi\u0161k\u0173 ir sveik\u0173 makaron\u0173 be glitimo kategorijoje \u0161ie ry\u017ei\u0173 makaronai neabejotinai yra vieni prieinamiausi\u0173 ir geriausio kainos ir kokyb\u0117s santykio.<\/p>\n<p>D\u0117l ilgo galiojimo laiko tai produktas, kur\u012f visada pravartu tur\u0117ti sand\u0117liuke, norint greitai ir skaniai sveikai pavalgyti. Jo sud\u0117tyje yra tik 100 % rud\u0173j\u0173 ry\u017ei\u0173 milt\u0173, nieko daugiau. Gaminimo laikas: 7-9 minut\u0117s.<\/p>\n","protected":false},"excerpt":{"rendered":"<p>Rud\u0173j\u0173 ry\u017ei\u0173 makaronai, kurie i\u0161vir\u0119 nesuyra Labai geras kainos ir kokyb\u0117s santykis.<\/p>\n","protected":false},"featured_media":32248,"comment_status":"open","ping_status":"closed","template":"","meta":{"_acf_changed":false},"product_brand":[],"product_cat":[444,483],"product_tag":[],"class_list":{"0":"post-36070","1":"product","2":"type-product","3":"status-publish","4":"has-post-thumbnail","6":"product_cat-namu-virtuve","7":"product_cat-sausos-prekes","9":"first","10":"instock","11":"taxable","12":"shipping-taxable","13":"purchasable","14":"product-type-simple"},"acf":[],"yoast_head":"<!-- This site is optimized with the Yoast SEO plugin v25.3.1 - https:\/\/yoast.com\/wordpress\/plugins\/seo\/ -->\n<title>Ekologi\u0161ki rud\u0173j\u0173 ry\u017ei\u0173 Fusilli - 500g | Your Organic Nature - Pure Nature<\/title>\n<meta name=\"description\" content=\"Be glitimo, i\u0161 100% ekologi\u0161k\u0173 rud\u0173j\u0173 ry\u017ei\u0173 milt\u0173. Sveik\u0173 makaron kategorijoje jie yra vieni i\u0161 labiausiai prieinam\u0173 su geriausiu kainos ir kokyb\u0117s santykiu.\" \/>\n<meta name=\"robots\" content=\"noindex, follow, max-snippet:-1, max-image-preview:large, max-video-preview:-1\" \/>\n<meta property=\"og:locale\" content=\"lt_LT\" \/>\n<meta property=\"og:type\" content=\"article\" \/>\n<meta property=\"og:title\" content=\"Ekologi\u0161ki rud\u0173j\u0173 ry\u017ei\u0173 Fusilli - 500g | Your Organic Nature - Pure Nature\" \/>\n<meta property=\"og:description\" content=\"Be glitimo, i\u0161 100% ekologi\u0161k\u0173 rud\u0173j\u0173 ry\u017ei\u0173 milt\u0173. Sveik\u0173 makaron kategorijoje jie yra vieni i\u0161 labiausiai prieinam\u0173 su geriausiu kainos ir kokyb\u0117s santykiu.\" \/>\n<meta property=\"og:url\" content=\"https:\/\/old.elusvali.ee\/lt\/prek\u0117\/ekologiski-ruduju-ryziu-fusilli-500g\/\" \/>\n<meta property=\"og:site_name\" content=\"Elusv&auml;li\" \/>\n<meta property=\"article:publisher\" content=\"https:\/\/www.facebook.com\/profile.php?id=100064131067985\" \/>\n<meta property=\"article:modified_time\" content=\"2025-07-03T13:46:33+00:00\" \/>\n<meta property=\"og:image\" content=\"https:\/\/purenature.lt\/wp-content\/uploads\/2023\/07\/Pruuni-riisi-pasta-fusilli-500g.jpg\" \/>\n\t<meta property=\"og:image:width\" content=\"1500\" \/>\n\t<meta property=\"og:image:height\" content=\"1500\" \/>\n\t<meta property=\"og:image:type\" content=\"image\/jpeg\" \/>\n<meta name=\"twitter:card\" content=\"summary_large_image\" \/>\n<meta name=\"twitter:label1\" content=\"Est. reading time\" \/>\n\t<meta name=\"twitter:data1\" content=\"1 minut\u0117\" \/>\n<script type=\"application\/ld+json\" class=\"yoast-schema-graph\">{\"@context\":\"https:\/\/schema.org\",\"@graph\":[{\"@type\":\"WebPage\",\"@id\":\"https:\/\/old.elusvali.ee\/lt\/prek\u0117\/ekologiski-ruduju-ryziu-fusilli-500g\/\",\"url\":\"https:\/\/old.elusvali.ee\/lt\/prek\u0117\/ekologiski-ruduju-ryziu-fusilli-500g\/\",\"name\":\"Ekologi\u0161ki rud\u0173j\u0173 ry\u017ei\u0173 Fusilli - 500g | Your Organic Nature - Pure Nature\",\"isPartOf\":{\"@id\":\"https:\/\/old.elusvali.ee\/lt\/#website\"},\"primaryImageOfPage\":{\"@id\":\"https:\/\/old.elusvali.ee\/lt\/prek\u0117\/ekologiski-ruduju-ryziu-fusilli-500g\/#primaryimage\"},\"image\":{\"@id\":\"https:\/\/old.elusvali.ee\/lt\/prek\u0117\/ekologiski-ruduju-ryziu-fusilli-500g\/#primaryimage\"},\"thumbnailUrl\":\"https:\/\/old.elusvali.ee\/wp-content\/uploads\/2023\/07\/Pruuni-riisi-pasta-fusilli-500g.jpg\",\"datePublished\":\"2023-02-02T10:17:14+00:00\",\"dateModified\":\"2025-07-03T13:46:33+00:00\",\"description\":\"Be glitimo, i\u0161 100% ekologi\u0161k\u0173 rud\u0173j\u0173 ry\u017ei\u0173 milt\u0173. Sveik\u0173 makaron kategorijoje jie yra vieni i\u0161 labiausiai prieinam\u0173 su geriausiu kainos ir kokyb\u0117s santykiu.\",\"breadcrumb\":{\"@id\":\"https:\/\/old.elusvali.ee\/lt\/prek\u0117\/ekologiski-ruduju-ryziu-fusilli-500g\/#breadcrumb\"},\"inLanguage\":\"lt-LT\",\"potentialAction\":[{\"@type\":\"ReadAction\",\"target\":[\"https:\/\/old.elusvali.ee\/lt\/prek\u0117\/ekologiski-ruduju-ryziu-fusilli-500g\/\"]}]},{\"@type\":\"ImageObject\",\"inLanguage\":\"lt-LT\",\"@id\":\"https:\/\/old.elusvali.ee\/lt\/prek\u0117\/ekologiski-ruduju-ryziu-fusilli-500g\/#primaryimage\",\"url\":\"https:\/\/old.elusvali.ee\/wp-content\/uploads\/2023\/07\/Pruuni-riisi-pasta-fusilli-500g.jpg\",\"contentUrl\":\"https:\/\/old.elusvali.ee\/wp-content\/uploads\/2023\/07\/Pruuni-riisi-pasta-fusilli-500g.jpg\",\"width\":1500,\"height\":1500,\"caption\":\"Ryziu makaronai be glitimo\"},{\"@type\":\"BreadcrumbList\",\"@id\":\"https:\/\/old.elusvali.ee\/lt\/prek\u0117\/ekologiski-ruduju-ryziu-fusilli-500g\/#breadcrumb\",\"itemListElement\":[{\"@type\":\"ListItem\",\"position\":1,\"name\":\"Home\",\"item\":\"https:\/\/old.elusvali.ee\/lt\/\"},{\"@type\":\"ListItem\",\"position\":2,\"name\":\"Elektronin\u0117 parduotuv\u0117\",\"item\":\"https:\/\/purenature.lt\/parduotuve\/\"},{\"@type\":\"ListItem\",\"position\":3,\"name\":\"Ekologi\u0161ki rud\u0173j\u0173 ry\u017ei\u0173 Fusilli &#8211; 500g | Your Organic Nature\"}]},{\"@type\":\"WebSite\",\"@id\":\"https:\/\/old.elusvali.ee\/lt\/#website\",\"url\":\"https:\/\/old.elusvali.ee\/lt\/\",\"name\":\"Elusv\u00e4li\",\"description\":\"Puhas k&ouml;&ouml;k ja koduapteek\",\"publisher\":{\"@id\":\"https:\/\/old.elusvali.ee\/lt\/#organization\"},\"potentialAction\":[{\"@type\":\"SearchAction\",\"target\":{\"@type\":\"EntryPoint\",\"urlTemplate\":\"https:\/\/old.elusvali.ee\/lt\/?s={search_term_string}\"},\"query-input\":{\"@type\":\"PropertyValueSpecification\",\"valueRequired\":true,\"valueName\":\"search_term_string\"}}],\"inLanguage\":\"lt-LT\"},{\"@type\":\"Organization\",\"@id\":\"https:\/\/old.elusvali.ee\/lt\/#organization\",\"name\":\"Elusv\u00e4li\",\"url\":\"https:\/\/old.elusvali.ee\/lt\/\",\"logo\":{\"@type\":\"ImageObject\",\"inLanguage\":\"lt-LT\",\"@id\":\"https:\/\/old.elusvali.ee\/lt\/#\/schema\/logo\/image\/\",\"url\":\"https:\/\/purenature.lt\/wp-content\/uploads\/2023\/07\/logo.png\",\"contentUrl\":\"https:\/\/purenature.lt\/wp-content\/uploads\/2023\/07\/logo.png\",\"width\":526,\"height\":146,\"caption\":\"Elusv\u00e4li\"},\"image\":{\"@id\":\"https:\/\/old.elusvali.ee\/lt\/#\/schema\/logo\/image\/\"},\"sameAs\":[\"https:\/\/www.facebook.com\/profile.php?id=100064131067985\",\"https:\/\/www.instagram.com\/elusvali\/\",\"https:\/\/www.youtube.com\/@elusvali2110\"]}]}<\/script>\n<!-- \/ Yoast SEO plugin. -->","yoast_head_json":{"title":"Ekologi\u0161ki rud\u0173j\u0173 ry\u017ei\u0173 Fusilli - 500g | Your Organic Nature - Pure Nature","description":"Be glitimo, i\u0161 100% ekologi\u0161k\u0173 rud\u0173j\u0173 ry\u017ei\u0173 milt\u0173. Sveik\u0173 makaron kategorijoje jie yra vieni i\u0161 labiausiai prieinam\u0173 su geriausiu kainos ir kokyb\u0117s santykiu.","robots":{"index":"noindex","follow":"follow","max-snippet":"max-snippet:-1","max-image-preview":"max-image-preview:large","max-video-preview":"max-video-preview:-1"},"og_locale":"lt_LT","og_type":"article","og_title":"Ekologi\u0161ki rud\u0173j\u0173 ry\u017ei\u0173 Fusilli - 500g | Your Organic Nature - Pure Nature","og_description":"Be glitimo, i\u0161 100% ekologi\u0161k\u0173 rud\u0173j\u0173 ry\u017ei\u0173 milt\u0173. Sveik\u0173 makaron kategorijoje jie yra vieni i\u0161 labiausiai prieinam\u0173 su geriausiu kainos ir kokyb\u0117s santykiu.","og_url":"https:\/\/old.elusvali.ee\/lt\/prek\u0117\/ekologiski-ruduju-ryziu-fusilli-500g\/","og_site_name":"Elusv&auml;li","article_publisher":"https:\/\/www.facebook.com\/profile.php?id=100064131067985","article_modified_time":"2025-07-03T13:46:33+00:00","og_image":[{"width":1500,"height":1500,"url":"https:\/\/purenature.lt\/wp-content\/uploads\/2023\/07\/Pruuni-riisi-pasta-fusilli-500g.jpg","type":"image\/jpeg"}],"twitter_card":"summary_large_image","twitter_misc":{"Est. reading time":"1 minut\u0117"},"schema":{"@context":"https:\/\/schema.org","@graph":[{"@type":"WebPage","@id":"https:\/\/old.elusvali.ee\/lt\/prek\u0117\/ekologiski-ruduju-ryziu-fusilli-500g\/","url":"https:\/\/old.elusvali.ee\/lt\/prek\u0117\/ekologiski-ruduju-ryziu-fusilli-500g\/","name":"Ekologi\u0161ki rud\u0173j\u0173 ry\u017ei\u0173 Fusilli - 500g | Your Organic Nature - Pure Nature","isPartOf":{"@id":"https:\/\/old.elusvali.ee\/lt\/#website"},"primaryImageOfPage":{"@id":"https:\/\/old.elusvali.ee\/lt\/prek\u0117\/ekologiski-ruduju-ryziu-fusilli-500g\/#primaryimage"},"image":{"@id":"https:\/\/old.elusvali.ee\/lt\/prek\u0117\/ekologiski-ruduju-ryziu-fusilli-500g\/#primaryimage"},"thumbnailUrl":"https:\/\/old.elusvali.ee\/wp-content\/uploads\/2023\/07\/Pruuni-riisi-pasta-fusilli-500g.jpg","datePublished":"2023-02-02T10:17:14+00:00","dateModified":"2025-07-03T13:46:33+00:00","description":"Be glitimo, i\u0161 100% ekologi\u0161k\u0173 rud\u0173j\u0173 ry\u017ei\u0173 milt\u0173. Sveik\u0173 makaron kategorijoje jie yra vieni i\u0161 labiausiai prieinam\u0173 su geriausiu kainos ir kokyb\u0117s santykiu.","breadcrumb":{"@id":"https:\/\/old.elusvali.ee\/lt\/prek\u0117\/ekologiski-ruduju-ryziu-fusilli-500g\/#breadcrumb"},"inLanguage":"lt-LT","potentialAction":[{"@type":"ReadAction","target":["https:\/\/old.elusvali.ee\/lt\/prek\u0117\/ekologiski-ruduju-ryziu-fusilli-500g\/"]}]},{"@type":"ImageObject","inLanguage":"lt-LT","@id":"https:\/\/old.elusvali.ee\/lt\/prek\u0117\/ekologiski-ruduju-ryziu-fusilli-500g\/#primaryimage","url":"https:\/\/old.elusvali.ee\/wp-content\/uploads\/2023\/07\/Pruuni-riisi-pasta-fusilli-500g.jpg","contentUrl":"https:\/\/old.elusvali.ee\/wp-content\/uploads\/2023\/07\/Pruuni-riisi-pasta-fusilli-500g.jpg","width":1500,"height":1500,"caption":"Ryziu makaronai be glitimo"},{"@type":"BreadcrumbList","@id":"https:\/\/old.elusvali.ee\/lt\/prek\u0117\/ekologiski-ruduju-ryziu-fusilli-500g\/#breadcrumb","itemListElement":[{"@type":"ListItem","position":1,"name":"Home","item":"https:\/\/old.elusvali.ee\/lt\/"},{"@type":"ListItem","position":2,"name":"Elektronin\u0117 parduotuv\u0117","item":"https:\/\/purenature.lt\/parduotuve\/"},{"@type":"ListItem","position":3,"name":"Ekologi\u0161ki rud\u0173j\u0173 ry\u017ei\u0173 Fusilli &#8211; 500g | Your Organic Nature"}]},{"@type":"WebSite","@id":"https:\/\/old.elusvali.ee\/lt\/#website","url":"https:\/\/old.elusvali.ee\/lt\/","name":"Elusv\u00e4li","description":"Puhas k&ouml;&ouml;k ja koduapteek","publisher":{"@id":"https:\/\/old.elusvali.ee\/lt\/#organization"},"potentialAction":[{"@type":"SearchAction","target":{"@type":"EntryPoint","urlTemplate":"https:\/\/old.elusvali.ee\/lt\/?s={search_term_string}"},"query-input":{"@type":"PropertyValueSpecification","valueRequired":true,"valueName":"search_term_string"}}],"inLanguage":"lt-LT"},{"@type":"Organization","@id":"https:\/\/old.elusvali.ee\/lt\/#organization","name":"Elusv\u00e4li","url":"https:\/\/old.elusvali.ee\/lt\/","logo":{"@type":"ImageObject","inLanguage":"lt-LT","@id":"https:\/\/old.elusvali.ee\/lt\/#\/schema\/logo\/image\/","url":"https:\/\/purenature.lt\/wp-content\/uploads\/2023\/07\/logo.png","contentUrl":"https:\/\/purenature.lt\/wp-content\/uploads\/2023\/07\/logo.png","width":526,"height":146,"caption":"Elusv\u00e4li"},"image":{"@id":"https:\/\/old.elusvali.ee\/lt\/#\/schema\/logo\/image\/"},"sameAs":["https:\/\/www.facebook.com\/profile.php?id=100064131067985","https:\/\/www.instagram.com\/elusvali\/","https:\/\/www.youtube.com\/@elusvali2110"]}]}},"_links":{"self":[{"href":"https:\/\/old.elusvali.ee\/lt\/wp-json\/wp\/v2\/product\/36070","targetHints":{"allow":["GET"]}}],"collection":[{"href":"https:\/\/old.elusvali.ee\/lt\/wp-json\/wp\/v2\/product"}],"about":[{"href":"https:\/\/old.elusvali.ee\/lt\/wp-json\/wp\/v2\/types\/product"}],"replies":[{"embeddable":true,"href":"https:\/\/old.elusvali.ee\/lt\/wp-json\/wp\/v2\/comments?post=36070"}],"version-history":[{"count":1,"href":"https:\/\/old.elusvali.ee\/lt\/wp-json\/wp\/v2\/product\/36070\/revisions"}],"predecessor-version":[{"id":58014,"href":"https:\/\/old.elusvali.ee\/lt\/wp-json\/wp\/v2\/product\/36070\/revisions\/58014"}],"wp:featuredmedia":[{"embeddable":true,"href":"https:\/\/old.elusvali.ee\/lt\/wp-json\/wp\/v2\/media\/32248"}],"wp:attachment":[{"href":"https:\/\/old.elusvali.ee\/lt\/wp-json\/wp\/v2\/media?parent=36070"}],"wp:term":[{"taxonomy":"product_brand","embeddable":true,"href":"https:\/\/old.elusvali.ee\/lt\/wp-json\/wp\/v2\/product_brand?post=36070"},{"taxonomy":"product_cat","embeddable":true,"href":"https:\/\/old.elusvali.ee\/lt\/wp-json\/wp\/v2\/product_cat?post=36070"},{"taxonomy":"product_tag","embeddable":true,"href":"https:\/\/old.elusvali.ee\/lt\/wp-json\/wp\/v2\/product_tag?post=36070"}],"curies":[{"name":"wp","href":"https:\/\/api.w.org\/{rel}","templated":true}]}}