{"id":36068,"date":"2023-02-28T12:30:43","date_gmt":"2023-02-28T10:30:43","guid":{"rendered":"https:\/\/old.elusvali.ee\/product\/nori-lapai-50vnt\/"},"modified":"2025-07-07T07:47:09","modified_gmt":"2025-07-07T04:47:09","slug":"nori-lapai-100vnt","status":"publish","type":"product","link":"https:\/\/old.elusvali.ee\/lt\/prek\u0117\/nori-lapai-100vnt\/","title":{"rendered":"Nori lapai &#8211; 100 vnt."},"content":{"rendered":"<p>Nori lapai &#8211; tai surinkti, i\u0161d\u017eiovinti ir lengvai paskrudinti j\u016bros dumbliai.<\/p>\n<p>Nori yra naudojami su\u0161i gamybai. Ta\u010diau su jais taip pat galima pagaminti ir dar nema\u017eai kit\u0173 sveik\u0173 patiekal\u0173.<\/p>\n<p>\u012e nori lap\u0105 galite \u012fvynioti \u012fvairias dar\u017eoves, pasigaminti <a href=\"https:\/\/purenature.lt\/taielikus-balance-nori-roll\/\">gydom\u0105j\u012f Nori suktinuk\u0105 <\/a>arba per \u0161ventes pasigaminti <a href=\"https:\/\/purenature.lt\/norivorsts\/\">nori de\u0161reli\u0173<\/a>.<\/p>\n<p>Arba tiesiog pasiimkite pakuot\u0119 su savimi \u012f kelion\u0119 ir valgykite kaip mineralin\u0117mis med\u017eiagomis turting\u0105 ir gard\u0173 tra\u0161k\u0173 u\u017ekand\u012f.<\/p>\n<p>\u0160iek tiek ma\u017eesniais gabal\u0117liais supjaustyti nori lapai taip pat labai patinka vaikams ir yra gera alternatyva mamoms, norin\u010dioms pasi\u016blyti vaikams sveik\u0173 u\u017ekand\u017ei\u0173.<\/p>\n<p>\u0160varios sud\u0117ties produktas &#8211; neprid\u0117ta joki\u0173 pried\u0173.<\/p>\n","protected":false},"excerpt":{"rendered":"<p>Nori lapai yra puikus pagalbininkas virtuv\u0117je. Be su\u0161i\u0173 nori galima naudoti ir kitais \u012fvairiais b\u016bdais. Pavyzd\u017eiui, \u012f nori lap\u0105 galite \u012fvynioti \u012fvairias dar\u017eoves. Arba tiesiog pasiimkite pakuot\u0119 su savimi \u012f kelion\u0119 ir valgykite kaip mineralin\u0117mis med\u017eiagomis turting\u0105 ir gard\u0173 tra\u0161k\u0173 u\u017ekand\u012f.<\/p>\n<p>Id\u0117j\u0173, kaip panaudoti nori lapus galite rasti ir m\u016bs\u0173 <a href=\"https:\/\/purenature.lt\/receptai\/\">recept\u0173 skyrelyje.<\/a><\/p>\n","protected":false},"featured_media":46970,"comment_status":"open","ping_status":"closed","template":"","meta":{"_acf_changed":false},"product_brand":[],"product_cat":[489,444,483],"product_tag":[],"class_list":{"0":"post-36068","1":"product","2":"type-product","3":"status-publish","4":"has-post-thumbnail","6":"product_cat-kuno-valymas","7":"product_cat-namu-virtuve","8":"product_cat-sausos-prekes","10":"first","11":"instock","12":"taxable","13":"shipping-taxable","14":"purchasable","15":"product-type-simple"},"acf":[],"yoast_head":"<!-- This site is optimized with the Yoast SEO plugin v25.3.1 - https:\/\/yoast.com\/wordpress\/plugins\/seo\/ -->\n<title>Nori lapai - 100 vnt. - Pure Nature<\/title>\n<meta name=\"description\" content=\"Tai surinkti, i\u0161d\u017eiovinti ir lengvai paskrudinti j\u016bros dumbliai. Be joki\u0173 pried\u0173. Nori yra naudojami su\u0161i gamybai. Ta\u010diau taip pat galima pagaminti ir dar kit\u0173 sveik\u0173 patiekal\u0173.\" \/>\n<meta name=\"robots\" content=\"noindex, follow, max-snippet:-1, max-image-preview:large, max-video-preview:-1\" \/>\n<meta property=\"og:locale\" content=\"lt_LT\" \/>\n<meta property=\"og:type\" content=\"article\" \/>\n<meta property=\"og:title\" content=\"Nori lapai - 100 vnt. - Pure Nature\" \/>\n<meta property=\"og:description\" content=\"Tai surinkti, i\u0161d\u017eiovinti ir lengvai paskrudinti j\u016bros dumbliai. Be joki\u0173 pried\u0173. Nori yra naudojami su\u0161i gamybai. Ta\u010diau taip pat galima pagaminti ir dar kit\u0173 sveik\u0173 patiekal\u0173.\" \/>\n<meta property=\"og:url\" content=\"https:\/\/old.elusvali.ee\/lt\/prek\u0117\/nori-lapai-100vnt\/\" \/>\n<meta property=\"og:site_name\" content=\"Elusv&auml;li\" \/>\n<meta property=\"article:publisher\" content=\"https:\/\/www.facebook.com\/profile.php?id=100064131067985\" \/>\n<meta property=\"article:modified_time\" content=\"2025-07-07T04:47:09+00:00\" \/>\n<meta property=\"og:image\" content=\"https:\/\/purenature.lt\/wp-content\/uploads\/2023\/02\/sushi-nori-lehed-suur-pakk-XL-100-lehte.jpg\" \/>\n\t<meta property=\"og:image:width\" content=\"1500\" \/>\n\t<meta property=\"og:image:height\" content=\"1500\" \/>\n\t<meta property=\"og:image:type\" content=\"image\/jpeg\" \/>\n<meta name=\"twitter:card\" content=\"summary_large_image\" \/>\n<meta name=\"twitter:label1\" content=\"Est. reading time\" \/>\n\t<meta name=\"twitter:data1\" content=\"1 minut\u0117\" \/>\n<script type=\"application\/ld+json\" class=\"yoast-schema-graph\">{\"@context\":\"https:\/\/schema.org\",\"@graph\":[{\"@type\":\"WebPage\",\"@id\":\"https:\/\/old.elusvali.ee\/lt\/prek\u0117\/nori-lapai-100vnt\/\",\"url\":\"https:\/\/old.elusvali.ee\/lt\/prek\u0117\/nori-lapai-100vnt\/\",\"name\":\"Nori lapai - 100 vnt. - Pure Nature\",\"isPartOf\":{\"@id\":\"https:\/\/old.elusvali.ee\/lt\/#website\"},\"primaryImageOfPage\":{\"@id\":\"https:\/\/old.elusvali.ee\/lt\/prek\u0117\/nori-lapai-100vnt\/#primaryimage\"},\"image\":{\"@id\":\"https:\/\/old.elusvali.ee\/lt\/prek\u0117\/nori-lapai-100vnt\/#primaryimage\"},\"thumbnailUrl\":\"https:\/\/old.elusvali.ee\/wp-content\/uploads\/2023\/02\/sushi-nori-lehed-suur-pakk-XL-100-lehte.jpg\",\"datePublished\":\"2023-02-28T10:30:43+00:00\",\"dateModified\":\"2025-07-07T04:47:09+00:00\",\"description\":\"Tai surinkti, i\u0161d\u017eiovinti ir lengvai paskrudinti j\u016bros dumbliai. Be joki\u0173 pried\u0173. Nori yra naudojami su\u0161i gamybai. Ta\u010diau taip pat galima pagaminti ir dar kit\u0173 sveik\u0173 patiekal\u0173.\",\"breadcrumb\":{\"@id\":\"https:\/\/old.elusvali.ee\/lt\/prek\u0117\/nori-lapai-100vnt\/#breadcrumb\"},\"inLanguage\":\"lt-LT\",\"potentialAction\":[{\"@type\":\"ReadAction\",\"target\":[\"https:\/\/old.elusvali.ee\/lt\/prek\u0117\/nori-lapai-100vnt\/\"]}]},{\"@type\":\"ImageObject\",\"inLanguage\":\"lt-LT\",\"@id\":\"https:\/\/old.elusvali.ee\/lt\/prek\u0117\/nori-lapai-100vnt\/#primaryimage\",\"url\":\"https:\/\/old.elusvali.ee\/wp-content\/uploads\/2023\/02\/sushi-nori-lehed-suur-pakk-XL-100-lehte.jpg\",\"contentUrl\":\"https:\/\/old.elusvali.ee\/wp-content\/uploads\/2023\/02\/sushi-nori-lehed-suur-pakk-XL-100-lehte.jpg\",\"width\":1500,\"height\":1500,\"caption\":\"Nori lapai\"},{\"@type\":\"BreadcrumbList\",\"@id\":\"https:\/\/old.elusvali.ee\/lt\/prek\u0117\/nori-lapai-100vnt\/#breadcrumb\",\"itemListElement\":[{\"@type\":\"ListItem\",\"position\":1,\"name\":\"Home\",\"item\":\"https:\/\/old.elusvali.ee\/lt\/\"},{\"@type\":\"ListItem\",\"position\":2,\"name\":\"Elektronin\u0117 parduotuv\u0117\",\"item\":\"https:\/\/purenature.lt\/parduotuve\/\"},{\"@type\":\"ListItem\",\"position\":3,\"name\":\"Nori lapai &#8211; 100 vnt.\"}]},{\"@type\":\"WebSite\",\"@id\":\"https:\/\/old.elusvali.ee\/lt\/#website\",\"url\":\"https:\/\/old.elusvali.ee\/lt\/\",\"name\":\"Elusv\u00e4li\",\"description\":\"Puhas k&ouml;&ouml;k ja koduapteek\",\"publisher\":{\"@id\":\"https:\/\/old.elusvali.ee\/lt\/#organization\"},\"potentialAction\":[{\"@type\":\"SearchAction\",\"target\":{\"@type\":\"EntryPoint\",\"urlTemplate\":\"https:\/\/old.elusvali.ee\/lt\/?s={search_term_string}\"},\"query-input\":{\"@type\":\"PropertyValueSpecification\",\"valueRequired\":true,\"valueName\":\"search_term_string\"}}],\"inLanguage\":\"lt-LT\"},{\"@type\":\"Organization\",\"@id\":\"https:\/\/old.elusvali.ee\/lt\/#organization\",\"name\":\"Elusv\u00e4li\",\"url\":\"https:\/\/old.elusvali.ee\/lt\/\",\"logo\":{\"@type\":\"ImageObject\",\"inLanguage\":\"lt-LT\",\"@id\":\"https:\/\/old.elusvali.ee\/lt\/#\/schema\/logo\/image\/\",\"url\":\"https:\/\/purenature.lt\/wp-content\/uploads\/2023\/07\/logo.png\",\"contentUrl\":\"https:\/\/purenature.lt\/wp-content\/uploads\/2023\/07\/logo.png\",\"width\":526,\"height\":146,\"caption\":\"Elusv\u00e4li\"},\"image\":{\"@id\":\"https:\/\/old.elusvali.ee\/lt\/#\/schema\/logo\/image\/\"},\"sameAs\":[\"https:\/\/www.facebook.com\/profile.php?id=100064131067985\",\"https:\/\/www.instagram.com\/elusvali\/\",\"https:\/\/www.youtube.com\/@elusvali2110\"]}]}<\/script>\n<!-- \/ Yoast SEO plugin. -->","yoast_head_json":{"title":"Nori lapai - 100 vnt. - Pure Nature","description":"Tai surinkti, i\u0161d\u017eiovinti ir lengvai paskrudinti j\u016bros dumbliai. Be joki\u0173 pried\u0173. Nori yra naudojami su\u0161i gamybai. Ta\u010diau taip pat galima pagaminti ir dar kit\u0173 sveik\u0173 patiekal\u0173.","robots":{"index":"noindex","follow":"follow","max-snippet":"max-snippet:-1","max-image-preview":"max-image-preview:large","max-video-preview":"max-video-preview:-1"},"og_locale":"lt_LT","og_type":"article","og_title":"Nori lapai - 100 vnt. - Pure Nature","og_description":"Tai surinkti, i\u0161d\u017eiovinti ir lengvai paskrudinti j\u016bros dumbliai. Be joki\u0173 pried\u0173. Nori yra naudojami su\u0161i gamybai. Ta\u010diau taip pat galima pagaminti ir dar kit\u0173 sveik\u0173 patiekal\u0173.","og_url":"https:\/\/old.elusvali.ee\/lt\/prek\u0117\/nori-lapai-100vnt\/","og_site_name":"Elusv&auml;li","article_publisher":"https:\/\/www.facebook.com\/profile.php?id=100064131067985","article_modified_time":"2025-07-07T04:47:09+00:00","og_image":[{"width":1500,"height":1500,"url":"https:\/\/purenature.lt\/wp-content\/uploads\/2023\/02\/sushi-nori-lehed-suur-pakk-XL-100-lehte.jpg","type":"image\/jpeg"}],"twitter_card":"summary_large_image","twitter_misc":{"Est. reading time":"1 minut\u0117"},"schema":{"@context":"https:\/\/schema.org","@graph":[{"@type":"WebPage","@id":"https:\/\/old.elusvali.ee\/lt\/prek\u0117\/nori-lapai-100vnt\/","url":"https:\/\/old.elusvali.ee\/lt\/prek\u0117\/nori-lapai-100vnt\/","name":"Nori lapai - 100 vnt. - Pure Nature","isPartOf":{"@id":"https:\/\/old.elusvali.ee\/lt\/#website"},"primaryImageOfPage":{"@id":"https:\/\/old.elusvali.ee\/lt\/prek\u0117\/nori-lapai-100vnt\/#primaryimage"},"image":{"@id":"https:\/\/old.elusvali.ee\/lt\/prek\u0117\/nori-lapai-100vnt\/#primaryimage"},"thumbnailUrl":"https:\/\/old.elusvali.ee\/wp-content\/uploads\/2023\/02\/sushi-nori-lehed-suur-pakk-XL-100-lehte.jpg","datePublished":"2023-02-28T10:30:43+00:00","dateModified":"2025-07-07T04:47:09+00:00","description":"Tai surinkti, i\u0161d\u017eiovinti ir lengvai paskrudinti j\u016bros dumbliai. Be joki\u0173 pried\u0173. Nori yra naudojami su\u0161i gamybai. Ta\u010diau taip pat galima pagaminti ir dar kit\u0173 sveik\u0173 patiekal\u0173.","breadcrumb":{"@id":"https:\/\/old.elusvali.ee\/lt\/prek\u0117\/nori-lapai-100vnt\/#breadcrumb"},"inLanguage":"lt-LT","potentialAction":[{"@type":"ReadAction","target":["https:\/\/old.elusvali.ee\/lt\/prek\u0117\/nori-lapai-100vnt\/"]}]},{"@type":"ImageObject","inLanguage":"lt-LT","@id":"https:\/\/old.elusvali.ee\/lt\/prek\u0117\/nori-lapai-100vnt\/#primaryimage","url":"https:\/\/old.elusvali.ee\/wp-content\/uploads\/2023\/02\/sushi-nori-lehed-suur-pakk-XL-100-lehte.jpg","contentUrl":"https:\/\/old.elusvali.ee\/wp-content\/uploads\/2023\/02\/sushi-nori-lehed-suur-pakk-XL-100-lehte.jpg","width":1500,"height":1500,"caption":"Nori lapai"},{"@type":"BreadcrumbList","@id":"https:\/\/old.elusvali.ee\/lt\/prek\u0117\/nori-lapai-100vnt\/#breadcrumb","itemListElement":[{"@type":"ListItem","position":1,"name":"Home","item":"https:\/\/old.elusvali.ee\/lt\/"},{"@type":"ListItem","position":2,"name":"Elektronin\u0117 parduotuv\u0117","item":"https:\/\/purenature.lt\/parduotuve\/"},{"@type":"ListItem","position":3,"name":"Nori lapai &#8211; 100 vnt."}]},{"@type":"WebSite","@id":"https:\/\/old.elusvali.ee\/lt\/#website","url":"https:\/\/old.elusvali.ee\/lt\/","name":"Elusv\u00e4li","description":"Puhas k&ouml;&ouml;k ja koduapteek","publisher":{"@id":"https:\/\/old.elusvali.ee\/lt\/#organization"},"potentialAction":[{"@type":"SearchAction","target":{"@type":"EntryPoint","urlTemplate":"https:\/\/old.elusvali.ee\/lt\/?s={search_term_string}"},"query-input":{"@type":"PropertyValueSpecification","valueRequired":true,"valueName":"search_term_string"}}],"inLanguage":"lt-LT"},{"@type":"Organization","@id":"https:\/\/old.elusvali.ee\/lt\/#organization","name":"Elusv\u00e4li","url":"https:\/\/old.elusvali.ee\/lt\/","logo":{"@type":"ImageObject","inLanguage":"lt-LT","@id":"https:\/\/old.elusvali.ee\/lt\/#\/schema\/logo\/image\/","url":"https:\/\/purenature.lt\/wp-content\/uploads\/2023\/07\/logo.png","contentUrl":"https:\/\/purenature.lt\/wp-content\/uploads\/2023\/07\/logo.png","width":526,"height":146,"caption":"Elusv\u00e4li"},"image":{"@id":"https:\/\/old.elusvali.ee\/lt\/#\/schema\/logo\/image\/"},"sameAs":["https:\/\/www.facebook.com\/profile.php?id=100064131067985","https:\/\/www.instagram.com\/elusvali\/","https:\/\/www.youtube.com\/@elusvali2110"]}]}},"_links":{"self":[{"href":"https:\/\/old.elusvali.ee\/lt\/wp-json\/wp\/v2\/product\/36068","targetHints":{"allow":["GET"]}}],"collection":[{"href":"https:\/\/old.elusvali.ee\/lt\/wp-json\/wp\/v2\/product"}],"about":[{"href":"https:\/\/old.elusvali.ee\/lt\/wp-json\/wp\/v2\/types\/product"}],"replies":[{"embeddable":true,"href":"https:\/\/old.elusvali.ee\/lt\/wp-json\/wp\/v2\/comments?post=36068"}],"version-history":[{"count":0,"href":"https:\/\/old.elusvali.ee\/lt\/wp-json\/wp\/v2\/product\/36068\/revisions"}],"wp:featuredmedia":[{"embeddable":true,"href":"https:\/\/old.elusvali.ee\/lt\/wp-json\/wp\/v2\/media\/46970"}],"wp:attachment":[{"href":"https:\/\/old.elusvali.ee\/lt\/wp-json\/wp\/v2\/media?parent=36068"}],"wp:term":[{"taxonomy":"product_brand","embeddable":true,"href":"https:\/\/old.elusvali.ee\/lt\/wp-json\/wp\/v2\/product_brand?post=36068"},{"taxonomy":"product_cat","embeddable":true,"href":"https:\/\/old.elusvali.ee\/lt\/wp-json\/wp\/v2\/product_cat?post=36068"},{"taxonomy":"product_tag","embeddable":true,"href":"https:\/\/old.elusvali.ee\/lt\/wp-json\/wp\/v2\/product_tag?post=36068"}],"curies":[{"name":"wp","href":"https:\/\/api.w.org\/{rel}","templated":true}]}}