{"id":36066,"date":"2023-03-14T17:48:37","date_gmt":"2023-03-14T15:48:37","guid":{"rendered":"https:\/\/old.elusvali.ee\/product\/marantos-saknu-miltai-arrowroot-250g\/"},"modified":"2025-05-26T15:30:10","modified_gmt":"2025-05-26T12:30:10","slug":"ekologiski-marantos-saknu-miltai-arrowroot-250g","status":"publish","type":"product","link":"https:\/\/old.elusvali.ee\/lt\/prek\u0117\/ekologiski-marantos-saknu-miltai-arrowroot-250g\/","title":{"rendered":"Ekologi\u0161ki marantos \u0161akn\u0173 miltai &#8211; arrowroot &#8211; 250g"},"content":{"rendered":"<div class=\"mb-3 product-characteristics\" data-v-14376a0b=\"\">\n<div data-v-14376a0b=\"\">Maranta, marantos miltai, arrowroot, taip pat arrowroot miltai &#8211; visi \u0161ie pavadinimai paprastai rei\u0161kia t\u0105 pat\u012f produkt\u0105. Tai krakmolas, gaminamas i\u0161 atogr\u0105\u017e\u0173 kilm\u0117s augalo &#8211; marantos \u0161akn\u0173. Maranta yra vaistinis augalas, tod\u0117l miltai yra begr\u016bd\u017eiai ir <strong>beglitimiai.<\/strong><\/div>\n<div data-v-14376a0b=\"\"><\/div>\n<\/div>\n<div data-v-14376a0b=\"\">Tinka naudoti kaip tir\u0161tikl\u012f sriubose, pada\u017euose ar kepiniuose. Daugelyje recept\u0173 kukur\u016bz\u0173 miltai arba kukur\u016bz\u0173 krakmolas pakei\u010diami marantos \u0161akn\u0173 miltais.<\/div>\n<div data-v-14376a0b=\"\"><\/div>\n<div data-v-14376a0b=\"\"><strong>Sudedamosios dalys:<\/strong> marantos \u0161aknis i\u0161 kontroliuojamos ekologin\u0117s \u017eemdirbyst\u0117s.<\/div>\n<div data-v-14376a0b=\"\"><\/div>\n<div data-v-14376a0b=\"\">Be GMO, be glitimo, be gr\u016bd\u0173, be rie\u0161ut\u0173, ekologi\u0161kas.<\/div>\n<div data-v-14376a0b=\"\"><\/div>\n<div data-v-14376a0b=\"\">250 ml skys\u010dio naudokite 1 valgom\u0105j\u012f \u0161auk\u0161t\u0105 milt\u0173. Prie\u0161 naudojim\u0105 i\u0161tirpinkite \u0161altame vandenyje.<\/div>\n<div data-v-14376a0b=\"\"><\/div>\n<div data-v-14376a0b=\"\">I\u0161bandykite marantos \u0161aknies miltus \u0161iame <a href=\"https:\/\/purenature.lt\/pavojingos-kanapes\/\">puri\u0173 blyn\u0173<\/a> recepte.<\/div>\n<div data-v-14376a0b=\"\"><\/div>\n","protected":false},"excerpt":{"rendered":"<p>Marantos \u0161akn\u0173 miltai &#8211; tai krakmolas, pagamintas i\u0161 atogr\u0105\u017e\u0173 augalo marantos \u0161akn\u0173, kuris idealiai tinka naudoti kaip tir\u0161tiklis sriubose ar kepiniuose. Daugelyje recept\u0173 kukur\u016bz\u0173 miltai arba kukur\u016bz\u0173 krakmolas pakei\u010diami marantos \u0161akn\u0173 miltais.<\/p>\n","protected":false},"featured_media":32258,"comment_status":"open","ping_status":"closed","template":"","meta":{"_acf_changed":false},"product_brand":[],"product_cat":[444,483],"product_tag":[],"class_list":{"0":"post-36066","1":"product","2":"type-product","3":"status-publish","4":"has-post-thumbnail","6":"product_cat-namu-virtuve","7":"product_cat-sausos-prekes","9":"first","10":"instock","11":"taxable","12":"shipping-taxable","13":"purchasable","14":"product-type-simple"},"acf":[],"yoast_head":"<!-- This site is optimized with the Yoast SEO plugin v25.3.1 - https:\/\/yoast.com\/wordpress\/plugins\/seo\/ -->\n<title>Ekologi\u0161ki marantos \u0161akn\u0173 miltai - arrowroot - 250g - Pure Nature<\/title>\n<meta name=\"description\" content=\"Sveikesn\u0117 alternatyva kukur\u016bz\u0173 miltams arba kukur\u016bz\u0173 krakmolui. Ekologi\u0161ki, be glitimo, be joki\u0173 pried\u0173.\" \/>\n<meta name=\"robots\" content=\"noindex, follow, max-snippet:-1, max-image-preview:large, max-video-preview:-1\" \/>\n<meta property=\"og:locale\" content=\"lt_LT\" \/>\n<meta property=\"og:type\" content=\"article\" \/>\n<meta property=\"og:title\" content=\"Ekologi\u0161ki marantos \u0161akn\u0173 miltai - arrowroot - 250g - Pure Nature\" \/>\n<meta property=\"og:description\" content=\"Sveikesn\u0117 alternatyva kukur\u016bz\u0173 miltams arba kukur\u016bz\u0173 krakmolui. Ekologi\u0161ki, be glitimo, be joki\u0173 pried\u0173.\" \/>\n<meta property=\"og:url\" content=\"https:\/\/old.elusvali.ee\/lt\/prek\u0117\/ekologiski-marantos-saknu-miltai-arrowroot-250g\/\" \/>\n<meta property=\"og:site_name\" content=\"Elusv&auml;li\" \/>\n<meta property=\"article:publisher\" content=\"https:\/\/www.facebook.com\/profile.php?id=100064131067985\" \/>\n<meta property=\"article:modified_time\" content=\"2025-05-26T12:30:10+00:00\" \/>\n<meta property=\"og:image\" content=\"https:\/\/purenature.lt\/wp-content\/uploads\/2023\/07\/Piec-Prezemian-Maranta-juur-arrowroot-jahu.jpg\" \/>\n\t<meta property=\"og:image:width\" content=\"1500\" \/>\n\t<meta property=\"og:image:height\" content=\"1500\" \/>\n\t<meta property=\"og:image:type\" content=\"image\/jpeg\" \/>\n<meta name=\"twitter:card\" content=\"summary_large_image\" \/>\n<meta name=\"twitter:label1\" content=\"Est. reading time\" \/>\n\t<meta name=\"twitter:data1\" content=\"1 minut\u0117\" \/>\n<script type=\"application\/ld+json\" class=\"yoast-schema-graph\">{\"@context\":\"https:\/\/schema.org\",\"@graph\":[{\"@type\":\"WebPage\",\"@id\":\"https:\/\/old.elusvali.ee\/lt\/prek\u0117\/ekologiski-marantos-saknu-miltai-arrowroot-250g\/\",\"url\":\"https:\/\/old.elusvali.ee\/lt\/prek\u0117\/ekologiski-marantos-saknu-miltai-arrowroot-250g\/\",\"name\":\"Ekologi\u0161ki marantos \u0161akn\u0173 miltai - arrowroot - 250g - Pure Nature\",\"isPartOf\":{\"@id\":\"https:\/\/old.elusvali.ee\/lt\/#website\"},\"primaryImageOfPage\":{\"@id\":\"https:\/\/old.elusvali.ee\/lt\/prek\u0117\/ekologiski-marantos-saknu-miltai-arrowroot-250g\/#primaryimage\"},\"image\":{\"@id\":\"https:\/\/old.elusvali.ee\/lt\/prek\u0117\/ekologiski-marantos-saknu-miltai-arrowroot-250g\/#primaryimage\"},\"thumbnailUrl\":\"https:\/\/old.elusvali.ee\/wp-content\/uploads\/2023\/07\/Piec-Prezemian-Maranta-juur-arrowroot-jahu.jpg\",\"datePublished\":\"2023-03-14T15:48:37+00:00\",\"dateModified\":\"2025-05-26T12:30:10+00:00\",\"description\":\"Sveikesn\u0117 alternatyva kukur\u016bz\u0173 miltams arba kukur\u016bz\u0173 krakmolui. Ekologi\u0161ki, be glitimo, be joki\u0173 pried\u0173.\",\"breadcrumb\":{\"@id\":\"https:\/\/old.elusvali.ee\/lt\/prek\u0117\/ekologiski-marantos-saknu-miltai-arrowroot-250g\/#breadcrumb\"},\"inLanguage\":\"lt-LT\",\"potentialAction\":[{\"@type\":\"ReadAction\",\"target\":[\"https:\/\/old.elusvali.ee\/lt\/prek\u0117\/ekologiski-marantos-saknu-miltai-arrowroot-250g\/\"]}]},{\"@type\":\"ImageObject\",\"inLanguage\":\"lt-LT\",\"@id\":\"https:\/\/old.elusvali.ee\/lt\/prek\u0117\/ekologiski-marantos-saknu-miltai-arrowroot-250g\/#primaryimage\",\"url\":\"https:\/\/old.elusvali.ee\/wp-content\/uploads\/2023\/07\/Piec-Prezemian-Maranta-juur-arrowroot-jahu.jpg\",\"contentUrl\":\"https:\/\/old.elusvali.ee\/wp-content\/uploads\/2023\/07\/Piec-Prezemian-Maranta-juur-arrowroot-jahu.jpg\",\"width\":1500,\"height\":1500},{\"@type\":\"BreadcrumbList\",\"@id\":\"https:\/\/old.elusvali.ee\/lt\/prek\u0117\/ekologiski-marantos-saknu-miltai-arrowroot-250g\/#breadcrumb\",\"itemListElement\":[{\"@type\":\"ListItem\",\"position\":1,\"name\":\"Home\",\"item\":\"https:\/\/old.elusvali.ee\/lt\/\"},{\"@type\":\"ListItem\",\"position\":2,\"name\":\"Elektronin\u0117 parduotuv\u0117\",\"item\":\"https:\/\/purenature.lt\/parduotuve\/\"},{\"@type\":\"ListItem\",\"position\":3,\"name\":\"Ekologi\u0161ki marantos \u0161akn\u0173 miltai &#8211; arrowroot &#8211; 250g\"}]},{\"@type\":\"WebSite\",\"@id\":\"https:\/\/old.elusvali.ee\/lt\/#website\",\"url\":\"https:\/\/old.elusvali.ee\/lt\/\",\"name\":\"Elusv\u00e4li\",\"description\":\"Puhas k&ouml;&ouml;k ja koduapteek\",\"publisher\":{\"@id\":\"https:\/\/old.elusvali.ee\/lt\/#organization\"},\"potentialAction\":[{\"@type\":\"SearchAction\",\"target\":{\"@type\":\"EntryPoint\",\"urlTemplate\":\"https:\/\/old.elusvali.ee\/lt\/?s={search_term_string}\"},\"query-input\":{\"@type\":\"PropertyValueSpecification\",\"valueRequired\":true,\"valueName\":\"search_term_string\"}}],\"inLanguage\":\"lt-LT\"},{\"@type\":\"Organization\",\"@id\":\"https:\/\/old.elusvali.ee\/lt\/#organization\",\"name\":\"Elusv\u00e4li\",\"url\":\"https:\/\/old.elusvali.ee\/lt\/\",\"logo\":{\"@type\":\"ImageObject\",\"inLanguage\":\"lt-LT\",\"@id\":\"https:\/\/old.elusvali.ee\/lt\/#\/schema\/logo\/image\/\",\"url\":\"https:\/\/purenature.lt\/wp-content\/uploads\/2023\/07\/logo.png\",\"contentUrl\":\"https:\/\/purenature.lt\/wp-content\/uploads\/2023\/07\/logo.png\",\"width\":526,\"height\":146,\"caption\":\"Elusv\u00e4li\"},\"image\":{\"@id\":\"https:\/\/old.elusvali.ee\/lt\/#\/schema\/logo\/image\/\"},\"sameAs\":[\"https:\/\/www.facebook.com\/profile.php?id=100064131067985\",\"https:\/\/www.instagram.com\/elusvali\/\",\"https:\/\/www.youtube.com\/@elusvali2110\"]}]}<\/script>\n<!-- \/ Yoast SEO plugin. -->","yoast_head_json":{"title":"Ekologi\u0161ki marantos \u0161akn\u0173 miltai - arrowroot - 250g - Pure Nature","description":"Sveikesn\u0117 alternatyva kukur\u016bz\u0173 miltams arba kukur\u016bz\u0173 krakmolui. Ekologi\u0161ki, be glitimo, be joki\u0173 pried\u0173.","robots":{"index":"noindex","follow":"follow","max-snippet":"max-snippet:-1","max-image-preview":"max-image-preview:large","max-video-preview":"max-video-preview:-1"},"og_locale":"lt_LT","og_type":"article","og_title":"Ekologi\u0161ki marantos \u0161akn\u0173 miltai - arrowroot - 250g - Pure Nature","og_description":"Sveikesn\u0117 alternatyva kukur\u016bz\u0173 miltams arba kukur\u016bz\u0173 krakmolui. Ekologi\u0161ki, be glitimo, be joki\u0173 pried\u0173.","og_url":"https:\/\/old.elusvali.ee\/lt\/prek\u0117\/ekologiski-marantos-saknu-miltai-arrowroot-250g\/","og_site_name":"Elusv&auml;li","article_publisher":"https:\/\/www.facebook.com\/profile.php?id=100064131067985","article_modified_time":"2025-05-26T12:30:10+00:00","og_image":[{"width":1500,"height":1500,"url":"https:\/\/purenature.lt\/wp-content\/uploads\/2023\/07\/Piec-Prezemian-Maranta-juur-arrowroot-jahu.jpg","type":"image\/jpeg"}],"twitter_card":"summary_large_image","twitter_misc":{"Est. reading time":"1 minut\u0117"},"schema":{"@context":"https:\/\/schema.org","@graph":[{"@type":"WebPage","@id":"https:\/\/old.elusvali.ee\/lt\/prek\u0117\/ekologiski-marantos-saknu-miltai-arrowroot-250g\/","url":"https:\/\/old.elusvali.ee\/lt\/prek\u0117\/ekologiski-marantos-saknu-miltai-arrowroot-250g\/","name":"Ekologi\u0161ki marantos \u0161akn\u0173 miltai - arrowroot - 250g - Pure Nature","isPartOf":{"@id":"https:\/\/old.elusvali.ee\/lt\/#website"},"primaryImageOfPage":{"@id":"https:\/\/old.elusvali.ee\/lt\/prek\u0117\/ekologiski-marantos-saknu-miltai-arrowroot-250g\/#primaryimage"},"image":{"@id":"https:\/\/old.elusvali.ee\/lt\/prek\u0117\/ekologiski-marantos-saknu-miltai-arrowroot-250g\/#primaryimage"},"thumbnailUrl":"https:\/\/old.elusvali.ee\/wp-content\/uploads\/2023\/07\/Piec-Prezemian-Maranta-juur-arrowroot-jahu.jpg","datePublished":"2023-03-14T15:48:37+00:00","dateModified":"2025-05-26T12:30:10+00:00","description":"Sveikesn\u0117 alternatyva kukur\u016bz\u0173 miltams arba kukur\u016bz\u0173 krakmolui. Ekologi\u0161ki, be glitimo, be joki\u0173 pried\u0173.","breadcrumb":{"@id":"https:\/\/old.elusvali.ee\/lt\/prek\u0117\/ekologiski-marantos-saknu-miltai-arrowroot-250g\/#breadcrumb"},"inLanguage":"lt-LT","potentialAction":[{"@type":"ReadAction","target":["https:\/\/old.elusvali.ee\/lt\/prek\u0117\/ekologiski-marantos-saknu-miltai-arrowroot-250g\/"]}]},{"@type":"ImageObject","inLanguage":"lt-LT","@id":"https:\/\/old.elusvali.ee\/lt\/prek\u0117\/ekologiski-marantos-saknu-miltai-arrowroot-250g\/#primaryimage","url":"https:\/\/old.elusvali.ee\/wp-content\/uploads\/2023\/07\/Piec-Prezemian-Maranta-juur-arrowroot-jahu.jpg","contentUrl":"https:\/\/old.elusvali.ee\/wp-content\/uploads\/2023\/07\/Piec-Prezemian-Maranta-juur-arrowroot-jahu.jpg","width":1500,"height":1500},{"@type":"BreadcrumbList","@id":"https:\/\/old.elusvali.ee\/lt\/prek\u0117\/ekologiski-marantos-saknu-miltai-arrowroot-250g\/#breadcrumb","itemListElement":[{"@type":"ListItem","position":1,"name":"Home","item":"https:\/\/old.elusvali.ee\/lt\/"},{"@type":"ListItem","position":2,"name":"Elektronin\u0117 parduotuv\u0117","item":"https:\/\/purenature.lt\/parduotuve\/"},{"@type":"ListItem","position":3,"name":"Ekologi\u0161ki marantos \u0161akn\u0173 miltai &#8211; arrowroot &#8211; 250g"}]},{"@type":"WebSite","@id":"https:\/\/old.elusvali.ee\/lt\/#website","url":"https:\/\/old.elusvali.ee\/lt\/","name":"Elusv\u00e4li","description":"Puhas k&ouml;&ouml;k ja koduapteek","publisher":{"@id":"https:\/\/old.elusvali.ee\/lt\/#organization"},"potentialAction":[{"@type":"SearchAction","target":{"@type":"EntryPoint","urlTemplate":"https:\/\/old.elusvali.ee\/lt\/?s={search_term_string}"},"query-input":{"@type":"PropertyValueSpecification","valueRequired":true,"valueName":"search_term_string"}}],"inLanguage":"lt-LT"},{"@type":"Organization","@id":"https:\/\/old.elusvali.ee\/lt\/#organization","name":"Elusv\u00e4li","url":"https:\/\/old.elusvali.ee\/lt\/","logo":{"@type":"ImageObject","inLanguage":"lt-LT","@id":"https:\/\/old.elusvali.ee\/lt\/#\/schema\/logo\/image\/","url":"https:\/\/purenature.lt\/wp-content\/uploads\/2023\/07\/logo.png","contentUrl":"https:\/\/purenature.lt\/wp-content\/uploads\/2023\/07\/logo.png","width":526,"height":146,"caption":"Elusv\u00e4li"},"image":{"@id":"https:\/\/old.elusvali.ee\/lt\/#\/schema\/logo\/image\/"},"sameAs":["https:\/\/www.facebook.com\/profile.php?id=100064131067985","https:\/\/www.instagram.com\/elusvali\/","https:\/\/www.youtube.com\/@elusvali2110"]}]}},"_links":{"self":[{"href":"https:\/\/old.elusvali.ee\/lt\/wp-json\/wp\/v2\/product\/36066","targetHints":{"allow":["GET"]}}],"collection":[{"href":"https:\/\/old.elusvali.ee\/lt\/wp-json\/wp\/v2\/product"}],"about":[{"href":"https:\/\/old.elusvali.ee\/lt\/wp-json\/wp\/v2\/types\/product"}],"replies":[{"embeddable":true,"href":"https:\/\/old.elusvali.ee\/lt\/wp-json\/wp\/v2\/comments?post=36066"}],"version-history":[{"count":0,"href":"https:\/\/old.elusvali.ee\/lt\/wp-json\/wp\/v2\/product\/36066\/revisions"}],"wp:featuredmedia":[{"embeddable":true,"href":"https:\/\/old.elusvali.ee\/lt\/wp-json\/wp\/v2\/media\/32258"}],"wp:attachment":[{"href":"https:\/\/old.elusvali.ee\/lt\/wp-json\/wp\/v2\/media?parent=36066"}],"wp:term":[{"taxonomy":"product_brand","embeddable":true,"href":"https:\/\/old.elusvali.ee\/lt\/wp-json\/wp\/v2\/product_brand?post=36066"},{"taxonomy":"product_cat","embeddable":true,"href":"https:\/\/old.elusvali.ee\/lt\/wp-json\/wp\/v2\/product_cat?post=36066"},{"taxonomy":"product_tag","embeddable":true,"href":"https:\/\/old.elusvali.ee\/lt\/wp-json\/wp\/v2\/product_tag?post=36066"}],"curies":[{"name":"wp","href":"https:\/\/api.w.org\/{rel}","templated":true}]}}