{"id":36065,"date":"2023-02-14T13:45:34","date_gmt":"2023-02-14T11:45:34","guid":{"rendered":"https:\/\/old.elusvali.ee\/product\/tapijokos-krakmolas-400g-ekologiska-bio-planet\/"},"modified":"2025-07-04T18:33:35","modified_gmt":"2025-07-04T15:33:35","slug":"tapijokos-krakmolas-400g-ekologiska-bio-planet","status":"publish","type":"product","link":"https:\/\/old.elusvali.ee\/lt\/prek\u0117\/tapijokos-krakmolas-400g-ekologiska-bio-planet\/","title":{"rendered":"Ekologi\u0161kas tapijokos krakmolas 400g | Bio Planet"},"content":{"rendered":"<p>Tapijokos krakmolas &#8211; tai krakmolas, gaminamas i\u0161 maniokos augalo \u0161akn\u0173. Nepainioti su maniok\u0173 miltais, kuriems netaikomas specialus krakmolo gamybos procesas.<\/p>\n<p>Jei ie\u0161kote manioko milt\u0173, juos galite rasti \u0161tai <a href=\"https:\/\/purenature.lt\/prek%C4%97\/ekologiski-manioku-miltai-1kg-greenest\/\">\u010dia.<\/a><\/p>\n<p>Tapijokos krakmolas yra be glitimo, gr\u016bd\u0173 ir rie\u0161ut\u0173, tod\u0117l puikiai tinka kepiniams be glitimo. Tapijokos krakmolas gaminant maist\u0105 naudojamas kaip ir bet kuris kitas krakmolas &#8211; juo tir\u0161tinamos sriubos, tro\u0161kiniai, pada\u017eai, jis taip pat naudojamas kepiniams.<\/p>\n<p>Gaminant u\u017etenka vos vieno arbatinio \u0161auk\u0161telio, tod\u0117l pakuot\u0117s u\u017etenka ilgam.<\/p>\n<p><strong>Alternatyva kepiniams be glitimo.<\/strong><\/p>\n<p>Tapijokos krakmolas nepakei\u010diamas virtuv\u0117se, kuriose ruo\u0161iama daug desert\u0173 ir kepini\u0173 be glitimo.<\/p>\n<ul>\n<li>Neutralus skonis<\/li>\n<li>Grynos sud\u0117ties<\/li>\n<li>Be rie\u0161ut\u0173<\/li>\n<li>Be gr\u016bd\u0173<\/li>\n<li>Naudoti kaip \u012fprast\u0105 krakmol\u0105<\/li>\n<li>I\u0161 kontroliuojam\u0173 ekologini\u0173 \u016bki\u0173<\/li>\n<\/ul>\n","protected":false},"excerpt":{"rendered":"<p>Tapijokos krakmolas gaminant maist\u0105 naudojamas kaip ir bet kuris kitas krakmolas &#8211; tir\u0161tinant sriubas, tro\u0161kinius ar pada\u017eus. Taip pat tapijokos krakmolas nepakei\u010diamas virtuv\u0117se, kuriose ruo\u0161iama daug desert\u0173 ir kepini\u0173 be glitimo.<\/p>\n<p>Gaminant u\u017etenka vos vieno arbatinio \u0161auk\u0161telio, tod\u0117l pakuot\u0117s u\u017etenka ilgam.<\/p>\n","protected":false},"featured_media":32240,"comment_status":"open","ping_status":"closed","template":"","meta":{"_acf_changed":false},"product_brand":[],"product_cat":[444,483],"product_tag":[],"class_list":{"0":"post-36065","1":"product","2":"type-product","3":"status-publish","4":"has-post-thumbnail","6":"product_cat-namu-virtuve","7":"product_cat-sausos-prekes","9":"first","10":"instock","11":"taxable","12":"shipping-taxable","13":"purchasable","14":"product-type-simple"},"acf":[],"yoast_head":"<!-- This site is optimized with the Yoast SEO plugin v25.3.1 - https:\/\/yoast.com\/wordpress\/plugins\/seo\/ -->\n<title>Ekologi\u0161kas tapijokos krakmolas 400g | Bio Planet - Pure Nature<\/title>\n<meta name=\"description\" content=\"Tapijokos krakmolas yra be glitimo, tod\u0117l puikiai tinka maisto gamybai be glitimo. Naudojamas kaip ir bet kuris kitas krakmolas - tir\u0161tinamos sriubos, tro\u0161kiniai, pada\u017eai, naudojamas kepiniams.\" \/>\n<meta name=\"robots\" content=\"noindex, follow, max-snippet:-1, max-image-preview:large, max-video-preview:-1\" \/>\n<meta property=\"og:locale\" content=\"lt_LT\" \/>\n<meta property=\"og:type\" content=\"article\" \/>\n<meta property=\"og:title\" content=\"Ekologi\u0161kas tapijokos krakmolas 400g | Bio Planet - Pure Nature\" \/>\n<meta property=\"og:description\" content=\"Tapijokos krakmolas yra be glitimo, tod\u0117l puikiai tinka maisto gamybai be glitimo. Naudojamas kaip ir bet kuris kitas krakmolas - tir\u0161tinamos sriubos, tro\u0161kiniai, pada\u017eai, naudojamas kepiniams.\" \/>\n<meta property=\"og:url\" content=\"https:\/\/old.elusvali.ee\/lt\/prek\u0117\/tapijokos-krakmolas-400g-ekologiska-bio-planet\/\" \/>\n<meta property=\"og:site_name\" content=\"Elusv&auml;li\" \/>\n<meta property=\"article:publisher\" content=\"https:\/\/www.facebook.com\/profile.php?id=100064131067985\" \/>\n<meta property=\"article:modified_time\" content=\"2025-07-04T15:33:35+00:00\" \/>\n<meta property=\"og:image\" content=\"https:\/\/purenature.lt\/wp-content\/uploads\/2023\/07\/Bio-Planet-mahe-tapiokitarklis-tapiokijahu-tapioki-400g.jpg\" \/>\n\t<meta property=\"og:image:width\" content=\"1500\" \/>\n\t<meta property=\"og:image:height\" content=\"1500\" \/>\n\t<meta property=\"og:image:type\" content=\"image\/jpeg\" \/>\n<meta name=\"twitter:card\" content=\"summary_large_image\" \/>\n<meta name=\"twitter:label1\" content=\"Est. reading time\" \/>\n\t<meta name=\"twitter:data1\" content=\"1 minut\u0117\" \/>\n<script type=\"application\/ld+json\" class=\"yoast-schema-graph\">{\"@context\":\"https:\/\/schema.org\",\"@graph\":[{\"@type\":\"WebPage\",\"@id\":\"https:\/\/old.elusvali.ee\/lt\/prek\u0117\/tapijokos-krakmolas-400g-ekologiska-bio-planet\/\",\"url\":\"https:\/\/old.elusvali.ee\/lt\/prek\u0117\/tapijokos-krakmolas-400g-ekologiska-bio-planet\/\",\"name\":\"Ekologi\u0161kas tapijokos krakmolas 400g | Bio Planet - Pure Nature\",\"isPartOf\":{\"@id\":\"https:\/\/old.elusvali.ee\/lt\/#website\"},\"primaryImageOfPage\":{\"@id\":\"https:\/\/old.elusvali.ee\/lt\/prek\u0117\/tapijokos-krakmolas-400g-ekologiska-bio-planet\/#primaryimage\"},\"image\":{\"@id\":\"https:\/\/old.elusvali.ee\/lt\/prek\u0117\/tapijokos-krakmolas-400g-ekologiska-bio-planet\/#primaryimage\"},\"thumbnailUrl\":\"https:\/\/old.elusvali.ee\/wp-content\/uploads\/2023\/07\/Bio-Planet-mahe-tapiokitarklis-tapiokijahu-tapioki-400g.jpg\",\"datePublished\":\"2023-02-14T11:45:34+00:00\",\"dateModified\":\"2025-07-04T15:33:35+00:00\",\"description\":\"Tapijokos krakmolas yra be glitimo, tod\u0117l puikiai tinka maisto gamybai be glitimo. Naudojamas kaip ir bet kuris kitas krakmolas - tir\u0161tinamos sriubos, tro\u0161kiniai, pada\u017eai, naudojamas kepiniams.\",\"breadcrumb\":{\"@id\":\"https:\/\/old.elusvali.ee\/lt\/prek\u0117\/tapijokos-krakmolas-400g-ekologiska-bio-planet\/#breadcrumb\"},\"inLanguage\":\"lt-LT\",\"potentialAction\":[{\"@type\":\"ReadAction\",\"target\":[\"https:\/\/old.elusvali.ee\/lt\/prek\u0117\/tapijokos-krakmolas-400g-ekologiska-bio-planet\/\"]}]},{\"@type\":\"ImageObject\",\"inLanguage\":\"lt-LT\",\"@id\":\"https:\/\/old.elusvali.ee\/lt\/prek\u0117\/tapijokos-krakmolas-400g-ekologiska-bio-planet\/#primaryimage\",\"url\":\"https:\/\/old.elusvali.ee\/wp-content\/uploads\/2023\/07\/Bio-Planet-mahe-tapiokitarklis-tapiokijahu-tapioki-400g.jpg\",\"contentUrl\":\"https:\/\/old.elusvali.ee\/wp-content\/uploads\/2023\/07\/Bio-Planet-mahe-tapiokitarklis-tapiokijahu-tapioki-400g.jpg\",\"width\":1500,\"height\":1500,\"caption\":\"Tapijokos krakmolas\"},{\"@type\":\"BreadcrumbList\",\"@id\":\"https:\/\/old.elusvali.ee\/lt\/prek\u0117\/tapijokos-krakmolas-400g-ekologiska-bio-planet\/#breadcrumb\",\"itemListElement\":[{\"@type\":\"ListItem\",\"position\":1,\"name\":\"Home\",\"item\":\"https:\/\/old.elusvali.ee\/lt\/\"},{\"@type\":\"ListItem\",\"position\":2,\"name\":\"Elektronin\u0117 parduotuv\u0117\",\"item\":\"https:\/\/purenature.lt\/parduotuve\/\"},{\"@type\":\"ListItem\",\"position\":3,\"name\":\"Ekologi\u0161kas tapijokos krakmolas 400g | Bio Planet\"}]},{\"@type\":\"WebSite\",\"@id\":\"https:\/\/old.elusvali.ee\/lt\/#website\",\"url\":\"https:\/\/old.elusvali.ee\/lt\/\",\"name\":\"Elusv\u00e4li\",\"description\":\"Puhas k&ouml;&ouml;k ja koduapteek\",\"publisher\":{\"@id\":\"https:\/\/old.elusvali.ee\/lt\/#organization\"},\"potentialAction\":[{\"@type\":\"SearchAction\",\"target\":{\"@type\":\"EntryPoint\",\"urlTemplate\":\"https:\/\/old.elusvali.ee\/lt\/?s={search_term_string}\"},\"query-input\":{\"@type\":\"PropertyValueSpecification\",\"valueRequired\":true,\"valueName\":\"search_term_string\"}}],\"inLanguage\":\"lt-LT\"},{\"@type\":\"Organization\",\"@id\":\"https:\/\/old.elusvali.ee\/lt\/#organization\",\"name\":\"Elusv\u00e4li\",\"url\":\"https:\/\/old.elusvali.ee\/lt\/\",\"logo\":{\"@type\":\"ImageObject\",\"inLanguage\":\"lt-LT\",\"@id\":\"https:\/\/old.elusvali.ee\/lt\/#\/schema\/logo\/image\/\",\"url\":\"https:\/\/purenature.lt\/wp-content\/uploads\/2023\/07\/logo.png\",\"contentUrl\":\"https:\/\/purenature.lt\/wp-content\/uploads\/2023\/07\/logo.png\",\"width\":526,\"height\":146,\"caption\":\"Elusv\u00e4li\"},\"image\":{\"@id\":\"https:\/\/old.elusvali.ee\/lt\/#\/schema\/logo\/image\/\"},\"sameAs\":[\"https:\/\/www.facebook.com\/profile.php?id=100064131067985\",\"https:\/\/www.instagram.com\/elusvali\/\",\"https:\/\/www.youtube.com\/@elusvali2110\"]}]}<\/script>\n<!-- \/ Yoast SEO plugin. -->","yoast_head_json":{"title":"Ekologi\u0161kas tapijokos krakmolas 400g | Bio Planet - Pure Nature","description":"Tapijokos krakmolas yra be glitimo, tod\u0117l puikiai tinka maisto gamybai be glitimo. Naudojamas kaip ir bet kuris kitas krakmolas - tir\u0161tinamos sriubos, tro\u0161kiniai, pada\u017eai, naudojamas kepiniams.","robots":{"index":"noindex","follow":"follow","max-snippet":"max-snippet:-1","max-image-preview":"max-image-preview:large","max-video-preview":"max-video-preview:-1"},"og_locale":"lt_LT","og_type":"article","og_title":"Ekologi\u0161kas tapijokos krakmolas 400g | Bio Planet - Pure Nature","og_description":"Tapijokos krakmolas yra be glitimo, tod\u0117l puikiai tinka maisto gamybai be glitimo. Naudojamas kaip ir bet kuris kitas krakmolas - tir\u0161tinamos sriubos, tro\u0161kiniai, pada\u017eai, naudojamas kepiniams.","og_url":"https:\/\/old.elusvali.ee\/lt\/prek\u0117\/tapijokos-krakmolas-400g-ekologiska-bio-planet\/","og_site_name":"Elusv&auml;li","article_publisher":"https:\/\/www.facebook.com\/profile.php?id=100064131067985","article_modified_time":"2025-07-04T15:33:35+00:00","og_image":[{"width":1500,"height":1500,"url":"https:\/\/purenature.lt\/wp-content\/uploads\/2023\/07\/Bio-Planet-mahe-tapiokitarklis-tapiokijahu-tapioki-400g.jpg","type":"image\/jpeg"}],"twitter_card":"summary_large_image","twitter_misc":{"Est. reading time":"1 minut\u0117"},"schema":{"@context":"https:\/\/schema.org","@graph":[{"@type":"WebPage","@id":"https:\/\/old.elusvali.ee\/lt\/prek\u0117\/tapijokos-krakmolas-400g-ekologiska-bio-planet\/","url":"https:\/\/old.elusvali.ee\/lt\/prek\u0117\/tapijokos-krakmolas-400g-ekologiska-bio-planet\/","name":"Ekologi\u0161kas tapijokos krakmolas 400g | Bio Planet - Pure Nature","isPartOf":{"@id":"https:\/\/old.elusvali.ee\/lt\/#website"},"primaryImageOfPage":{"@id":"https:\/\/old.elusvali.ee\/lt\/prek\u0117\/tapijokos-krakmolas-400g-ekologiska-bio-planet\/#primaryimage"},"image":{"@id":"https:\/\/old.elusvali.ee\/lt\/prek\u0117\/tapijokos-krakmolas-400g-ekologiska-bio-planet\/#primaryimage"},"thumbnailUrl":"https:\/\/old.elusvali.ee\/wp-content\/uploads\/2023\/07\/Bio-Planet-mahe-tapiokitarklis-tapiokijahu-tapioki-400g.jpg","datePublished":"2023-02-14T11:45:34+00:00","dateModified":"2025-07-04T15:33:35+00:00","description":"Tapijokos krakmolas yra be glitimo, tod\u0117l puikiai tinka maisto gamybai be glitimo. Naudojamas kaip ir bet kuris kitas krakmolas - tir\u0161tinamos sriubos, tro\u0161kiniai, pada\u017eai, naudojamas kepiniams.","breadcrumb":{"@id":"https:\/\/old.elusvali.ee\/lt\/prek\u0117\/tapijokos-krakmolas-400g-ekologiska-bio-planet\/#breadcrumb"},"inLanguage":"lt-LT","potentialAction":[{"@type":"ReadAction","target":["https:\/\/old.elusvali.ee\/lt\/prek\u0117\/tapijokos-krakmolas-400g-ekologiska-bio-planet\/"]}]},{"@type":"ImageObject","inLanguage":"lt-LT","@id":"https:\/\/old.elusvali.ee\/lt\/prek\u0117\/tapijokos-krakmolas-400g-ekologiska-bio-planet\/#primaryimage","url":"https:\/\/old.elusvali.ee\/wp-content\/uploads\/2023\/07\/Bio-Planet-mahe-tapiokitarklis-tapiokijahu-tapioki-400g.jpg","contentUrl":"https:\/\/old.elusvali.ee\/wp-content\/uploads\/2023\/07\/Bio-Planet-mahe-tapiokitarklis-tapiokijahu-tapioki-400g.jpg","width":1500,"height":1500,"caption":"Tapijokos krakmolas"},{"@type":"BreadcrumbList","@id":"https:\/\/old.elusvali.ee\/lt\/prek\u0117\/tapijokos-krakmolas-400g-ekologiska-bio-planet\/#breadcrumb","itemListElement":[{"@type":"ListItem","position":1,"name":"Home","item":"https:\/\/old.elusvali.ee\/lt\/"},{"@type":"ListItem","position":2,"name":"Elektronin\u0117 parduotuv\u0117","item":"https:\/\/purenature.lt\/parduotuve\/"},{"@type":"ListItem","position":3,"name":"Ekologi\u0161kas tapijokos krakmolas 400g | Bio Planet"}]},{"@type":"WebSite","@id":"https:\/\/old.elusvali.ee\/lt\/#website","url":"https:\/\/old.elusvali.ee\/lt\/","name":"Elusv\u00e4li","description":"Puhas k&ouml;&ouml;k ja koduapteek","publisher":{"@id":"https:\/\/old.elusvali.ee\/lt\/#organization"},"potentialAction":[{"@type":"SearchAction","target":{"@type":"EntryPoint","urlTemplate":"https:\/\/old.elusvali.ee\/lt\/?s={search_term_string}"},"query-input":{"@type":"PropertyValueSpecification","valueRequired":true,"valueName":"search_term_string"}}],"inLanguage":"lt-LT"},{"@type":"Organization","@id":"https:\/\/old.elusvali.ee\/lt\/#organization","name":"Elusv\u00e4li","url":"https:\/\/old.elusvali.ee\/lt\/","logo":{"@type":"ImageObject","inLanguage":"lt-LT","@id":"https:\/\/old.elusvali.ee\/lt\/#\/schema\/logo\/image\/","url":"https:\/\/purenature.lt\/wp-content\/uploads\/2023\/07\/logo.png","contentUrl":"https:\/\/purenature.lt\/wp-content\/uploads\/2023\/07\/logo.png","width":526,"height":146,"caption":"Elusv\u00e4li"},"image":{"@id":"https:\/\/old.elusvali.ee\/lt\/#\/schema\/logo\/image\/"},"sameAs":["https:\/\/www.facebook.com\/profile.php?id=100064131067985","https:\/\/www.instagram.com\/elusvali\/","https:\/\/www.youtube.com\/@elusvali2110"]}]}},"_links":{"self":[{"href":"https:\/\/old.elusvali.ee\/lt\/wp-json\/wp\/v2\/product\/36065","targetHints":{"allow":["GET"]}}],"collection":[{"href":"https:\/\/old.elusvali.ee\/lt\/wp-json\/wp\/v2\/product"}],"about":[{"href":"https:\/\/old.elusvali.ee\/lt\/wp-json\/wp\/v2\/types\/product"}],"replies":[{"embeddable":true,"href":"https:\/\/old.elusvali.ee\/lt\/wp-json\/wp\/v2\/comments?post=36065"}],"version-history":[{"count":0,"href":"https:\/\/old.elusvali.ee\/lt\/wp-json\/wp\/v2\/product\/36065\/revisions"}],"wp:featuredmedia":[{"embeddable":true,"href":"https:\/\/old.elusvali.ee\/lt\/wp-json\/wp\/v2\/media\/32240"}],"wp:attachment":[{"href":"https:\/\/old.elusvali.ee\/lt\/wp-json\/wp\/v2\/media?parent=36065"}],"wp:term":[{"taxonomy":"product_brand","embeddable":true,"href":"https:\/\/old.elusvali.ee\/lt\/wp-json\/wp\/v2\/product_brand?post=36065"},{"taxonomy":"product_cat","embeddable":true,"href":"https:\/\/old.elusvali.ee\/lt\/wp-json\/wp\/v2\/product_cat?post=36065"},{"taxonomy":"product_tag","embeddable":true,"href":"https:\/\/old.elusvali.ee\/lt\/wp-json\/wp\/v2\/product_tag?post=36065"}],"curies":[{"name":"wp","href":"https:\/\/api.w.org\/{rel}","templated":true}]}}