{"id":36063,"date":"2023-07-18T18:37:50","date_gmt":"2023-07-18T15:37:50","guid":{"rendered":"https:\/\/old.elusvali.ee\/product\/ekologiskos-soros-600g-foodin\/"},"modified":"2025-07-04T21:32:08","modified_gmt":"2025-07-04T18:32:08","slug":"ekologiskos-soros-600g-foodin","status":"publish","type":"product","link":"https:\/\/old.elusvali.ee\/lt\/prek\u0117\/ekologiskos-soros-600g-foodin\/","title":{"rendered":"Ekologi\u0161kos soros 600g | Foodin"},"content":{"rendered":"<h1>GAL PANADYKITE SORAS VIETOJE RY\u017dI\u0172 \u0160IANDIEN?<\/h1>\n<p>Ekologi\u0161kos &#8222;Foodin&#8221; soros (<em>Panicum miliaceum<\/em>) tikriausiai yra viena seniausi\u0173 gr\u016bdini\u0173 kult\u016br\u0173 pasaulyje ir vis dar auginama visame pasaulyje. Soros yra kruopos be glitimo. T\u016bkstan\u010dius met\u0173 jos naudojamas \u017eem\u0117s \u016bkyje ir vertinamos daugelyje vietini\u0173 kult\u016br\u0173. Europoje soros auginamos jau daugiau kaip 6 000 met\u0173.<\/p>\n<p>Soros labai lengvai prisitaiko ir puikiai auga sausame ir kar\u0161tame klimate. Tod\u0117l soros yra labai populiari kult\u016bra besivystan\u010diose \u0161alyse. Sor\u0173 augimo laikotarpis yra ypa\u010d trumpas, o derlius gali b\u016bti nuimtas pra\u0117jus dviems m\u0117nesiams po pasodinimo. Spartus sor\u0173 augimas neabejotinai prisid\u0117jo prie j\u0173 populiarumo.<\/p>\n<p>Sor\u0173 kruopos &#8211; luk\u0161tentos soros yra baltym\u0173 \u0161altinis ir tinka \u012fvairioms dietoms. Soros &#8211; tai kruopos be glitimo, tod\u0117l celiakija sergantiems \u017emon\u0117ms jos yra itin geras pasirinkimas. Soros puikiai tinka kaip garnyras, tod\u0117l galima naudoti kaip alternatyv\u0105 ry\u017eiams. I\u0161 sor\u0173 taip pat galima gaminti ko\u0161\u0119. I\u0161mirkytos soros taip pat puikiai tinka \u017ealiavalgi\u0161koms ko\u0161\u0117ms ir neapdorotiems kepiniams.<\/p>\n<p><strong>KAIP PARUO\u0160TI SORAS<\/strong><br \/>\nNuplaukite soras. Soras virkite apie 25 minutes santykiu 1 dalis nuplaut\u0173 sor\u0173 prie 3 dali\u0173 vandens.<\/p>\n<p><strong>MAISTINGOS KRUOPOS IR GR\u016aDAI BE GLITIMO\u00a0<\/strong><br \/>\nKruopos ir gr\u016bdai yra universal\u016bs ingredientai ir alternatyvos vengiantiems glitimo. Populiar\u0117jant mitybai be glitimo, \u0161alia tradicini\u0173 makaron\u0173, kvie\u010di\u0173, ry\u017ei\u0173 ir avi\u017e\u0173 atsirado ir bolivin\u0117 balanda, soros bei amarantas.<\/p>\n<p>Net jei m\u0117gstate paprast\u0105 maist\u0105, nebijokite nauj\u0173 alternatyv\u0173 &#8211; kruopas ir gr\u016bdus be glitimo lengva naudoti. Jums tereikia verdan\u010dio vandens ir m\u0117gstam\u0173 prieskoni\u0173. Taip pat galite kurti naujus, skirting\u0173 kruop\u0173 derinius ir sugalvoti visi\u0161kai nauj\u0173 j\u0173 panaudojimo b\u016bd\u0173! Daugeliui ko\u0161i\u0173, likusi\u0173 nuo pusry\u010di\u0173, galima suteikti nauj\u0105 gyvenim\u0105 keksiuk\u0173 ar apkepo pavidalu. Tegul j\u016bs\u0173 vaizduot\u0117 virtuv\u0117je b\u016bna berib\u0117!<\/p>\n<p>&nbsp;<\/p>\n<p><em>*Supakuota aplinkoje, kurioje taip pat apdorojamos avi\u017eos be glitimo, rie\u0161utai (anakard\u017ei\u0173, bertoletij\u0173, pekano, makadamij\u0173, lazdyno, graikiniai ir migdolai), sezamo s\u0117klos ir pieno baltymai.<\/em><\/p>\n","protected":false},"excerpt":{"rendered":"<p>Sor\u0173 kruopos yra maistingas baltym\u0173 \u0161altinis ir yra puikus pasirinkimas \u012fvairioms dietoms bei tiems, kurie vengia glitimo.<\/p>\n<p>Sor\u0173 panaudojimas beribis &#8211; jos tinka ir saldiems, ir pikanti\u0161kiems patiekalams. Jos gali b\u016bti ir garnyras, ir pagrindinis patiekalas. Soros taip pat puikiai tinka kepiniams ir desertams. Pasitelkite fantazij\u0105, panaudokite savo m\u0117gstamus prieskonius ir m\u0117gaukites gard\u017eiais bei vertingais sor\u0173 patiekalais.<\/p>\n","protected":false},"featured_media":32742,"comment_status":"open","ping_status":"closed","template":"","meta":{"_acf_changed":false},"product_brand":[],"product_cat":[444,483],"product_tag":[484],"class_list":{"0":"post-36063","1":"product","2":"type-product","3":"status-publish","4":"has-post-thumbnail","6":"product_cat-namu-virtuve","7":"product_cat-sausos-prekes","8":"product_tag-foodin-lt","10":"first","11":"instock","12":"taxable","13":"shipping-taxable","14":"purchasable","15":"product-type-simple"},"acf":[],"yoast_head":"<!-- This site is optimized with the Yoast SEO plugin v25.3.1 - https:\/\/yoast.com\/wordpress\/plugins\/seo\/ -->\n<title>Ekologi\u0161kos soros 600g | Foodin - Pure Nature<\/title>\n<meta name=\"description\" content=\"Soros yra maistingas baltym\u0173 \u0161altinis ir tinka \u012fvairioms dietoms. Soros - tai gr\u016bdai be glitimo, tod\u0117l celiakija sergantiems \u017emon\u0117ms jos yra itin geras pasirinkimas.\" \/>\n<meta name=\"robots\" content=\"noindex, follow, max-snippet:-1, max-image-preview:large, max-video-preview:-1\" \/>\n<meta property=\"og:locale\" content=\"lt_LT\" \/>\n<meta property=\"og:type\" content=\"article\" \/>\n<meta property=\"og:title\" content=\"Ekologi\u0161kos soros 600g | Foodin - Pure Nature\" \/>\n<meta property=\"og:description\" content=\"Soros yra maistingas baltym\u0173 \u0161altinis ir tinka \u012fvairioms dietoms. Soros - tai gr\u016bdai be glitimo, tod\u0117l celiakija sergantiems \u017emon\u0117ms jos yra itin geras pasirinkimas.\" \/>\n<meta property=\"og:url\" content=\"https:\/\/old.elusvali.ee\/lt\/prek\u0117\/ekologiskos-soros-600g-foodin\/\" \/>\n<meta property=\"og:site_name\" content=\"Elusv&auml;li\" \/>\n<meta property=\"article:publisher\" content=\"https:\/\/www.facebook.com\/profile.php?id=100064131067985\" \/>\n<meta property=\"article:modified_time\" content=\"2025-07-04T18:32:08+00:00\" \/>\n<meta property=\"og:image\" content=\"https:\/\/purenature.lt\/wp-content\/uploads\/2023\/07\/KuorittuHirssi_600g.png\" \/>\n\t<meta property=\"og:image:width\" content=\"1200\" \/>\n\t<meta property=\"og:image:height\" content=\"1200\" \/>\n\t<meta property=\"og:image:type\" content=\"image\/png\" \/>\n<meta name=\"twitter:card\" content=\"summary_large_image\" \/>\n<meta name=\"twitter:label1\" content=\"Est. reading time\" \/>\n\t<meta name=\"twitter:data1\" content=\"2 minut\u0117s\" \/>\n<script type=\"application\/ld+json\" class=\"yoast-schema-graph\">{\"@context\":\"https:\/\/schema.org\",\"@graph\":[{\"@type\":\"WebPage\",\"@id\":\"https:\/\/old.elusvali.ee\/lt\/prek\u0117\/ekologiskos-soros-600g-foodin\/\",\"url\":\"https:\/\/old.elusvali.ee\/lt\/prek\u0117\/ekologiskos-soros-600g-foodin\/\",\"name\":\"Ekologi\u0161kos soros 600g | Foodin - Pure Nature\",\"isPartOf\":{\"@id\":\"https:\/\/old.elusvali.ee\/lt\/#website\"},\"primaryImageOfPage\":{\"@id\":\"https:\/\/old.elusvali.ee\/lt\/prek\u0117\/ekologiskos-soros-600g-foodin\/#primaryimage\"},\"image\":{\"@id\":\"https:\/\/old.elusvali.ee\/lt\/prek\u0117\/ekologiskos-soros-600g-foodin\/#primaryimage\"},\"thumbnailUrl\":\"https:\/\/old.elusvali.ee\/wp-content\/uploads\/2023\/07\/KuorittuHirssi_600g.png\",\"datePublished\":\"2023-07-18T15:37:50+00:00\",\"dateModified\":\"2025-07-04T18:32:08+00:00\",\"description\":\"Soros yra maistingas baltym\u0173 \u0161altinis ir tinka \u012fvairioms dietoms. Soros - tai gr\u016bdai be glitimo, tod\u0117l celiakija sergantiems \u017emon\u0117ms jos yra itin geras pasirinkimas.\",\"breadcrumb\":{\"@id\":\"https:\/\/old.elusvali.ee\/lt\/prek\u0117\/ekologiskos-soros-600g-foodin\/#breadcrumb\"},\"inLanguage\":\"lt-LT\",\"potentialAction\":[{\"@type\":\"ReadAction\",\"target\":[\"https:\/\/old.elusvali.ee\/lt\/prek\u0117\/ekologiskos-soros-600g-foodin\/\"]}]},{\"@type\":\"ImageObject\",\"inLanguage\":\"lt-LT\",\"@id\":\"https:\/\/old.elusvali.ee\/lt\/prek\u0117\/ekologiskos-soros-600g-foodin\/#primaryimage\",\"url\":\"https:\/\/old.elusvali.ee\/wp-content\/uploads\/2023\/07\/KuorittuHirssi_600g.png\",\"contentUrl\":\"https:\/\/old.elusvali.ee\/wp-content\/uploads\/2023\/07\/KuorittuHirssi_600g.png\",\"width\":1200,\"height\":1200,\"caption\":\"Ekologiskos soros\"},{\"@type\":\"BreadcrumbList\",\"@id\":\"https:\/\/old.elusvali.ee\/lt\/prek\u0117\/ekologiskos-soros-600g-foodin\/#breadcrumb\",\"itemListElement\":[{\"@type\":\"ListItem\",\"position\":1,\"name\":\"Home\",\"item\":\"https:\/\/old.elusvali.ee\/lt\/\"},{\"@type\":\"ListItem\",\"position\":2,\"name\":\"Elektronin\u0117 parduotuv\u0117\",\"item\":\"https:\/\/purenature.lt\/parduotuve\/\"},{\"@type\":\"ListItem\",\"position\":3,\"name\":\"Ekologi\u0161kos soros 600g | Foodin\"}]},{\"@type\":\"WebSite\",\"@id\":\"https:\/\/old.elusvali.ee\/lt\/#website\",\"url\":\"https:\/\/old.elusvali.ee\/lt\/\",\"name\":\"Elusv\u00e4li\",\"description\":\"Puhas k&ouml;&ouml;k ja koduapteek\",\"publisher\":{\"@id\":\"https:\/\/old.elusvali.ee\/lt\/#organization\"},\"potentialAction\":[{\"@type\":\"SearchAction\",\"target\":{\"@type\":\"EntryPoint\",\"urlTemplate\":\"https:\/\/old.elusvali.ee\/lt\/?s={search_term_string}\"},\"query-input\":{\"@type\":\"PropertyValueSpecification\",\"valueRequired\":true,\"valueName\":\"search_term_string\"}}],\"inLanguage\":\"lt-LT\"},{\"@type\":\"Organization\",\"@id\":\"https:\/\/old.elusvali.ee\/lt\/#organization\",\"name\":\"Elusv\u00e4li\",\"url\":\"https:\/\/old.elusvali.ee\/lt\/\",\"logo\":{\"@type\":\"ImageObject\",\"inLanguage\":\"lt-LT\",\"@id\":\"https:\/\/old.elusvali.ee\/lt\/#\/schema\/logo\/image\/\",\"url\":\"https:\/\/purenature.lt\/wp-content\/uploads\/2023\/07\/logo.png\",\"contentUrl\":\"https:\/\/purenature.lt\/wp-content\/uploads\/2023\/07\/logo.png\",\"width\":526,\"height\":146,\"caption\":\"Elusv\u00e4li\"},\"image\":{\"@id\":\"https:\/\/old.elusvali.ee\/lt\/#\/schema\/logo\/image\/\"},\"sameAs\":[\"https:\/\/www.facebook.com\/profile.php?id=100064131067985\",\"https:\/\/www.instagram.com\/elusvali\/\",\"https:\/\/www.youtube.com\/@elusvali2110\"]}]}<\/script>\n<!-- \/ Yoast SEO plugin. -->","yoast_head_json":{"title":"Ekologi\u0161kos soros 600g | Foodin - Pure Nature","description":"Soros yra maistingas baltym\u0173 \u0161altinis ir tinka \u012fvairioms dietoms. Soros - tai gr\u016bdai be glitimo, tod\u0117l celiakija sergantiems \u017emon\u0117ms jos yra itin geras pasirinkimas.","robots":{"index":"noindex","follow":"follow","max-snippet":"max-snippet:-1","max-image-preview":"max-image-preview:large","max-video-preview":"max-video-preview:-1"},"og_locale":"lt_LT","og_type":"article","og_title":"Ekologi\u0161kos soros 600g | Foodin - Pure Nature","og_description":"Soros yra maistingas baltym\u0173 \u0161altinis ir tinka \u012fvairioms dietoms. Soros - tai gr\u016bdai be glitimo, tod\u0117l celiakija sergantiems \u017emon\u0117ms jos yra itin geras pasirinkimas.","og_url":"https:\/\/old.elusvali.ee\/lt\/prek\u0117\/ekologiskos-soros-600g-foodin\/","og_site_name":"Elusv&auml;li","article_publisher":"https:\/\/www.facebook.com\/profile.php?id=100064131067985","article_modified_time":"2025-07-04T18:32:08+00:00","og_image":[{"width":1200,"height":1200,"url":"https:\/\/purenature.lt\/wp-content\/uploads\/2023\/07\/KuorittuHirssi_600g.png","type":"image\/png"}],"twitter_card":"summary_large_image","twitter_misc":{"Est. reading time":"2 minut\u0117s"},"schema":{"@context":"https:\/\/schema.org","@graph":[{"@type":"WebPage","@id":"https:\/\/old.elusvali.ee\/lt\/prek\u0117\/ekologiskos-soros-600g-foodin\/","url":"https:\/\/old.elusvali.ee\/lt\/prek\u0117\/ekologiskos-soros-600g-foodin\/","name":"Ekologi\u0161kos soros 600g | Foodin - Pure Nature","isPartOf":{"@id":"https:\/\/old.elusvali.ee\/lt\/#website"},"primaryImageOfPage":{"@id":"https:\/\/old.elusvali.ee\/lt\/prek\u0117\/ekologiskos-soros-600g-foodin\/#primaryimage"},"image":{"@id":"https:\/\/old.elusvali.ee\/lt\/prek\u0117\/ekologiskos-soros-600g-foodin\/#primaryimage"},"thumbnailUrl":"https:\/\/old.elusvali.ee\/wp-content\/uploads\/2023\/07\/KuorittuHirssi_600g.png","datePublished":"2023-07-18T15:37:50+00:00","dateModified":"2025-07-04T18:32:08+00:00","description":"Soros yra maistingas baltym\u0173 \u0161altinis ir tinka \u012fvairioms dietoms. Soros - tai gr\u016bdai be glitimo, tod\u0117l celiakija sergantiems \u017emon\u0117ms jos yra itin geras pasirinkimas.","breadcrumb":{"@id":"https:\/\/old.elusvali.ee\/lt\/prek\u0117\/ekologiskos-soros-600g-foodin\/#breadcrumb"},"inLanguage":"lt-LT","potentialAction":[{"@type":"ReadAction","target":["https:\/\/old.elusvali.ee\/lt\/prek\u0117\/ekologiskos-soros-600g-foodin\/"]}]},{"@type":"ImageObject","inLanguage":"lt-LT","@id":"https:\/\/old.elusvali.ee\/lt\/prek\u0117\/ekologiskos-soros-600g-foodin\/#primaryimage","url":"https:\/\/old.elusvali.ee\/wp-content\/uploads\/2023\/07\/KuorittuHirssi_600g.png","contentUrl":"https:\/\/old.elusvali.ee\/wp-content\/uploads\/2023\/07\/KuorittuHirssi_600g.png","width":1200,"height":1200,"caption":"Ekologiskos soros"},{"@type":"BreadcrumbList","@id":"https:\/\/old.elusvali.ee\/lt\/prek\u0117\/ekologiskos-soros-600g-foodin\/#breadcrumb","itemListElement":[{"@type":"ListItem","position":1,"name":"Home","item":"https:\/\/old.elusvali.ee\/lt\/"},{"@type":"ListItem","position":2,"name":"Elektronin\u0117 parduotuv\u0117","item":"https:\/\/purenature.lt\/parduotuve\/"},{"@type":"ListItem","position":3,"name":"Ekologi\u0161kos soros 600g | Foodin"}]},{"@type":"WebSite","@id":"https:\/\/old.elusvali.ee\/lt\/#website","url":"https:\/\/old.elusvali.ee\/lt\/","name":"Elusv\u00e4li","description":"Puhas k&ouml;&ouml;k ja koduapteek","publisher":{"@id":"https:\/\/old.elusvali.ee\/lt\/#organization"},"potentialAction":[{"@type":"SearchAction","target":{"@type":"EntryPoint","urlTemplate":"https:\/\/old.elusvali.ee\/lt\/?s={search_term_string}"},"query-input":{"@type":"PropertyValueSpecification","valueRequired":true,"valueName":"search_term_string"}}],"inLanguage":"lt-LT"},{"@type":"Organization","@id":"https:\/\/old.elusvali.ee\/lt\/#organization","name":"Elusv\u00e4li","url":"https:\/\/old.elusvali.ee\/lt\/","logo":{"@type":"ImageObject","inLanguage":"lt-LT","@id":"https:\/\/old.elusvali.ee\/lt\/#\/schema\/logo\/image\/","url":"https:\/\/purenature.lt\/wp-content\/uploads\/2023\/07\/logo.png","contentUrl":"https:\/\/purenature.lt\/wp-content\/uploads\/2023\/07\/logo.png","width":526,"height":146,"caption":"Elusv\u00e4li"},"image":{"@id":"https:\/\/old.elusvali.ee\/lt\/#\/schema\/logo\/image\/"},"sameAs":["https:\/\/www.facebook.com\/profile.php?id=100064131067985","https:\/\/www.instagram.com\/elusvali\/","https:\/\/www.youtube.com\/@elusvali2110"]}]}},"_links":{"self":[{"href":"https:\/\/old.elusvali.ee\/lt\/wp-json\/wp\/v2\/product\/36063","targetHints":{"allow":["GET"]}}],"collection":[{"href":"https:\/\/old.elusvali.ee\/lt\/wp-json\/wp\/v2\/product"}],"about":[{"href":"https:\/\/old.elusvali.ee\/lt\/wp-json\/wp\/v2\/types\/product"}],"replies":[{"embeddable":true,"href":"https:\/\/old.elusvali.ee\/lt\/wp-json\/wp\/v2\/comments?post=36063"}],"version-history":[{"count":1,"href":"https:\/\/old.elusvali.ee\/lt\/wp-json\/wp\/v2\/product\/36063\/revisions"}],"predecessor-version":[{"id":55594,"href":"https:\/\/old.elusvali.ee\/lt\/wp-json\/wp\/v2\/product\/36063\/revisions\/55594"}],"wp:featuredmedia":[{"embeddable":true,"href":"https:\/\/old.elusvali.ee\/lt\/wp-json\/wp\/v2\/media\/32742"}],"wp:attachment":[{"href":"https:\/\/old.elusvali.ee\/lt\/wp-json\/wp\/v2\/media?parent=36063"}],"wp:term":[{"taxonomy":"product_brand","embeddable":true,"href":"https:\/\/old.elusvali.ee\/lt\/wp-json\/wp\/v2\/product_brand?post=36063"},{"taxonomy":"product_cat","embeddable":true,"href":"https:\/\/old.elusvali.ee\/lt\/wp-json\/wp\/v2\/product_cat?post=36063"},{"taxonomy":"product_tag","embeddable":true,"href":"https:\/\/old.elusvali.ee\/lt\/wp-json\/wp\/v2\/product_tag?post=36063"}],"curies":[{"name":"wp","href":"https:\/\/api.w.org\/{rel}","templated":true}]}}