{"id":36061,"date":"2023-07-18T19:35:12","date_gmt":"2023-07-18T16:35:12","guid":{"rendered":"https:\/\/old.elusvali.ee\/product\/ekologiski-vaniles-milteliai-30g-foodin\/"},"modified":"2025-07-04T21:32:07","modified_gmt":"2025-07-04T18:32:07","slug":"ekologiski-vaniles-milteliai-30g-foodin","status":"publish","type":"product","link":"https:\/\/old.elusvali.ee\/lt\/prek\u0117\/ekologiski-vaniles-milteliai-30g-foodin\/","title":{"rendered":"Ekologi\u0161ki vanil\u0117s milteliai 30g | Foodin"},"content":{"rendered":"<h1>NAT\u016aRALIAI SALD\u016aS IR AROMATINGI VANIL\u0116S MILTELIAI PAKYL\u0116JA KEPIM\u0104 \u012e NAUJAS AUK\u0160TUMAS<\/h1>\n<p>Vanil\u0117 yra vienas vertingiausi\u0173 ir labiausiai vertinam\u0173 prieskoni\u0173 pasaulyje, naudojamas \u012fvairiems maisto produktams ir desertams suteikti gilumo ir saldumo. Vanil\u0117s milteli\u0173 nereik\u0117t\u0173 painioti su vaniliniu cukrumi &#8211; gryni milteliai yra daug aromatingesni ir gilesnio skonio nei vanil\u0117, sumai\u0161yta su cukrumi. Vienas ma\u017eas \u0161auk\u0161telis vanil\u0117s milteli\u0173 prilygsta pusei vanil\u0117s ank\u0161ties. <strong>\u201eFoodin\u201c vanil\u0117s milteli\u0173 sud\u0117tyje n\u0117ra prid\u0117tinio cukraus.<\/strong><\/p>\n<p>Virtuv\u0117je vanil\u0119 galima naudoti \u012fvairiais b\u016bdais. Nesvarbu, ar ruo\u0161iate pyragai\u010dius, kokteilius, ar kitus desertus, vanil\u0117 suteikia maistui nepakartojamo skonio ir subtilaus saldumo. Vanil\u0117s miltelius taip pat galima naudoti g\u0117rimuose &#8211; mai\u0161yti su arbata, kava, kakava ir kitais kar\u0161tais g\u0117rimais.<\/p>\n<p><strong>VANIL\u0116 NE TIK GARDUS PRIESKONIS<\/strong><\/p>\n<p>Vanil\u0117 \u017einoma d\u0117l savo raminamojo poveikio nerv\u0173 sistemai. Vis\u0173 pirma, vanil\u0117je yra daug mikroelement\u0173, pavyzd\u017eiui, cinko, gele\u017eies, kalcio ir magnio. Tyrimai parod\u0117, kad vanil\u0117 gali suma\u017einti cholesterolio kiek\u012f. Vanil\u0117je taip pat gausu antioksidant\u0173, o jos antibakterin\u0117s savyb\u0117s padeda stiprinti imunin\u0119 sistem\u0105. Vanil\u0117 netgi gali pad\u0117ti \u012fveikti nerim\u0105.<\/p>\n<p>\u201eFoodin\u201c ekologi\u0161ka, gryna vanil\u0117 gaunama i\u0161 Ugandos. Be glitimo, be pieno, vegani\u0161ka, be GMO, be pried\u0173 ir konservant\u0173.<\/p>\n<p><b>Laikymo s\u0105lygos <\/b>: laikyti kambario temperat\u016broje, sausoje vietoje, apsaugotoje nuo tiesiogini\u0173 saul\u0117s spinduli\u0173. Panaudoj\u0119, stiklain\u012f v\u0117l tinkamai u\u017edarykite, kad i\u0161saugotum\u0117te produkto aromatines savybes.<\/p>\n<p>&nbsp;<\/p>\n<p><em>*Supakuota aplinkoje, kurioje taip pat apdorojamos avi\u017eos be glitimo, rie\u0161utai (anakard\u017ei\u0173, bertoletij\u0173, pekano, makadamij\u0173, lazdyno, graikiniai ir migdolai), sezamo s\u0117klos ir pieno baltymai.<\/em><\/p>\n","protected":false},"excerpt":{"rendered":"<p>Vanil\u0117 yra vienas vertingiausi\u0173 ir labiausiai vertinam\u0173 prieskoni\u0173 pasaulyje, naudojamas \u012fvairiems maisto produktams ir desertams suteikti gilumo ir saldumo.<\/p>\n<p>Virtuv\u0117je vanil\u0119 galima naudoti \u012fvairiais b\u016bdais. Nesvarbu, ar ruo\u0161iate pyragai\u010dius, kokteilius, ar kitus desertus, vanil\u0117 suteikia maistui nepakartojamo skonio ir subtilaus saldumo. Vanil\u0117s miltelius taip pat galima naudoti g\u0117rimuose &#8211; mai\u0161yti su arbata, kava, kakava ir kitais kar\u0161tais g\u0117rimais.<\/p>\n<p>\u201eFoodin\u201c ekologi\u0161ka, gryna vanil\u0117 gaunama i\u0161 Ugandos. Be glitimo, be pieno, vegani\u0161ka, be GMO, be pried\u0173 ir konservant\u0173.<\/p>\n","protected":false},"featured_media":32752,"comment_status":"open","ping_status":"closed","template":"","meta":{"_acf_changed":false},"product_brand":[],"product_cat":[444,478,483],"product_tag":[484],"class_list":{"0":"post-36061","1":"product","2":"type-product","3":"status-publish","4":"has-post-thumbnail","6":"product_cat-namu-virtuve","7":"product_cat-pagardinimui","8":"product_cat-sausos-prekes","9":"product_tag-foodin-lt","11":"first","12":"instock","13":"taxable","14":"shipping-taxable","15":"purchasable","16":"product-type-simple"},"acf":[],"yoast_head":"<!-- This site is optimized with the Yoast SEO plugin v25.3.1 - https:\/\/yoast.com\/wordpress\/plugins\/seo\/ -->\n<title>Ekologi\u0161ki vanil\u0117s milteliai 30g | Foodin - Pure Nature<\/title>\n<meta name=\"description\" content=\"Aromatingi ir nat\u016braliai sald\u016bs ekologi\u0161ki vanil\u0117s milteliai j\u016bs\u0173 patiekalams suteiks gilumo ir ypa\u010d i\u0161skirtinio skonio. Be joki\u0173 pried\u0173 ir prid\u0117tinio cukraus.\" \/>\n<meta name=\"robots\" content=\"noindex, follow, max-snippet:-1, max-image-preview:large, max-video-preview:-1\" \/>\n<meta property=\"og:locale\" content=\"lt_LT\" \/>\n<meta property=\"og:type\" content=\"article\" \/>\n<meta property=\"og:title\" content=\"Ekologi\u0161ki vanil\u0117s milteliai 30g | Foodin - Pure Nature\" \/>\n<meta property=\"og:description\" content=\"Aromatingi ir nat\u016braliai sald\u016bs ekologi\u0161ki vanil\u0117s milteliai j\u016bs\u0173 patiekalams suteiks gilumo ir ypa\u010d i\u0161skirtinio skonio. Be joki\u0173 pried\u0173 ir prid\u0117tinio cukraus.\" \/>\n<meta property=\"og:url\" content=\"https:\/\/old.elusvali.ee\/lt\/prek\u0117\/ekologiski-vaniles-milteliai-30g-foodin\/\" \/>\n<meta property=\"og:site_name\" content=\"Elusv&auml;li\" \/>\n<meta property=\"article:publisher\" content=\"https:\/\/www.facebook.com\/profile.php?id=100064131067985\" \/>\n<meta property=\"article:modified_time\" content=\"2025-07-04T18:32:07+00:00\" \/>\n<meta property=\"og:image\" content=\"https:\/\/purenature.lt\/wp-content\/uploads\/2023\/07\/vaniljajauhe_prk-e1540994361165.png\" \/>\n\t<meta property=\"og:image:width\" content=\"1000\" \/>\n\t<meta property=\"og:image:height\" content=\"1002\" \/>\n\t<meta property=\"og:image:type\" content=\"image\/png\" \/>\n<meta name=\"twitter:card\" content=\"summary_large_image\" \/>\n<meta name=\"twitter:label1\" content=\"Est. reading time\" \/>\n\t<meta name=\"twitter:data1\" content=\"2 minut\u0117s\" \/>\n<script type=\"application\/ld+json\" class=\"yoast-schema-graph\">{\"@context\":\"https:\/\/schema.org\",\"@graph\":[{\"@type\":\"WebPage\",\"@id\":\"https:\/\/old.elusvali.ee\/lt\/prek\u0117\/ekologiski-vaniles-milteliai-30g-foodin\/\",\"url\":\"https:\/\/old.elusvali.ee\/lt\/prek\u0117\/ekologiski-vaniles-milteliai-30g-foodin\/\",\"name\":\"Ekologi\u0161ki vanil\u0117s milteliai 30g | Foodin - Pure Nature\",\"isPartOf\":{\"@id\":\"https:\/\/old.elusvali.ee\/lt\/#website\"},\"primaryImageOfPage\":{\"@id\":\"https:\/\/old.elusvali.ee\/lt\/prek\u0117\/ekologiski-vaniles-milteliai-30g-foodin\/#primaryimage\"},\"image\":{\"@id\":\"https:\/\/old.elusvali.ee\/lt\/prek\u0117\/ekologiski-vaniles-milteliai-30g-foodin\/#primaryimage\"},\"thumbnailUrl\":\"https:\/\/old.elusvali.ee\/wp-content\/uploads\/2023\/07\/vaniljajauhe_prk-e1540994361165.png\",\"datePublished\":\"2023-07-18T16:35:12+00:00\",\"dateModified\":\"2025-07-04T18:32:07+00:00\",\"description\":\"Aromatingi ir nat\u016braliai sald\u016bs ekologi\u0161ki vanil\u0117s milteliai j\u016bs\u0173 patiekalams suteiks gilumo ir ypa\u010d i\u0161skirtinio skonio. Be joki\u0173 pried\u0173 ir prid\u0117tinio cukraus.\",\"breadcrumb\":{\"@id\":\"https:\/\/old.elusvali.ee\/lt\/prek\u0117\/ekologiski-vaniles-milteliai-30g-foodin\/#breadcrumb\"},\"inLanguage\":\"lt-LT\",\"potentialAction\":[{\"@type\":\"ReadAction\",\"target\":[\"https:\/\/old.elusvali.ee\/lt\/prek\u0117\/ekologiski-vaniles-milteliai-30g-foodin\/\"]}]},{\"@type\":\"ImageObject\",\"inLanguage\":\"lt-LT\",\"@id\":\"https:\/\/old.elusvali.ee\/lt\/prek\u0117\/ekologiski-vaniles-milteliai-30g-foodin\/#primaryimage\",\"url\":\"https:\/\/old.elusvali.ee\/wp-content\/uploads\/2023\/07\/vaniljajauhe_prk-e1540994361165.png\",\"contentUrl\":\"https:\/\/old.elusvali.ee\/wp-content\/uploads\/2023\/07\/vaniljajauhe_prk-e1540994361165.png\",\"width\":1000,\"height\":1002,\"caption\":\"Ekologiski vaniles milteliai\"},{\"@type\":\"BreadcrumbList\",\"@id\":\"https:\/\/old.elusvali.ee\/lt\/prek\u0117\/ekologiski-vaniles-milteliai-30g-foodin\/#breadcrumb\",\"itemListElement\":[{\"@type\":\"ListItem\",\"position\":1,\"name\":\"Home\",\"item\":\"https:\/\/old.elusvali.ee\/lt\/\"},{\"@type\":\"ListItem\",\"position\":2,\"name\":\"Elektronin\u0117 parduotuv\u0117\",\"item\":\"https:\/\/purenature.lt\/parduotuve\/\"},{\"@type\":\"ListItem\",\"position\":3,\"name\":\"Ekologi\u0161ki vanil\u0117s milteliai 30g | Foodin\"}]},{\"@type\":\"WebSite\",\"@id\":\"https:\/\/old.elusvali.ee\/lt\/#website\",\"url\":\"https:\/\/old.elusvali.ee\/lt\/\",\"name\":\"Elusv\u00e4li\",\"description\":\"Puhas k&ouml;&ouml;k ja koduapteek\",\"publisher\":{\"@id\":\"https:\/\/old.elusvali.ee\/lt\/#organization\"},\"potentialAction\":[{\"@type\":\"SearchAction\",\"target\":{\"@type\":\"EntryPoint\",\"urlTemplate\":\"https:\/\/old.elusvali.ee\/lt\/?s={search_term_string}\"},\"query-input\":{\"@type\":\"PropertyValueSpecification\",\"valueRequired\":true,\"valueName\":\"search_term_string\"}}],\"inLanguage\":\"lt-LT\"},{\"@type\":\"Organization\",\"@id\":\"https:\/\/old.elusvali.ee\/lt\/#organization\",\"name\":\"Elusv\u00e4li\",\"url\":\"https:\/\/old.elusvali.ee\/lt\/\",\"logo\":{\"@type\":\"ImageObject\",\"inLanguage\":\"lt-LT\",\"@id\":\"https:\/\/old.elusvali.ee\/lt\/#\/schema\/logo\/image\/\",\"url\":\"https:\/\/purenature.lt\/wp-content\/uploads\/2023\/07\/logo.png\",\"contentUrl\":\"https:\/\/purenature.lt\/wp-content\/uploads\/2023\/07\/logo.png\",\"width\":526,\"height\":146,\"caption\":\"Elusv\u00e4li\"},\"image\":{\"@id\":\"https:\/\/old.elusvali.ee\/lt\/#\/schema\/logo\/image\/\"},\"sameAs\":[\"https:\/\/www.facebook.com\/profile.php?id=100064131067985\",\"https:\/\/www.instagram.com\/elusvali\/\",\"https:\/\/www.youtube.com\/@elusvali2110\"]}]}<\/script>\n<!-- \/ Yoast SEO plugin. -->","yoast_head_json":{"title":"Ekologi\u0161ki vanil\u0117s milteliai 30g | Foodin - Pure Nature","description":"Aromatingi ir nat\u016braliai sald\u016bs ekologi\u0161ki vanil\u0117s milteliai j\u016bs\u0173 patiekalams suteiks gilumo ir ypa\u010d i\u0161skirtinio skonio. Be joki\u0173 pried\u0173 ir prid\u0117tinio cukraus.","robots":{"index":"noindex","follow":"follow","max-snippet":"max-snippet:-1","max-image-preview":"max-image-preview:large","max-video-preview":"max-video-preview:-1"},"og_locale":"lt_LT","og_type":"article","og_title":"Ekologi\u0161ki vanil\u0117s milteliai 30g | Foodin - Pure Nature","og_description":"Aromatingi ir nat\u016braliai sald\u016bs ekologi\u0161ki vanil\u0117s milteliai j\u016bs\u0173 patiekalams suteiks gilumo ir ypa\u010d i\u0161skirtinio skonio. Be joki\u0173 pried\u0173 ir prid\u0117tinio cukraus.","og_url":"https:\/\/old.elusvali.ee\/lt\/prek\u0117\/ekologiski-vaniles-milteliai-30g-foodin\/","og_site_name":"Elusv&auml;li","article_publisher":"https:\/\/www.facebook.com\/profile.php?id=100064131067985","article_modified_time":"2025-07-04T18:32:07+00:00","og_image":[{"width":1000,"height":1002,"url":"https:\/\/purenature.lt\/wp-content\/uploads\/2023\/07\/vaniljajauhe_prk-e1540994361165.png","type":"image\/png"}],"twitter_card":"summary_large_image","twitter_misc":{"Est. reading time":"2 minut\u0117s"},"schema":{"@context":"https:\/\/schema.org","@graph":[{"@type":"WebPage","@id":"https:\/\/old.elusvali.ee\/lt\/prek\u0117\/ekologiski-vaniles-milteliai-30g-foodin\/","url":"https:\/\/old.elusvali.ee\/lt\/prek\u0117\/ekologiski-vaniles-milteliai-30g-foodin\/","name":"Ekologi\u0161ki vanil\u0117s milteliai 30g | Foodin - Pure Nature","isPartOf":{"@id":"https:\/\/old.elusvali.ee\/lt\/#website"},"primaryImageOfPage":{"@id":"https:\/\/old.elusvali.ee\/lt\/prek\u0117\/ekologiski-vaniles-milteliai-30g-foodin\/#primaryimage"},"image":{"@id":"https:\/\/old.elusvali.ee\/lt\/prek\u0117\/ekologiski-vaniles-milteliai-30g-foodin\/#primaryimage"},"thumbnailUrl":"https:\/\/old.elusvali.ee\/wp-content\/uploads\/2023\/07\/vaniljajauhe_prk-e1540994361165.png","datePublished":"2023-07-18T16:35:12+00:00","dateModified":"2025-07-04T18:32:07+00:00","description":"Aromatingi ir nat\u016braliai sald\u016bs ekologi\u0161ki vanil\u0117s milteliai j\u016bs\u0173 patiekalams suteiks gilumo ir ypa\u010d i\u0161skirtinio skonio. Be joki\u0173 pried\u0173 ir prid\u0117tinio cukraus.","breadcrumb":{"@id":"https:\/\/old.elusvali.ee\/lt\/prek\u0117\/ekologiski-vaniles-milteliai-30g-foodin\/#breadcrumb"},"inLanguage":"lt-LT","potentialAction":[{"@type":"ReadAction","target":["https:\/\/old.elusvali.ee\/lt\/prek\u0117\/ekologiski-vaniles-milteliai-30g-foodin\/"]}]},{"@type":"ImageObject","inLanguage":"lt-LT","@id":"https:\/\/old.elusvali.ee\/lt\/prek\u0117\/ekologiski-vaniles-milteliai-30g-foodin\/#primaryimage","url":"https:\/\/old.elusvali.ee\/wp-content\/uploads\/2023\/07\/vaniljajauhe_prk-e1540994361165.png","contentUrl":"https:\/\/old.elusvali.ee\/wp-content\/uploads\/2023\/07\/vaniljajauhe_prk-e1540994361165.png","width":1000,"height":1002,"caption":"Ekologiski vaniles milteliai"},{"@type":"BreadcrumbList","@id":"https:\/\/old.elusvali.ee\/lt\/prek\u0117\/ekologiski-vaniles-milteliai-30g-foodin\/#breadcrumb","itemListElement":[{"@type":"ListItem","position":1,"name":"Home","item":"https:\/\/old.elusvali.ee\/lt\/"},{"@type":"ListItem","position":2,"name":"Elektronin\u0117 parduotuv\u0117","item":"https:\/\/purenature.lt\/parduotuve\/"},{"@type":"ListItem","position":3,"name":"Ekologi\u0161ki vanil\u0117s milteliai 30g | Foodin"}]},{"@type":"WebSite","@id":"https:\/\/old.elusvali.ee\/lt\/#website","url":"https:\/\/old.elusvali.ee\/lt\/","name":"Elusv\u00e4li","description":"Puhas k&ouml;&ouml;k ja koduapteek","publisher":{"@id":"https:\/\/old.elusvali.ee\/lt\/#organization"},"potentialAction":[{"@type":"SearchAction","target":{"@type":"EntryPoint","urlTemplate":"https:\/\/old.elusvali.ee\/lt\/?s={search_term_string}"},"query-input":{"@type":"PropertyValueSpecification","valueRequired":true,"valueName":"search_term_string"}}],"inLanguage":"lt-LT"},{"@type":"Organization","@id":"https:\/\/old.elusvali.ee\/lt\/#organization","name":"Elusv\u00e4li","url":"https:\/\/old.elusvali.ee\/lt\/","logo":{"@type":"ImageObject","inLanguage":"lt-LT","@id":"https:\/\/old.elusvali.ee\/lt\/#\/schema\/logo\/image\/","url":"https:\/\/purenature.lt\/wp-content\/uploads\/2023\/07\/logo.png","contentUrl":"https:\/\/purenature.lt\/wp-content\/uploads\/2023\/07\/logo.png","width":526,"height":146,"caption":"Elusv\u00e4li"},"image":{"@id":"https:\/\/old.elusvali.ee\/lt\/#\/schema\/logo\/image\/"},"sameAs":["https:\/\/www.facebook.com\/profile.php?id=100064131067985","https:\/\/www.instagram.com\/elusvali\/","https:\/\/www.youtube.com\/@elusvali2110"]}]}},"_links":{"self":[{"href":"https:\/\/old.elusvali.ee\/lt\/wp-json\/wp\/v2\/product\/36061","targetHints":{"allow":["GET"]}}],"collection":[{"href":"https:\/\/old.elusvali.ee\/lt\/wp-json\/wp\/v2\/product"}],"about":[{"href":"https:\/\/old.elusvali.ee\/lt\/wp-json\/wp\/v2\/types\/product"}],"replies":[{"embeddable":true,"href":"https:\/\/old.elusvali.ee\/lt\/wp-json\/wp\/v2\/comments?post=36061"}],"version-history":[{"count":1,"href":"https:\/\/old.elusvali.ee\/lt\/wp-json\/wp\/v2\/product\/36061\/revisions"}],"predecessor-version":[{"id":55592,"href":"https:\/\/old.elusvali.ee\/lt\/wp-json\/wp\/v2\/product\/36061\/revisions\/55592"}],"wp:featuredmedia":[{"embeddable":true,"href":"https:\/\/old.elusvali.ee\/lt\/wp-json\/wp\/v2\/media\/32752"}],"wp:attachment":[{"href":"https:\/\/old.elusvali.ee\/lt\/wp-json\/wp\/v2\/media?parent=36061"}],"wp:term":[{"taxonomy":"product_brand","embeddable":true,"href":"https:\/\/old.elusvali.ee\/lt\/wp-json\/wp\/v2\/product_brand?post=36061"},{"taxonomy":"product_cat","embeddable":true,"href":"https:\/\/old.elusvali.ee\/lt\/wp-json\/wp\/v2\/product_cat?post=36061"},{"taxonomy":"product_tag","embeddable":true,"href":"https:\/\/old.elusvali.ee\/lt\/wp-json\/wp\/v2\/product_tag?post=36061"}],"curies":[{"name":"wp","href":"https:\/\/api.w.org\/{rel}","templated":true}]}}