{"id":36056,"date":"2023-07-18T18:35:06","date_gmt":"2023-07-18T15:35:06","guid":{"rendered":"https:\/\/old.elusvali.ee\/product\/ekologiskos-dziovintos-raudonosios-pupeles-500g-foodin\/"},"modified":"2025-06-15T21:20:53","modified_gmt":"2025-06-15T18:20:53","slug":"ekologiskos-raudonosios-pupeles-500g-foodin","status":"publish","type":"product","link":"https:\/\/old.elusvali.ee\/lt\/prek\u0117\/ekologiskos-raudonosios-pupeles-500g-foodin\/","title":{"rendered":"Ekologi\u0161kos raudonosios pupel\u0117s 500g | Foodin"},"content":{"rendered":"<h1>RAUDONOSIOS PUPEL\u0116S &#8211; SKAIDUL\u0172 \u0160ALTINIS<\/h1>\n<p>Skaidulomis ir baltymais turtingos <em>raudonosios<\/em> pupel\u0117s tinka salotoms, tro\u0161kiniams, sriuboms gaminti. D\u0117l \u0161velnaus skonio, jos taip pat puikiai tinka a\u0161triems patiekalams subalansuoti.<\/p>\n<p><strong>KAIP PARUO\u0160TI RAUDON\u0104SIAS PUPELES:<\/strong><br \/>\nNuplaukite pupeles ir pamirkykite jas dideliame kiekyje kambario temperat\u016bros vandens bent 10 valand\u0173. Tada virkite jas 10 minu\u010di\u0173 ir nupilkite vanden\u012f. \u012epilkite naujo vandens ir virkite dar apie valand\u0105. Galite pagardinti virimo vanden\u012f lauro lapais, kar\u010diaisiais pipirais, bet ned\u0117kite druskos, nes ji sukietins pupeli\u0173 odel\u0119. Prie\u0161 i\u0161pilant vanden\u012f, leiskite pupel\u0117ms atv\u0117sti verdan\u010diame vandenyje.<\/p>\n","protected":false},"excerpt":{"rendered":"<p><em>Raudonose<\/em> pupel\u0117se gausu skaidul\u0173 ir baltym\u0173, jos tinka salotoms, tro\u0161kiniams ir sriuboms. D\u0117l \u0161velnaus skonio, jos taip pat puikiai tinka a\u0161triems patiekalams subalansuoti. O j\u0173 neutralus skonis puikiai dera su \u012fvairiausiais skirtingais ingredientais.<\/p>\n","protected":false},"featured_media":32746,"comment_status":"open","ping_status":"closed","template":"","meta":{"_acf_changed":false},"product_brand":[],"product_cat":[444,483],"product_tag":[484],"class_list":{"0":"post-36056","1":"product","2":"type-product","3":"status-publish","4":"has-post-thumbnail","6":"product_cat-namu-virtuve","7":"product_cat-sausos-prekes","8":"product_tag-foodin-lt","10":"first","11":"instock","12":"taxable","13":"shipping-taxable","14":"purchasable","15":"product-type-simple"},"acf":[],"yoast_head":"<!-- This site is optimized with the Yoast SEO plugin v25.3.1 - https:\/\/yoast.com\/wordpress\/plugins\/seo\/ -->\n<title>Ekologi\u0161kos raudonosios pupel\u0117s 500g | Foodin - Pure Nature<\/title>\n<meta name=\"description\" content=\"Skaidulomis ir baltymais turtingos raudonosios pupel\u0117s tinka salotoms, tro\u0161kiniams, sriuboms gaminti. Jos yra \u0161velnaus ir neutralaus skonio, tod\u0117l puikiai dera su \u012fvairiausiais skirtingais ingredientais.\" \/>\n<meta name=\"robots\" content=\"noindex, follow, max-snippet:-1, max-image-preview:large, max-video-preview:-1\" \/>\n<meta property=\"og:locale\" content=\"lt_LT\" \/>\n<meta property=\"og:type\" content=\"article\" \/>\n<meta property=\"og:title\" content=\"Ekologi\u0161kos raudonosios pupel\u0117s 500g | Foodin - Pure Nature\" \/>\n<meta property=\"og:description\" content=\"Skaidulomis ir baltymais turtingos raudonosios pupel\u0117s tinka salotoms, tro\u0161kiniams, sriuboms gaminti. Jos yra \u0161velnaus ir neutralaus skonio, tod\u0117l puikiai dera su \u012fvairiausiais skirtingais ingredientais.\" \/>\n<meta property=\"og:url\" content=\"https:\/\/old.elusvali.ee\/lt\/prek\u0117\/ekologiskos-raudonosios-pupeles-500g-foodin\/\" \/>\n<meta property=\"og:site_name\" content=\"Elusv&auml;li\" \/>\n<meta property=\"article:publisher\" content=\"https:\/\/www.facebook.com\/profile.php?id=100064131067985\" \/>\n<meta property=\"article:modified_time\" content=\"2025-06-15T18:20:53+00:00\" \/>\n<meta property=\"og:image\" content=\"https:\/\/purenature.lt\/wp-content\/uploads\/2023\/07\/Kidneypapu_500g.png\" \/>\n\t<meta property=\"og:image:width\" content=\"1800\" \/>\n\t<meta property=\"og:image:height\" content=\"1800\" \/>\n\t<meta property=\"og:image:type\" content=\"image\/png\" \/>\n<meta name=\"twitter:card\" content=\"summary_large_image\" \/>\n<meta name=\"twitter:label1\" content=\"Est. reading time\" \/>\n\t<meta name=\"twitter:data1\" content=\"1 minut\u0117\" \/>\n<script type=\"application\/ld+json\" class=\"yoast-schema-graph\">{\"@context\":\"https:\/\/schema.org\",\"@graph\":[{\"@type\":\"WebPage\",\"@id\":\"https:\/\/old.elusvali.ee\/lt\/prek\u0117\/ekologiskos-raudonosios-pupeles-500g-foodin\/\",\"url\":\"https:\/\/old.elusvali.ee\/lt\/prek\u0117\/ekologiskos-raudonosios-pupeles-500g-foodin\/\",\"name\":\"Ekologi\u0161kos raudonosios pupel\u0117s 500g | Foodin - Pure Nature\",\"isPartOf\":{\"@id\":\"https:\/\/old.elusvali.ee\/lt\/#website\"},\"primaryImageOfPage\":{\"@id\":\"https:\/\/old.elusvali.ee\/lt\/prek\u0117\/ekologiskos-raudonosios-pupeles-500g-foodin\/#primaryimage\"},\"image\":{\"@id\":\"https:\/\/old.elusvali.ee\/lt\/prek\u0117\/ekologiskos-raudonosios-pupeles-500g-foodin\/#primaryimage\"},\"thumbnailUrl\":\"https:\/\/old.elusvali.ee\/wp-content\/uploads\/2023\/07\/Kidneypapu_500g.png\",\"datePublished\":\"2023-07-18T15:35:06+00:00\",\"dateModified\":\"2025-06-15T18:20:53+00:00\",\"description\":\"Skaidulomis ir baltymais turtingos raudonosios pupel\u0117s tinka salotoms, tro\u0161kiniams, sriuboms gaminti. Jos yra \u0161velnaus ir neutralaus skonio, tod\u0117l puikiai dera su \u012fvairiausiais skirtingais ingredientais.\",\"breadcrumb\":{\"@id\":\"https:\/\/old.elusvali.ee\/lt\/prek\u0117\/ekologiskos-raudonosios-pupeles-500g-foodin\/#breadcrumb\"},\"inLanguage\":\"lt-LT\",\"potentialAction\":[{\"@type\":\"ReadAction\",\"target\":[\"https:\/\/old.elusvali.ee\/lt\/prek\u0117\/ekologiskos-raudonosios-pupeles-500g-foodin\/\"]}]},{\"@type\":\"ImageObject\",\"inLanguage\":\"lt-LT\",\"@id\":\"https:\/\/old.elusvali.ee\/lt\/prek\u0117\/ekologiskos-raudonosios-pupeles-500g-foodin\/#primaryimage\",\"url\":\"https:\/\/old.elusvali.ee\/wp-content\/uploads\/2023\/07\/Kidneypapu_500g.png\",\"contentUrl\":\"https:\/\/old.elusvali.ee\/wp-content\/uploads\/2023\/07\/Kidneypapu_500g.png\",\"width\":1800,\"height\":1800,\"caption\":\"Ekologiskos raudonosios pupeles\"},{\"@type\":\"BreadcrumbList\",\"@id\":\"https:\/\/old.elusvali.ee\/lt\/prek\u0117\/ekologiskos-raudonosios-pupeles-500g-foodin\/#breadcrumb\",\"itemListElement\":[{\"@type\":\"ListItem\",\"position\":1,\"name\":\"Home\",\"item\":\"https:\/\/old.elusvali.ee\/lt\/\"},{\"@type\":\"ListItem\",\"position\":2,\"name\":\"Elektronin\u0117 parduotuv\u0117\",\"item\":\"https:\/\/purenature.lt\/parduotuve\/\"},{\"@type\":\"ListItem\",\"position\":3,\"name\":\"Ekologi\u0161kos raudonosios pupel\u0117s 500g | Foodin\"}]},{\"@type\":\"WebSite\",\"@id\":\"https:\/\/old.elusvali.ee\/lt\/#website\",\"url\":\"https:\/\/old.elusvali.ee\/lt\/\",\"name\":\"Elusv\u00e4li\",\"description\":\"Puhas k&ouml;&ouml;k ja koduapteek\",\"publisher\":{\"@id\":\"https:\/\/old.elusvali.ee\/lt\/#organization\"},\"potentialAction\":[{\"@type\":\"SearchAction\",\"target\":{\"@type\":\"EntryPoint\",\"urlTemplate\":\"https:\/\/old.elusvali.ee\/lt\/?s={search_term_string}\"},\"query-input\":{\"@type\":\"PropertyValueSpecification\",\"valueRequired\":true,\"valueName\":\"search_term_string\"}}],\"inLanguage\":\"lt-LT\"},{\"@type\":\"Organization\",\"@id\":\"https:\/\/old.elusvali.ee\/lt\/#organization\",\"name\":\"Elusv\u00e4li\",\"url\":\"https:\/\/old.elusvali.ee\/lt\/\",\"logo\":{\"@type\":\"ImageObject\",\"inLanguage\":\"lt-LT\",\"@id\":\"https:\/\/old.elusvali.ee\/lt\/#\/schema\/logo\/image\/\",\"url\":\"https:\/\/purenature.lt\/wp-content\/uploads\/2023\/07\/logo.png\",\"contentUrl\":\"https:\/\/purenature.lt\/wp-content\/uploads\/2023\/07\/logo.png\",\"width\":526,\"height\":146,\"caption\":\"Elusv\u00e4li\"},\"image\":{\"@id\":\"https:\/\/old.elusvali.ee\/lt\/#\/schema\/logo\/image\/\"},\"sameAs\":[\"https:\/\/www.facebook.com\/profile.php?id=100064131067985\",\"https:\/\/www.instagram.com\/elusvali\/\",\"https:\/\/www.youtube.com\/@elusvali2110\"]}]}<\/script>\n<!-- \/ Yoast SEO plugin. -->","yoast_head_json":{"title":"Ekologi\u0161kos raudonosios pupel\u0117s 500g | Foodin - Pure Nature","description":"Skaidulomis ir baltymais turtingos raudonosios pupel\u0117s tinka salotoms, tro\u0161kiniams, sriuboms gaminti. Jos yra \u0161velnaus ir neutralaus skonio, tod\u0117l puikiai dera su \u012fvairiausiais skirtingais ingredientais.","robots":{"index":"noindex","follow":"follow","max-snippet":"max-snippet:-1","max-image-preview":"max-image-preview:large","max-video-preview":"max-video-preview:-1"},"og_locale":"lt_LT","og_type":"article","og_title":"Ekologi\u0161kos raudonosios pupel\u0117s 500g | Foodin - Pure Nature","og_description":"Skaidulomis ir baltymais turtingos raudonosios pupel\u0117s tinka salotoms, tro\u0161kiniams, sriuboms gaminti. Jos yra \u0161velnaus ir neutralaus skonio, tod\u0117l puikiai dera su \u012fvairiausiais skirtingais ingredientais.","og_url":"https:\/\/old.elusvali.ee\/lt\/prek\u0117\/ekologiskos-raudonosios-pupeles-500g-foodin\/","og_site_name":"Elusv&auml;li","article_publisher":"https:\/\/www.facebook.com\/profile.php?id=100064131067985","article_modified_time":"2025-06-15T18:20:53+00:00","og_image":[{"width":1800,"height":1800,"url":"https:\/\/purenature.lt\/wp-content\/uploads\/2023\/07\/Kidneypapu_500g.png","type":"image\/png"}],"twitter_card":"summary_large_image","twitter_misc":{"Est. reading time":"1 minut\u0117"},"schema":{"@context":"https:\/\/schema.org","@graph":[{"@type":"WebPage","@id":"https:\/\/old.elusvali.ee\/lt\/prek\u0117\/ekologiskos-raudonosios-pupeles-500g-foodin\/","url":"https:\/\/old.elusvali.ee\/lt\/prek\u0117\/ekologiskos-raudonosios-pupeles-500g-foodin\/","name":"Ekologi\u0161kos raudonosios pupel\u0117s 500g | Foodin - Pure Nature","isPartOf":{"@id":"https:\/\/old.elusvali.ee\/lt\/#website"},"primaryImageOfPage":{"@id":"https:\/\/old.elusvali.ee\/lt\/prek\u0117\/ekologiskos-raudonosios-pupeles-500g-foodin\/#primaryimage"},"image":{"@id":"https:\/\/old.elusvali.ee\/lt\/prek\u0117\/ekologiskos-raudonosios-pupeles-500g-foodin\/#primaryimage"},"thumbnailUrl":"https:\/\/old.elusvali.ee\/wp-content\/uploads\/2023\/07\/Kidneypapu_500g.png","datePublished":"2023-07-18T15:35:06+00:00","dateModified":"2025-06-15T18:20:53+00:00","description":"Skaidulomis ir baltymais turtingos raudonosios pupel\u0117s tinka salotoms, tro\u0161kiniams, sriuboms gaminti. Jos yra \u0161velnaus ir neutralaus skonio, tod\u0117l puikiai dera su \u012fvairiausiais skirtingais ingredientais.","breadcrumb":{"@id":"https:\/\/old.elusvali.ee\/lt\/prek\u0117\/ekologiskos-raudonosios-pupeles-500g-foodin\/#breadcrumb"},"inLanguage":"lt-LT","potentialAction":[{"@type":"ReadAction","target":["https:\/\/old.elusvali.ee\/lt\/prek\u0117\/ekologiskos-raudonosios-pupeles-500g-foodin\/"]}]},{"@type":"ImageObject","inLanguage":"lt-LT","@id":"https:\/\/old.elusvali.ee\/lt\/prek\u0117\/ekologiskos-raudonosios-pupeles-500g-foodin\/#primaryimage","url":"https:\/\/old.elusvali.ee\/wp-content\/uploads\/2023\/07\/Kidneypapu_500g.png","contentUrl":"https:\/\/old.elusvali.ee\/wp-content\/uploads\/2023\/07\/Kidneypapu_500g.png","width":1800,"height":1800,"caption":"Ekologiskos raudonosios pupeles"},{"@type":"BreadcrumbList","@id":"https:\/\/old.elusvali.ee\/lt\/prek\u0117\/ekologiskos-raudonosios-pupeles-500g-foodin\/#breadcrumb","itemListElement":[{"@type":"ListItem","position":1,"name":"Home","item":"https:\/\/old.elusvali.ee\/lt\/"},{"@type":"ListItem","position":2,"name":"Elektronin\u0117 parduotuv\u0117","item":"https:\/\/purenature.lt\/parduotuve\/"},{"@type":"ListItem","position":3,"name":"Ekologi\u0161kos raudonosios pupel\u0117s 500g | Foodin"}]},{"@type":"WebSite","@id":"https:\/\/old.elusvali.ee\/lt\/#website","url":"https:\/\/old.elusvali.ee\/lt\/","name":"Elusv\u00e4li","description":"Puhas k&ouml;&ouml;k ja koduapteek","publisher":{"@id":"https:\/\/old.elusvali.ee\/lt\/#organization"},"potentialAction":[{"@type":"SearchAction","target":{"@type":"EntryPoint","urlTemplate":"https:\/\/old.elusvali.ee\/lt\/?s={search_term_string}"},"query-input":{"@type":"PropertyValueSpecification","valueRequired":true,"valueName":"search_term_string"}}],"inLanguage":"lt-LT"},{"@type":"Organization","@id":"https:\/\/old.elusvali.ee\/lt\/#organization","name":"Elusv\u00e4li","url":"https:\/\/old.elusvali.ee\/lt\/","logo":{"@type":"ImageObject","inLanguage":"lt-LT","@id":"https:\/\/old.elusvali.ee\/lt\/#\/schema\/logo\/image\/","url":"https:\/\/purenature.lt\/wp-content\/uploads\/2023\/07\/logo.png","contentUrl":"https:\/\/purenature.lt\/wp-content\/uploads\/2023\/07\/logo.png","width":526,"height":146,"caption":"Elusv\u00e4li"},"image":{"@id":"https:\/\/old.elusvali.ee\/lt\/#\/schema\/logo\/image\/"},"sameAs":["https:\/\/www.facebook.com\/profile.php?id=100064131067985","https:\/\/www.instagram.com\/elusvali\/","https:\/\/www.youtube.com\/@elusvali2110"]}]}},"_links":{"self":[{"href":"https:\/\/old.elusvali.ee\/lt\/wp-json\/wp\/v2\/product\/36056","targetHints":{"allow":["GET"]}}],"collection":[{"href":"https:\/\/old.elusvali.ee\/lt\/wp-json\/wp\/v2\/product"}],"about":[{"href":"https:\/\/old.elusvali.ee\/lt\/wp-json\/wp\/v2\/types\/product"}],"replies":[{"embeddable":true,"href":"https:\/\/old.elusvali.ee\/lt\/wp-json\/wp\/v2\/comments?post=36056"}],"version-history":[{"count":0,"href":"https:\/\/old.elusvali.ee\/lt\/wp-json\/wp\/v2\/product\/36056\/revisions"}],"wp:featuredmedia":[{"embeddable":true,"href":"https:\/\/old.elusvali.ee\/lt\/wp-json\/wp\/v2\/media\/32746"}],"wp:attachment":[{"href":"https:\/\/old.elusvali.ee\/lt\/wp-json\/wp\/v2\/media?parent=36056"}],"wp:term":[{"taxonomy":"product_brand","embeddable":true,"href":"https:\/\/old.elusvali.ee\/lt\/wp-json\/wp\/v2\/product_brand?post=36056"},{"taxonomy":"product_cat","embeddable":true,"href":"https:\/\/old.elusvali.ee\/lt\/wp-json\/wp\/v2\/product_cat?post=36056"},{"taxonomy":"product_tag","embeddable":true,"href":"https:\/\/old.elusvali.ee\/lt\/wp-json\/wp\/v2\/product_tag?post=36056"}],"curies":[{"name":"wp","href":"https:\/\/api.w.org\/{rel}","templated":true}]}}