{"id":36052,"date":"2023-08-21T09:58:01","date_gmt":"2023-08-21T06:58:01","guid":{"rendered":"https:\/\/old.elusvali.ee\/product\/ekologiskas-kokosu-vanduo-1000-ml-x-6vnt-su-dezute\/"},"modified":"2025-07-08T09:59:17","modified_gmt":"2025-07-08T06:59:17","slug":"ekologiskas-kokosu-vanduo-1000-ml-6vnt-dezeje","status":"publish","type":"product","link":"https:\/\/old.elusvali.ee\/lt\/prek\u0117\/ekologiskas-kokosu-vanduo-1000-ml-6vnt-dezeje\/","title":{"rendered":"Foodin ekologi\u0161kas kokos\u0173 vanduo 1000 ml x 6 vnt. &#8211; d\u0117\u017e\u0117je"},"content":{"rendered":"<h1>VIS\u0172 M\u0116GSTAMIAUSIAS: GAIVUS KOKOS\u0172 VANDUO<\/h1>\n<p>Atsigaivinkite ir pasisemkite nauj\u0173 j\u0117g\u0173 su \u201eFoodin\u201c kokos\u0173 vandeniu! \u0160is ekologi\u0161kas kokos\u0173 vanduo gaminamas i\u0161 100% tikr\u0173, \u0161vie\u017ei\u0173 kokos\u0173, be joki\u0173 konservant\u0173 ar pried\u0173.<\/p>\n<p>Jei norite pajusti jaun\u0173 ir \u0161vie\u017ei\u0173 kokos\u0173 skon\u012f, kokos\u0173 vandeniu m\u0117gaukit\u0117s be joki\u0173 pried\u0173. Ta\u010diau kokos\u0173 vanden\u012f galima naudoti ir kokteiliams ar \u012fvairiems gaivinantiems g\u0117rimams gaminti. Kokos\u0173 vanden\u012f pagardinkite uogomis, vaisiais, \u017eolel\u0117mis ar \u017ealumynais. M\u016bs\u0173 klientai labiausiai m\u0117gsta bra\u0161kes, citrinas, arb\u016bzus ir m\u0117t\u0173 lapelius.<\/p>\n<p>Kokos\u0173 vanduo skaniausias yra at\u0161aldytas.<\/p>\n<p>\u201eFoodin\u201c kokos\u0173 vanduo gaminamas i\u0161 kruop\u0161\u010diai atrinkt\u0173 \u0161vie\u017ei\u0173 kokos\u0173 rie\u0161ut\u0173. Kokosus augina ir derli\u0173 nuima smulk\u016bs \u016bkininkai, kurie laikosi aplinkosaugos ir etikos standart\u0173. Kokosai skinami rankomis ir sunaudojami visi, kad susidaryt\u0173 kuo ma\u017eiau atliek\u0173. Vanduo pakuojamas i\u0161 karto po derliaus nu\u0117mimo, tod\u0117l jo skonis yra autenti\u0161kas ir \u0161vie\u017eias &#8211; tarsi vanduo tiesiai i\u0161 kokoso!<\/p>\n<p>\u0160is kokos\u0173 vanduo pakuojamas \u012f ekologi\u0161kas, daugkartinio naudojimo ir pakartotinai u\u017edaromas \u201eTetraPak\u201c pakuotes. Pakuot\u0117 pagaminta i\u0161 FSC (The Forest Stewardship Council) sertifikuotos medienos med\u017eiagos, kad b\u016bt\u0173 skatinamas tvarumas, o kam\u0161telis pagamintas i\u0161 cukranendri\u0173.<\/p>\n<p>D\u0117l u\u017edaromo dangtelio, \u0161\u012f kokos\u0173 vand\u012f patogu pasiimti su savimi, kad ir kur eitum\u0117te. <em>Atidaryt\u0105 kokos\u0173 vanden\u012f sunaudokite per dvi dienas ir laikykite \u0161aldytuve.<\/em><\/p>\n<p>Vegani\u0161kas, be glitimo, be GMO, be konservant\u0173, be prid\u0117tinio cukraus ir pried\u0173.<\/p>\n<p>&nbsp;<\/p>\n<p><em>D\u0117mesio! U\u017esakant daugiau nei <strong>3 d\u0117\u017ees <\/strong>, bus taikomas pristatymo mokestis.<\/em><br \/>\n<em>Vienos d\u0117\u017e\u0117s svoris ~6,6 kg<\/em><\/p>\n","protected":false},"excerpt":{"rendered":"<p>Pagamintas tik i\u0161 100% \u0161vie\u017ei\u0173 kokos\u0173. Be konservant\u0173, prid\u0117tinio cukraus ir kit\u0173 pried\u0173.<\/p>\n<p>Kokos\u0173 vanduo puikiai gaivina ir yra laikomas nat\u016braliu elektrolit\u0173 g\u0117rimu.<\/p>\n<p>Pajauskite kokoso vandens gaiv\u0105 &#8211; gerkite j\u012f atv\u0117sint\u0105 vien\u0105 be joki\u0173 pried\u0173 arba pagardinkite vaisiais. Kokos\u0173 vanduo taip pat gali b\u016bti ir priedas maistingam kokteiliui.<\/p>\n<p><strong>D\u0117mesio! \u0160iuo metu negalimas pristatymas \u012f Omniva pa\u0161tomatus. Jei norite \u012fsigyti \u0161\u012f produkt\u0105, pasirinkite artimiausi\u0105 kito ve\u017e\u0117jo pa\u0161tomat\u0105 (LP Express, DPD, Venipak ar Smartpost). D\u0117kojame u\u017e supratingum\u0105.<\/strong><\/p>\n","protected":false},"featured_media":35102,"comment_status":"open","ping_status":"closed","template":"","meta":{"_acf_changed":false},"product_brand":[],"product_cat":[482,444,487,486],"product_tag":[636,484,702,746],"class_list":{"0":"post-36052","1":"product","2":"type-product","3":"status-publish","4":"has-post-thumbnail","6":"product_cat-gerimai","7":"product_cat-namu-virtuve","8":"product_cat-rinkiniai-lt","9":"product_cat-su-nuolaida","10":"product_tag-dezutes","11":"product_tag-foodin-lt","12":"product_tag-fragile-lt","13":"product_tag-kokosu","15":"first","16":"instock","17":"sale","18":"taxable","19":"shipping-taxable","20":"purchasable","21":"product-type-simple"},"acf":[],"yoast_head":"<!-- This site is optimized with the Yoast SEO plugin v25.3.1 - https:\/\/yoast.com\/wordpress\/plugins\/seo\/ -->\n<title>Foodin ekologi\u0161kas kokos\u0173 vanduo 1000 ml x 6 vnt. - d\u0117\u017e\u0117je - Pure Nature<\/title>\n<meta name=\"description\" content=\"Pagamintas tik i\u0161 100% \u0161vie\u017ei\u0173 kokos\u0173. Be konservant\u0173 ir kit\u0173 pried\u0173. Kokos\u0173 vanduo puikiai gaivina ir yra laikomas nat\u016braliu elektrolit\u0173 g\u0117rimu.\" \/>\n<meta name=\"robots\" content=\"noindex, follow, max-snippet:-1, max-image-preview:large, max-video-preview:-1\" \/>\n<meta property=\"og:locale\" content=\"lt_LT\" \/>\n<meta property=\"og:type\" content=\"article\" \/>\n<meta property=\"og:title\" content=\"Foodin ekologi\u0161kas kokos\u0173 vanduo 1000 ml x 6 vnt. - d\u0117\u017e\u0117je - Pure Nature\" \/>\n<meta property=\"og:description\" content=\"Pagamintas tik i\u0161 100% \u0161vie\u017ei\u0173 kokos\u0173. Be konservant\u0173 ir kit\u0173 pried\u0173. Kokos\u0173 vanduo puikiai gaivina ir yra laikomas nat\u016braliu elektrolit\u0173 g\u0117rimu.\" \/>\n<meta property=\"og:url\" content=\"https:\/\/old.elusvali.ee\/lt\/prek\u0117\/ekologiskas-kokosu-vanduo-1000-ml-6vnt-dezeje\/\" \/>\n<meta property=\"og:site_name\" content=\"Elusv&auml;li\" \/>\n<meta property=\"article:publisher\" content=\"https:\/\/www.facebook.com\/profile.php?id=100064131067985\" \/>\n<meta property=\"article:modified_time\" content=\"2025-07-08T06:59:17+00:00\" \/>\n<meta property=\"og:image\" content=\"https:\/\/purenature.lt\/wp-content\/uploads\/2023\/08\/kookosvesi1l_6pack-1.png\" \/>\n\t<meta property=\"og:image:width\" content=\"1000\" \/>\n\t<meta property=\"og:image:height\" content=\"1000\" \/>\n\t<meta property=\"og:image:type\" content=\"image\/png\" \/>\n<meta name=\"twitter:card\" content=\"summary_large_image\" \/>\n<meta name=\"twitter:label1\" content=\"Est. reading time\" \/>\n\t<meta name=\"twitter:data1\" content=\"2 minut\u0117s\" \/>\n<script type=\"application\/ld+json\" class=\"yoast-schema-graph\">{\"@context\":\"https:\/\/schema.org\",\"@graph\":[{\"@type\":\"WebPage\",\"@id\":\"https:\/\/old.elusvali.ee\/lt\/prek\u0117\/ekologiskas-kokosu-vanduo-1000-ml-6vnt-dezeje\/\",\"url\":\"https:\/\/old.elusvali.ee\/lt\/prek\u0117\/ekologiskas-kokosu-vanduo-1000-ml-6vnt-dezeje\/\",\"name\":\"Foodin ekologi\u0161kas kokos\u0173 vanduo 1000 ml x 6 vnt. - d\u0117\u017e\u0117je - Pure Nature\",\"isPartOf\":{\"@id\":\"https:\/\/old.elusvali.ee\/lt\/#website\"},\"primaryImageOfPage\":{\"@id\":\"https:\/\/old.elusvali.ee\/lt\/prek\u0117\/ekologiskas-kokosu-vanduo-1000-ml-6vnt-dezeje\/#primaryimage\"},\"image\":{\"@id\":\"https:\/\/old.elusvali.ee\/lt\/prek\u0117\/ekologiskas-kokosu-vanduo-1000-ml-6vnt-dezeje\/#primaryimage\"},\"thumbnailUrl\":\"https:\/\/old.elusvali.ee\/wp-content\/uploads\/2023\/08\/kookosvesi1l_6pack-1.png\",\"datePublished\":\"2023-08-21T06:58:01+00:00\",\"dateModified\":\"2025-07-08T06:59:17+00:00\",\"description\":\"Pagamintas tik i\u0161 100% \u0161vie\u017ei\u0173 kokos\u0173. Be konservant\u0173 ir kit\u0173 pried\u0173. Kokos\u0173 vanduo puikiai gaivina ir yra laikomas nat\u016braliu elektrolit\u0173 g\u0117rimu.\",\"breadcrumb\":{\"@id\":\"https:\/\/old.elusvali.ee\/lt\/prek\u0117\/ekologiskas-kokosu-vanduo-1000-ml-6vnt-dezeje\/#breadcrumb\"},\"inLanguage\":\"lt-LT\",\"potentialAction\":[{\"@type\":\"ReadAction\",\"target\":[\"https:\/\/old.elusvali.ee\/lt\/prek\u0117\/ekologiskas-kokosu-vanduo-1000-ml-6vnt-dezeje\/\"]}]},{\"@type\":\"ImageObject\",\"inLanguage\":\"lt-LT\",\"@id\":\"https:\/\/old.elusvali.ee\/lt\/prek\u0117\/ekologiskas-kokosu-vanduo-1000-ml-6vnt-dezeje\/#primaryimage\",\"url\":\"https:\/\/old.elusvali.ee\/wp-content\/uploads\/2023\/08\/kookosvesi1l_6pack-1.png\",\"contentUrl\":\"https:\/\/old.elusvali.ee\/wp-content\/uploads\/2023\/08\/kookosvesi1l_6pack-1.png\",\"width\":1000,\"height\":1000,\"caption\":\"Ekologiskas kokosu vanduo\"},{\"@type\":\"BreadcrumbList\",\"@id\":\"https:\/\/old.elusvali.ee\/lt\/prek\u0117\/ekologiskas-kokosu-vanduo-1000-ml-6vnt-dezeje\/#breadcrumb\",\"itemListElement\":[{\"@type\":\"ListItem\",\"position\":1,\"name\":\"Home\",\"item\":\"https:\/\/old.elusvali.ee\/lt\/\"},{\"@type\":\"ListItem\",\"position\":2,\"name\":\"Elektronin\u0117 parduotuv\u0117\",\"item\":\"https:\/\/purenature.lt\/parduotuve\/\"},{\"@type\":\"ListItem\",\"position\":3,\"name\":\"Foodin ekologi\u0161kas kokos\u0173 vanduo 1000 ml x 6 vnt. &#8211; d\u0117\u017e\u0117je\"}]},{\"@type\":\"WebSite\",\"@id\":\"https:\/\/old.elusvali.ee\/lt\/#website\",\"url\":\"https:\/\/old.elusvali.ee\/lt\/\",\"name\":\"Elusv\u00e4li\",\"description\":\"Puhas k&ouml;&ouml;k ja koduapteek\",\"publisher\":{\"@id\":\"https:\/\/old.elusvali.ee\/lt\/#organization\"},\"potentialAction\":[{\"@type\":\"SearchAction\",\"target\":{\"@type\":\"EntryPoint\",\"urlTemplate\":\"https:\/\/old.elusvali.ee\/lt\/?s={search_term_string}\"},\"query-input\":{\"@type\":\"PropertyValueSpecification\",\"valueRequired\":true,\"valueName\":\"search_term_string\"}}],\"inLanguage\":\"lt-LT\"},{\"@type\":\"Organization\",\"@id\":\"https:\/\/old.elusvali.ee\/lt\/#organization\",\"name\":\"Elusv\u00e4li\",\"url\":\"https:\/\/old.elusvali.ee\/lt\/\",\"logo\":{\"@type\":\"ImageObject\",\"inLanguage\":\"lt-LT\",\"@id\":\"https:\/\/old.elusvali.ee\/lt\/#\/schema\/logo\/image\/\",\"url\":\"https:\/\/purenature.lt\/wp-content\/uploads\/2023\/07\/logo.png\",\"contentUrl\":\"https:\/\/purenature.lt\/wp-content\/uploads\/2023\/07\/logo.png\",\"width\":526,\"height\":146,\"caption\":\"Elusv\u00e4li\"},\"image\":{\"@id\":\"https:\/\/old.elusvali.ee\/lt\/#\/schema\/logo\/image\/\"},\"sameAs\":[\"https:\/\/www.facebook.com\/profile.php?id=100064131067985\",\"https:\/\/www.instagram.com\/elusvali\/\",\"https:\/\/www.youtube.com\/@elusvali2110\"]}]}<\/script>\n<!-- \/ Yoast SEO plugin. -->","yoast_head_json":{"title":"Foodin ekologi\u0161kas kokos\u0173 vanduo 1000 ml x 6 vnt. - d\u0117\u017e\u0117je - Pure Nature","description":"Pagamintas tik i\u0161 100% \u0161vie\u017ei\u0173 kokos\u0173. Be konservant\u0173 ir kit\u0173 pried\u0173. Kokos\u0173 vanduo puikiai gaivina ir yra laikomas nat\u016braliu elektrolit\u0173 g\u0117rimu.","robots":{"index":"noindex","follow":"follow","max-snippet":"max-snippet:-1","max-image-preview":"max-image-preview:large","max-video-preview":"max-video-preview:-1"},"og_locale":"lt_LT","og_type":"article","og_title":"Foodin ekologi\u0161kas kokos\u0173 vanduo 1000 ml x 6 vnt. - d\u0117\u017e\u0117je - Pure Nature","og_description":"Pagamintas tik i\u0161 100% \u0161vie\u017ei\u0173 kokos\u0173. Be konservant\u0173 ir kit\u0173 pried\u0173. Kokos\u0173 vanduo puikiai gaivina ir yra laikomas nat\u016braliu elektrolit\u0173 g\u0117rimu.","og_url":"https:\/\/old.elusvali.ee\/lt\/prek\u0117\/ekologiskas-kokosu-vanduo-1000-ml-6vnt-dezeje\/","og_site_name":"Elusv&auml;li","article_publisher":"https:\/\/www.facebook.com\/profile.php?id=100064131067985","article_modified_time":"2025-07-08T06:59:17+00:00","og_image":[{"width":1000,"height":1000,"url":"https:\/\/purenature.lt\/wp-content\/uploads\/2023\/08\/kookosvesi1l_6pack-1.png","type":"image\/png"}],"twitter_card":"summary_large_image","twitter_misc":{"Est. reading time":"2 minut\u0117s"},"schema":{"@context":"https:\/\/schema.org","@graph":[{"@type":"WebPage","@id":"https:\/\/old.elusvali.ee\/lt\/prek\u0117\/ekologiskas-kokosu-vanduo-1000-ml-6vnt-dezeje\/","url":"https:\/\/old.elusvali.ee\/lt\/prek\u0117\/ekologiskas-kokosu-vanduo-1000-ml-6vnt-dezeje\/","name":"Foodin ekologi\u0161kas kokos\u0173 vanduo 1000 ml x 6 vnt. - d\u0117\u017e\u0117je - Pure Nature","isPartOf":{"@id":"https:\/\/old.elusvali.ee\/lt\/#website"},"primaryImageOfPage":{"@id":"https:\/\/old.elusvali.ee\/lt\/prek\u0117\/ekologiskas-kokosu-vanduo-1000-ml-6vnt-dezeje\/#primaryimage"},"image":{"@id":"https:\/\/old.elusvali.ee\/lt\/prek\u0117\/ekologiskas-kokosu-vanduo-1000-ml-6vnt-dezeje\/#primaryimage"},"thumbnailUrl":"https:\/\/old.elusvali.ee\/wp-content\/uploads\/2023\/08\/kookosvesi1l_6pack-1.png","datePublished":"2023-08-21T06:58:01+00:00","dateModified":"2025-07-08T06:59:17+00:00","description":"Pagamintas tik i\u0161 100% \u0161vie\u017ei\u0173 kokos\u0173. Be konservant\u0173 ir kit\u0173 pried\u0173. Kokos\u0173 vanduo puikiai gaivina ir yra laikomas nat\u016braliu elektrolit\u0173 g\u0117rimu.","breadcrumb":{"@id":"https:\/\/old.elusvali.ee\/lt\/prek\u0117\/ekologiskas-kokosu-vanduo-1000-ml-6vnt-dezeje\/#breadcrumb"},"inLanguage":"lt-LT","potentialAction":[{"@type":"ReadAction","target":["https:\/\/old.elusvali.ee\/lt\/prek\u0117\/ekologiskas-kokosu-vanduo-1000-ml-6vnt-dezeje\/"]}]},{"@type":"ImageObject","inLanguage":"lt-LT","@id":"https:\/\/old.elusvali.ee\/lt\/prek\u0117\/ekologiskas-kokosu-vanduo-1000-ml-6vnt-dezeje\/#primaryimage","url":"https:\/\/old.elusvali.ee\/wp-content\/uploads\/2023\/08\/kookosvesi1l_6pack-1.png","contentUrl":"https:\/\/old.elusvali.ee\/wp-content\/uploads\/2023\/08\/kookosvesi1l_6pack-1.png","width":1000,"height":1000,"caption":"Ekologiskas kokosu vanduo"},{"@type":"BreadcrumbList","@id":"https:\/\/old.elusvali.ee\/lt\/prek\u0117\/ekologiskas-kokosu-vanduo-1000-ml-6vnt-dezeje\/#breadcrumb","itemListElement":[{"@type":"ListItem","position":1,"name":"Home","item":"https:\/\/old.elusvali.ee\/lt\/"},{"@type":"ListItem","position":2,"name":"Elektronin\u0117 parduotuv\u0117","item":"https:\/\/purenature.lt\/parduotuve\/"},{"@type":"ListItem","position":3,"name":"Foodin ekologi\u0161kas kokos\u0173 vanduo 1000 ml x 6 vnt. &#8211; d\u0117\u017e\u0117je"}]},{"@type":"WebSite","@id":"https:\/\/old.elusvali.ee\/lt\/#website","url":"https:\/\/old.elusvali.ee\/lt\/","name":"Elusv\u00e4li","description":"Puhas k&ouml;&ouml;k ja koduapteek","publisher":{"@id":"https:\/\/old.elusvali.ee\/lt\/#organization"},"potentialAction":[{"@type":"SearchAction","target":{"@type":"EntryPoint","urlTemplate":"https:\/\/old.elusvali.ee\/lt\/?s={search_term_string}"},"query-input":{"@type":"PropertyValueSpecification","valueRequired":true,"valueName":"search_term_string"}}],"inLanguage":"lt-LT"},{"@type":"Organization","@id":"https:\/\/old.elusvali.ee\/lt\/#organization","name":"Elusv\u00e4li","url":"https:\/\/old.elusvali.ee\/lt\/","logo":{"@type":"ImageObject","inLanguage":"lt-LT","@id":"https:\/\/old.elusvali.ee\/lt\/#\/schema\/logo\/image\/","url":"https:\/\/purenature.lt\/wp-content\/uploads\/2023\/07\/logo.png","contentUrl":"https:\/\/purenature.lt\/wp-content\/uploads\/2023\/07\/logo.png","width":526,"height":146,"caption":"Elusv\u00e4li"},"image":{"@id":"https:\/\/old.elusvali.ee\/lt\/#\/schema\/logo\/image\/"},"sameAs":["https:\/\/www.facebook.com\/profile.php?id=100064131067985","https:\/\/www.instagram.com\/elusvali\/","https:\/\/www.youtube.com\/@elusvali2110"]}]}},"_links":{"self":[{"href":"https:\/\/old.elusvali.ee\/lt\/wp-json\/wp\/v2\/product\/36052","targetHints":{"allow":["GET"]}}],"collection":[{"href":"https:\/\/old.elusvali.ee\/lt\/wp-json\/wp\/v2\/product"}],"about":[{"href":"https:\/\/old.elusvali.ee\/lt\/wp-json\/wp\/v2\/types\/product"}],"replies":[{"embeddable":true,"href":"https:\/\/old.elusvali.ee\/lt\/wp-json\/wp\/v2\/comments?post=36052"}],"version-history":[{"count":1,"href":"https:\/\/old.elusvali.ee\/lt\/wp-json\/wp\/v2\/product\/36052\/revisions"}],"predecessor-version":[{"id":55242,"href":"https:\/\/old.elusvali.ee\/lt\/wp-json\/wp\/v2\/product\/36052\/revisions\/55242"}],"wp:featuredmedia":[{"embeddable":true,"href":"https:\/\/old.elusvali.ee\/lt\/wp-json\/wp\/v2\/media\/35102"}],"wp:attachment":[{"href":"https:\/\/old.elusvali.ee\/lt\/wp-json\/wp\/v2\/media?parent=36052"}],"wp:term":[{"taxonomy":"product_brand","embeddable":true,"href":"https:\/\/old.elusvali.ee\/lt\/wp-json\/wp\/v2\/product_brand?post=36052"},{"taxonomy":"product_cat","embeddable":true,"href":"https:\/\/old.elusvali.ee\/lt\/wp-json\/wp\/v2\/product_cat?post=36052"},{"taxonomy":"product_tag","embeddable":true,"href":"https:\/\/old.elusvali.ee\/lt\/wp-json\/wp\/v2\/product_tag?post=36052"}],"curies":[{"name":"wp","href":"https:\/\/api.w.org\/{rel}","templated":true}]}}