{"id":36047,"date":"2023-10-13T07:24:02","date_gmt":"2023-10-13T04:24:02","guid":{"rendered":"https:\/\/old.elusvali.ee\/product\/ekologiskas-migdolu-gerimas-1l\/"},"modified":"2025-04-13T15:23:27","modified_gmt":"2025-04-13T12:23:27","slug":"ekologiskas-migdolu-pienas-1l","status":"publish","type":"product","link":"https:\/\/old.elusvali.ee\/lt\/prek\u0117\/ekologiskas-migdolu-pienas-1l\/","title":{"rendered":"Ekologi\u0161kas migdol\u0173 pienas 1L | Natumi"},"content":{"rendered":"<div class=\"mb-3 product-characteristics\" data-v-14376a0b=\"\">\n<div class=\"h5 d-inline font-weight-bold product-characteristics__title\" data-v-14376a0b=\"\">\n<p>Migdol\u0173 pienas yra vienas populiariausi\u0173 kepiniuose naudojam\u0173 augalini\u0173 pien\u0173, nes jis yra riebesnis u\u017e daugel\u012f kit\u0173 pien\u0173.<\/p>\n<p>\u201eNatumi\u201c migdol\u0173 pienas yra pagamintas i\u0161 ekologi\u0161k\u0173 migdol\u0173, jo sud\u0117tyje n\u0117ra nei raps\u0173 aliejaus, nei valgomosios druskos. Vietoje j\u0173 naudojamas nedidelis kiekis saul\u0117gr\u0105\u017e\u0173 aliejaus ir j\u016bros druskos.<\/p>\n<p><strong>N\u0117ra prid\u0117tinio cukraus, sintetini\u0173 pried\u0173 ar konservant\u0173.<\/strong><\/p>\n<p>Migdol\u0173 pienas gali b\u016bti naudojamas viskam, kam \u012fprastai naudojamas karv\u0117s pienas.<\/p>\n<p>Laikymas: laikyti kambario temperat\u016broje. Atidarius laikykite \u0161aldytuve.<\/p>\n<\/div>\n<\/div>\n","protected":false},"excerpt":{"rendered":"<p>Migdol\u0173 pienas (dar vadinamas migdol\u0173 g\u0117rimu) naudojamas kaip karv\u0117s pienos pakaitalas.<\/p>\n<p>Migdol\u0173 pien\u0105 galima naudoti visiems tiems patiems tikslams kaip ir \u012fprast\u0105 karv\u0117s pien\u0105. Pavyzd\u017eiui, \u012fvairiems kepiniams gaminti, pilti \u012f kar\u0161tus g\u0117rimus, gaminti kokteilius, augalinius ledus ir t.t. Palyginti su daugeliu kit\u0173 augalini\u0173 pien\u0173, migdol\u0173 pienas yra \u0161iek tiek riebesnis ir tamsesnis. Tod\u0117l jis da\u017enai m\u0117gstamas naudoti kepiniuose.<\/p>\n","protected":false},"featured_media":35134,"comment_status":"open","ping_status":"closed","template":"","meta":{"_acf_changed":false},"product_brand":[],"product_cat":[482,444],"product_tag":[],"class_list":{"0":"post-36047","1":"product","2":"type-product","3":"status-publish","4":"has-post-thumbnail","6":"product_cat-gerimai","7":"product_cat-namu-virtuve","9":"first","10":"instock","11":"taxable","12":"shipping-taxable","13":"purchasable","14":"product-type-simple"},"acf":[],"yoast_head":"<!-- This site is optimized with the Yoast SEO plugin v25.3.1 - https:\/\/yoast.com\/wordpress\/plugins\/seo\/ -->\n<title>Ekologi\u0161kas migdol\u0173 pienas 1L | Natumi - Pure Nature<\/title>\n<meta name=\"description\" content=\"Be prid\u0117tinio cukraus, sintetini\u0173 pried\u0173 ar konservant\u0173. Migdol\u0173 pienas gali b\u016bti naudojamas viskam, kam \u012fprastai naudojamas karv\u0117s pienas.\" \/>\n<meta name=\"robots\" content=\"noindex, follow, max-snippet:-1, max-image-preview:large, max-video-preview:-1\" \/>\n<meta property=\"og:locale\" content=\"lt_LT\" \/>\n<meta property=\"og:type\" content=\"article\" \/>\n<meta property=\"og:title\" content=\"Ekologi\u0161kas migdol\u0173 pienas 1L | Natumi - Pure Nature\" \/>\n<meta property=\"og:description\" content=\"Be prid\u0117tinio cukraus, sintetini\u0173 pried\u0173 ar konservant\u0173. Migdol\u0173 pienas gali b\u016bti naudojamas viskam, kam \u012fprastai naudojamas karv\u0117s pienas.\" \/>\n<meta property=\"og:url\" content=\"https:\/\/old.elusvali.ee\/lt\/prek\u0117\/ekologiskas-migdolu-pienas-1l\/\" \/>\n<meta property=\"og:site_name\" content=\"Elusv&auml;li\" \/>\n<meta property=\"article:publisher\" content=\"https:\/\/www.facebook.com\/profile.php?id=100064131067985\" \/>\n<meta property=\"article:modified_time\" content=\"2025-04-13T12:23:27+00:00\" \/>\n<meta property=\"og:image\" content=\"https:\/\/purenature.lt\/wp-content\/uploads\/2023\/09\/suhkruvaba-mandlipiim-mandlijook-mahe-1l-bio.jpg\" \/>\n\t<meta property=\"og:image:width\" content=\"1000\" \/>\n\t<meta property=\"og:image:height\" content=\"1000\" \/>\n\t<meta property=\"og:image:type\" content=\"image\/jpeg\" \/>\n<meta name=\"twitter:card\" content=\"summary_large_image\" \/>\n<meta name=\"twitter:label1\" content=\"Est. reading time\" \/>\n\t<meta name=\"twitter:data1\" content=\"1 minut\u0117\" \/>\n<script type=\"application\/ld+json\" class=\"yoast-schema-graph\">{\"@context\":\"https:\/\/schema.org\",\"@graph\":[{\"@type\":\"WebPage\",\"@id\":\"https:\/\/old.elusvali.ee\/lt\/prek\u0117\/ekologiskas-migdolu-pienas-1l\/\",\"url\":\"https:\/\/old.elusvali.ee\/lt\/prek\u0117\/ekologiskas-migdolu-pienas-1l\/\",\"name\":\"Ekologi\u0161kas migdol\u0173 pienas 1L | Natumi - Pure Nature\",\"isPartOf\":{\"@id\":\"https:\/\/old.elusvali.ee\/lt\/#website\"},\"primaryImageOfPage\":{\"@id\":\"https:\/\/old.elusvali.ee\/lt\/prek\u0117\/ekologiskas-migdolu-pienas-1l\/#primaryimage\"},\"image\":{\"@id\":\"https:\/\/old.elusvali.ee\/lt\/prek\u0117\/ekologiskas-migdolu-pienas-1l\/#primaryimage\"},\"thumbnailUrl\":\"https:\/\/old.elusvali.ee\/wp-content\/uploads\/2023\/09\/suhkruvaba-mandlipiim-mandlijook-mahe-1l-bio.jpg\",\"datePublished\":\"2023-10-13T04:24:02+00:00\",\"dateModified\":\"2025-04-13T12:23:27+00:00\",\"description\":\"Be prid\u0117tinio cukraus, sintetini\u0173 pried\u0173 ar konservant\u0173. Migdol\u0173 pienas gali b\u016bti naudojamas viskam, kam \u012fprastai naudojamas karv\u0117s pienas.\",\"breadcrumb\":{\"@id\":\"https:\/\/old.elusvali.ee\/lt\/prek\u0117\/ekologiskas-migdolu-pienas-1l\/#breadcrumb\"},\"inLanguage\":\"lt-LT\",\"potentialAction\":[{\"@type\":\"ReadAction\",\"target\":[\"https:\/\/old.elusvali.ee\/lt\/prek\u0117\/ekologiskas-migdolu-pienas-1l\/\"]}]},{\"@type\":\"ImageObject\",\"inLanguage\":\"lt-LT\",\"@id\":\"https:\/\/old.elusvali.ee\/lt\/prek\u0117\/ekologiskas-migdolu-pienas-1l\/#primaryimage\",\"url\":\"https:\/\/old.elusvali.ee\/wp-content\/uploads\/2023\/09\/suhkruvaba-mandlipiim-mandlijook-mahe-1l-bio.jpg\",\"contentUrl\":\"https:\/\/old.elusvali.ee\/wp-content\/uploads\/2023\/09\/suhkruvaba-mandlipiim-mandlijook-mahe-1l-bio.jpg\",\"width\":1000,\"height\":1000,\"caption\":\"Migdolu pienas\"},{\"@type\":\"BreadcrumbList\",\"@id\":\"https:\/\/old.elusvali.ee\/lt\/prek\u0117\/ekologiskas-migdolu-pienas-1l\/#breadcrumb\",\"itemListElement\":[{\"@type\":\"ListItem\",\"position\":1,\"name\":\"Home\",\"item\":\"https:\/\/old.elusvali.ee\/lt\/\"},{\"@type\":\"ListItem\",\"position\":2,\"name\":\"Elektronin\u0117 parduotuv\u0117\",\"item\":\"https:\/\/purenature.lt\/parduotuve\/\"},{\"@type\":\"ListItem\",\"position\":3,\"name\":\"Ekologi\u0161kas migdol\u0173 pienas 1L | Natumi\"}]},{\"@type\":\"WebSite\",\"@id\":\"https:\/\/old.elusvali.ee\/lt\/#website\",\"url\":\"https:\/\/old.elusvali.ee\/lt\/\",\"name\":\"Elusv\u00e4li\",\"description\":\"Puhas k&ouml;&ouml;k ja koduapteek\",\"publisher\":{\"@id\":\"https:\/\/old.elusvali.ee\/lt\/#organization\"},\"potentialAction\":[{\"@type\":\"SearchAction\",\"target\":{\"@type\":\"EntryPoint\",\"urlTemplate\":\"https:\/\/old.elusvali.ee\/lt\/?s={search_term_string}\"},\"query-input\":{\"@type\":\"PropertyValueSpecification\",\"valueRequired\":true,\"valueName\":\"search_term_string\"}}],\"inLanguage\":\"lt-LT\"},{\"@type\":\"Organization\",\"@id\":\"https:\/\/old.elusvali.ee\/lt\/#organization\",\"name\":\"Elusv\u00e4li\",\"url\":\"https:\/\/old.elusvali.ee\/lt\/\",\"logo\":{\"@type\":\"ImageObject\",\"inLanguage\":\"lt-LT\",\"@id\":\"https:\/\/old.elusvali.ee\/lt\/#\/schema\/logo\/image\/\",\"url\":\"https:\/\/purenature.lt\/wp-content\/uploads\/2023\/07\/logo.png\",\"contentUrl\":\"https:\/\/purenature.lt\/wp-content\/uploads\/2023\/07\/logo.png\",\"width\":526,\"height\":146,\"caption\":\"Elusv\u00e4li\"},\"image\":{\"@id\":\"https:\/\/old.elusvali.ee\/lt\/#\/schema\/logo\/image\/\"},\"sameAs\":[\"https:\/\/www.facebook.com\/profile.php?id=100064131067985\",\"https:\/\/www.instagram.com\/elusvali\/\",\"https:\/\/www.youtube.com\/@elusvali2110\"]}]}<\/script>\n<!-- \/ Yoast SEO plugin. -->","yoast_head_json":{"title":"Ekologi\u0161kas migdol\u0173 pienas 1L | Natumi - Pure Nature","description":"Be prid\u0117tinio cukraus, sintetini\u0173 pried\u0173 ar konservant\u0173. Migdol\u0173 pienas gali b\u016bti naudojamas viskam, kam \u012fprastai naudojamas karv\u0117s pienas.","robots":{"index":"noindex","follow":"follow","max-snippet":"max-snippet:-1","max-image-preview":"max-image-preview:large","max-video-preview":"max-video-preview:-1"},"og_locale":"lt_LT","og_type":"article","og_title":"Ekologi\u0161kas migdol\u0173 pienas 1L | Natumi - Pure Nature","og_description":"Be prid\u0117tinio cukraus, sintetini\u0173 pried\u0173 ar konservant\u0173. Migdol\u0173 pienas gali b\u016bti naudojamas viskam, kam \u012fprastai naudojamas karv\u0117s pienas.","og_url":"https:\/\/old.elusvali.ee\/lt\/prek\u0117\/ekologiskas-migdolu-pienas-1l\/","og_site_name":"Elusv&auml;li","article_publisher":"https:\/\/www.facebook.com\/profile.php?id=100064131067985","article_modified_time":"2025-04-13T12:23:27+00:00","og_image":[{"width":1000,"height":1000,"url":"https:\/\/purenature.lt\/wp-content\/uploads\/2023\/09\/suhkruvaba-mandlipiim-mandlijook-mahe-1l-bio.jpg","type":"image\/jpeg"}],"twitter_card":"summary_large_image","twitter_misc":{"Est. reading time":"1 minut\u0117"},"schema":{"@context":"https:\/\/schema.org","@graph":[{"@type":"WebPage","@id":"https:\/\/old.elusvali.ee\/lt\/prek\u0117\/ekologiskas-migdolu-pienas-1l\/","url":"https:\/\/old.elusvali.ee\/lt\/prek\u0117\/ekologiskas-migdolu-pienas-1l\/","name":"Ekologi\u0161kas migdol\u0173 pienas 1L | Natumi - Pure Nature","isPartOf":{"@id":"https:\/\/old.elusvali.ee\/lt\/#website"},"primaryImageOfPage":{"@id":"https:\/\/old.elusvali.ee\/lt\/prek\u0117\/ekologiskas-migdolu-pienas-1l\/#primaryimage"},"image":{"@id":"https:\/\/old.elusvali.ee\/lt\/prek\u0117\/ekologiskas-migdolu-pienas-1l\/#primaryimage"},"thumbnailUrl":"https:\/\/old.elusvali.ee\/wp-content\/uploads\/2023\/09\/suhkruvaba-mandlipiim-mandlijook-mahe-1l-bio.jpg","datePublished":"2023-10-13T04:24:02+00:00","dateModified":"2025-04-13T12:23:27+00:00","description":"Be prid\u0117tinio cukraus, sintetini\u0173 pried\u0173 ar konservant\u0173. Migdol\u0173 pienas gali b\u016bti naudojamas viskam, kam \u012fprastai naudojamas karv\u0117s pienas.","breadcrumb":{"@id":"https:\/\/old.elusvali.ee\/lt\/prek\u0117\/ekologiskas-migdolu-pienas-1l\/#breadcrumb"},"inLanguage":"lt-LT","potentialAction":[{"@type":"ReadAction","target":["https:\/\/old.elusvali.ee\/lt\/prek\u0117\/ekologiskas-migdolu-pienas-1l\/"]}]},{"@type":"ImageObject","inLanguage":"lt-LT","@id":"https:\/\/old.elusvali.ee\/lt\/prek\u0117\/ekologiskas-migdolu-pienas-1l\/#primaryimage","url":"https:\/\/old.elusvali.ee\/wp-content\/uploads\/2023\/09\/suhkruvaba-mandlipiim-mandlijook-mahe-1l-bio.jpg","contentUrl":"https:\/\/old.elusvali.ee\/wp-content\/uploads\/2023\/09\/suhkruvaba-mandlipiim-mandlijook-mahe-1l-bio.jpg","width":1000,"height":1000,"caption":"Migdolu pienas"},{"@type":"BreadcrumbList","@id":"https:\/\/old.elusvali.ee\/lt\/prek\u0117\/ekologiskas-migdolu-pienas-1l\/#breadcrumb","itemListElement":[{"@type":"ListItem","position":1,"name":"Home","item":"https:\/\/old.elusvali.ee\/lt\/"},{"@type":"ListItem","position":2,"name":"Elektronin\u0117 parduotuv\u0117","item":"https:\/\/purenature.lt\/parduotuve\/"},{"@type":"ListItem","position":3,"name":"Ekologi\u0161kas migdol\u0173 pienas 1L | Natumi"}]},{"@type":"WebSite","@id":"https:\/\/old.elusvali.ee\/lt\/#website","url":"https:\/\/old.elusvali.ee\/lt\/","name":"Elusv\u00e4li","description":"Puhas k&ouml;&ouml;k ja koduapteek","publisher":{"@id":"https:\/\/old.elusvali.ee\/lt\/#organization"},"potentialAction":[{"@type":"SearchAction","target":{"@type":"EntryPoint","urlTemplate":"https:\/\/old.elusvali.ee\/lt\/?s={search_term_string}"},"query-input":{"@type":"PropertyValueSpecification","valueRequired":true,"valueName":"search_term_string"}}],"inLanguage":"lt-LT"},{"@type":"Organization","@id":"https:\/\/old.elusvali.ee\/lt\/#organization","name":"Elusv\u00e4li","url":"https:\/\/old.elusvali.ee\/lt\/","logo":{"@type":"ImageObject","inLanguage":"lt-LT","@id":"https:\/\/old.elusvali.ee\/lt\/#\/schema\/logo\/image\/","url":"https:\/\/purenature.lt\/wp-content\/uploads\/2023\/07\/logo.png","contentUrl":"https:\/\/purenature.lt\/wp-content\/uploads\/2023\/07\/logo.png","width":526,"height":146,"caption":"Elusv\u00e4li"},"image":{"@id":"https:\/\/old.elusvali.ee\/lt\/#\/schema\/logo\/image\/"},"sameAs":["https:\/\/www.facebook.com\/profile.php?id=100064131067985","https:\/\/www.instagram.com\/elusvali\/","https:\/\/www.youtube.com\/@elusvali2110"]}]}},"_links":{"self":[{"href":"https:\/\/old.elusvali.ee\/lt\/wp-json\/wp\/v2\/product\/36047","targetHints":{"allow":["GET"]}}],"collection":[{"href":"https:\/\/old.elusvali.ee\/lt\/wp-json\/wp\/v2\/product"}],"about":[{"href":"https:\/\/old.elusvali.ee\/lt\/wp-json\/wp\/v2\/types\/product"}],"replies":[{"embeddable":true,"href":"https:\/\/old.elusvali.ee\/lt\/wp-json\/wp\/v2\/comments?post=36047"}],"version-history":[{"count":0,"href":"https:\/\/old.elusvali.ee\/lt\/wp-json\/wp\/v2\/product\/36047\/revisions"}],"wp:featuredmedia":[{"embeddable":true,"href":"https:\/\/old.elusvali.ee\/lt\/wp-json\/wp\/v2\/media\/35134"}],"wp:attachment":[{"href":"https:\/\/old.elusvali.ee\/lt\/wp-json\/wp\/v2\/media?parent=36047"}],"wp:term":[{"taxonomy":"product_brand","embeddable":true,"href":"https:\/\/old.elusvali.ee\/lt\/wp-json\/wp\/v2\/product_brand?post=36047"},{"taxonomy":"product_cat","embeddable":true,"href":"https:\/\/old.elusvali.ee\/lt\/wp-json\/wp\/v2\/product_cat?post=36047"},{"taxonomy":"product_tag","embeddable":true,"href":"https:\/\/old.elusvali.ee\/lt\/wp-json\/wp\/v2\/product_tag?post=36047"}],"curies":[{"name":"wp","href":"https:\/\/api.w.org\/{rel}","templated":true}]}}