{"id":36044,"date":"2023-10-09T14:15:26","date_gmt":"2023-10-09T11:15:26","guid":{"rendered":"https:\/\/old.elusvali.ee\/product\/ekologiski-dziovinti-ciobreliai-70g-biomenu\/"},"modified":"2025-04-14T09:57:26","modified_gmt":"2025-04-14T06:57:26","slug":"ekologiski-dziovinti-ciobreliai-70g-biomenu-prieskoniai","status":"publish","type":"product","link":"https:\/\/old.elusvali.ee\/lt\/prek\u0117\/ekologiski-dziovinti-ciobreliai-70g-biomenu-prieskoniai\/","title":{"rendered":"Ekologi\u0161ki d\u017eiovinti \u010diobreliai 70g | Biomenu prieskoniai"},"content":{"rendered":"<p>Ekologi\u0161ki d\u017eiovinti \u010diobreliai <strong>stiklainiame indelyje<\/strong>.<\/p>\n<p>Smulk\u016bs ir kvapn\u016bs \u010diobreli\u0173 lapeliai yra nepakei\u010diami daugelio pasaulio virtuvi\u0173 patiekaluose. Da\u017enai naudojami sriuboms, tro\u0161kiniams, pada\u017eams, vieno puodo patiekalams ir t.t. \u010ciobreliai i\u0161skirtin\u0117 savyb\u0117 &#8211; jie i\u0161laiko <strong>malon\u0173 skon\u012f<\/strong> <strong>ir aromat\u0105<\/strong> net ilgai kaitinant. Tod\u0117l da\u017enai yra viena i\u0161 sultini\u0173 sudedam\u0173j\u0173 dali\u0173.<\/p>\n<p>I\u0161 d\u017eiovint\u0173 \u010diobreli\u0173 galima pasigaminti taip pat ir sveik\u0105 gaivinan\u010di\u0105 arbat\u0105.<\/p>\n<h3>Patogiame dideliame stiklainyje<\/h3>\n<p>Tai\u00a0<strong>patogus ir prakti\u0161kas indas<\/strong>. Stiklainis yra optimalaus dyd\u017eio, apgalvojant, kad tilpt\u0173 daugumoje prieskoni\u0173 lentyn\u0173 ir spinteli\u0173. Stiklainio auk\u0161tis 15 cm, dugno skersmuo 6,5 cm.<\/p>\n","protected":false},"excerpt":{"rendered":"<p>\u010ciobreli\u0173 smulk\u016bs, kvapn\u016bs lapeliai yra nepakei\u010diami daugelio pasaulio virtuvi\u0173 patiekaluose. Da\u017eniausiai naudojami sriuboms, tro\u0161kiniams, sultiniams, pada\u017eams, vieno puodo patiekalams ir t.t.<\/p>\n","protected":false},"featured_media":35150,"comment_status":"open","ping_status":"closed","template":"","meta":{"_acf_changed":false},"product_brand":[],"product_cat":[444,478],"product_tag":[603],"class_list":{"0":"post-36044","1":"product","2":"type-product","3":"status-publish","4":"has-post-thumbnail","6":"product_cat-namu-virtuve","7":"product_cat-pagardinimui","8":"product_tag-zeme","10":"first","11":"instock","12":"taxable","13":"shipping-taxable","14":"purchasable","15":"product-type-simple"},"acf":[],"yoast_head":"<!-- This site is optimized with the Yoast SEO plugin v25.3.1 - https:\/\/yoast.com\/wordpress\/plugins\/seo\/ -->\n<title>Ekologi\u0161ki d\u017eiovinti \u010diobreliai 70g | Biomenu prieskoniai - Pure Nature<\/title>\n<meta name=\"description\" content=\"Aromatingas, vaistinis augalas su smulkiais, kvapniais lapeliais. Puikiai tinkan sriuboms, tro\u0161kiniams, sultiniams, pada\u017eams ir vieno puodo patiekalams gaminti.\" \/>\n<meta name=\"robots\" content=\"noindex, follow, max-snippet:-1, max-image-preview:large, max-video-preview:-1\" \/>\n<meta property=\"og:locale\" content=\"lt_LT\" \/>\n<meta property=\"og:type\" content=\"article\" \/>\n<meta property=\"og:title\" content=\"Ekologi\u0161ki d\u017eiovinti \u010diobreliai 70g | Biomenu prieskoniai - Pure Nature\" \/>\n<meta property=\"og:description\" content=\"Aromatingas, vaistinis augalas su smulkiais, kvapniais lapeliais. Puikiai tinkan sriuboms, tro\u0161kiniams, sultiniams, pada\u017eams ir vieno puodo patiekalams gaminti.\" \/>\n<meta property=\"og:url\" content=\"https:\/\/old.elusvali.ee\/lt\/prek\u0117\/ekologiski-dziovinti-ciobreliai-70g-biomenu-prieskoniai\/\" \/>\n<meta property=\"og:site_name\" content=\"Elusv&auml;li\" \/>\n<meta property=\"article:publisher\" content=\"https:\/\/www.facebook.com\/profile.php?id=100064131067985\" \/>\n<meta property=\"article:modified_time\" content=\"2025-04-14T06:57:26+00:00\" \/>\n<meta property=\"og:image\" content=\"https:\/\/purenature.lt\/wp-content\/uploads\/2023\/09\/Tuumian-mahe-70g.jpg\" \/>\n\t<meta property=\"og:image:width\" content=\"1500\" \/>\n\t<meta property=\"og:image:height\" content=\"1500\" \/>\n\t<meta property=\"og:image:type\" content=\"image\/jpeg\" \/>\n<meta name=\"twitter:card\" content=\"summary_large_image\" \/>\n<meta name=\"twitter:label1\" content=\"Est. reading time\" \/>\n\t<meta name=\"twitter:data1\" content=\"1 minut\u0117\" \/>\n<script type=\"application\/ld+json\" class=\"yoast-schema-graph\">{\"@context\":\"https:\/\/schema.org\",\"@graph\":[{\"@type\":\"WebPage\",\"@id\":\"https:\/\/old.elusvali.ee\/lt\/prek\u0117\/ekologiski-dziovinti-ciobreliai-70g-biomenu-prieskoniai\/\",\"url\":\"https:\/\/old.elusvali.ee\/lt\/prek\u0117\/ekologiski-dziovinti-ciobreliai-70g-biomenu-prieskoniai\/\",\"name\":\"Ekologi\u0161ki d\u017eiovinti \u010diobreliai 70g | Biomenu prieskoniai - Pure Nature\",\"isPartOf\":{\"@id\":\"https:\/\/old.elusvali.ee\/lt\/#website\"},\"primaryImageOfPage\":{\"@id\":\"https:\/\/old.elusvali.ee\/lt\/prek\u0117\/ekologiski-dziovinti-ciobreliai-70g-biomenu-prieskoniai\/#primaryimage\"},\"image\":{\"@id\":\"https:\/\/old.elusvali.ee\/lt\/prek\u0117\/ekologiski-dziovinti-ciobreliai-70g-biomenu-prieskoniai\/#primaryimage\"},\"thumbnailUrl\":\"https:\/\/old.elusvali.ee\/wp-content\/uploads\/2023\/09\/Tuumian-mahe-70g.jpg\",\"datePublished\":\"2023-10-09T11:15:26+00:00\",\"dateModified\":\"2025-04-14T06:57:26+00:00\",\"description\":\"Aromatingas, vaistinis augalas su smulkiais, kvapniais lapeliais. Puikiai tinkan sriuboms, tro\u0161kiniams, sultiniams, pada\u017eams ir vieno puodo patiekalams gaminti.\",\"breadcrumb\":{\"@id\":\"https:\/\/old.elusvali.ee\/lt\/prek\u0117\/ekologiski-dziovinti-ciobreliai-70g-biomenu-prieskoniai\/#breadcrumb\"},\"inLanguage\":\"lt-LT\",\"potentialAction\":[{\"@type\":\"ReadAction\",\"target\":[\"https:\/\/old.elusvali.ee\/lt\/prek\u0117\/ekologiski-dziovinti-ciobreliai-70g-biomenu-prieskoniai\/\"]}]},{\"@type\":\"ImageObject\",\"inLanguage\":\"lt-LT\",\"@id\":\"https:\/\/old.elusvali.ee\/lt\/prek\u0117\/ekologiski-dziovinti-ciobreliai-70g-biomenu-prieskoniai\/#primaryimage\",\"url\":\"https:\/\/old.elusvali.ee\/wp-content\/uploads\/2023\/09\/Tuumian-mahe-70g.jpg\",\"contentUrl\":\"https:\/\/old.elusvali.ee\/wp-content\/uploads\/2023\/09\/Tuumian-mahe-70g.jpg\",\"width\":1500,\"height\":1500,\"caption\":\"Dziovinti ciobreliai\"},{\"@type\":\"BreadcrumbList\",\"@id\":\"https:\/\/old.elusvali.ee\/lt\/prek\u0117\/ekologiski-dziovinti-ciobreliai-70g-biomenu-prieskoniai\/#breadcrumb\",\"itemListElement\":[{\"@type\":\"ListItem\",\"position\":1,\"name\":\"Home\",\"item\":\"https:\/\/old.elusvali.ee\/lt\/\"},{\"@type\":\"ListItem\",\"position\":2,\"name\":\"Elektronin\u0117 parduotuv\u0117\",\"item\":\"https:\/\/purenature.lt\/parduotuve\/\"},{\"@type\":\"ListItem\",\"position\":3,\"name\":\"Ekologi\u0161ki d\u017eiovinti \u010diobreliai 70g | Biomenu prieskoniai\"}]},{\"@type\":\"WebSite\",\"@id\":\"https:\/\/old.elusvali.ee\/lt\/#website\",\"url\":\"https:\/\/old.elusvali.ee\/lt\/\",\"name\":\"Elusv\u00e4li\",\"description\":\"Puhas k&ouml;&ouml;k ja koduapteek\",\"publisher\":{\"@id\":\"https:\/\/old.elusvali.ee\/lt\/#organization\"},\"potentialAction\":[{\"@type\":\"SearchAction\",\"target\":{\"@type\":\"EntryPoint\",\"urlTemplate\":\"https:\/\/old.elusvali.ee\/lt\/?s={search_term_string}\"},\"query-input\":{\"@type\":\"PropertyValueSpecification\",\"valueRequired\":true,\"valueName\":\"search_term_string\"}}],\"inLanguage\":\"lt-LT\"},{\"@type\":\"Organization\",\"@id\":\"https:\/\/old.elusvali.ee\/lt\/#organization\",\"name\":\"Elusv\u00e4li\",\"url\":\"https:\/\/old.elusvali.ee\/lt\/\",\"logo\":{\"@type\":\"ImageObject\",\"inLanguage\":\"lt-LT\",\"@id\":\"https:\/\/old.elusvali.ee\/lt\/#\/schema\/logo\/image\/\",\"url\":\"https:\/\/purenature.lt\/wp-content\/uploads\/2023\/07\/logo.png\",\"contentUrl\":\"https:\/\/purenature.lt\/wp-content\/uploads\/2023\/07\/logo.png\",\"width\":526,\"height\":146,\"caption\":\"Elusv\u00e4li\"},\"image\":{\"@id\":\"https:\/\/old.elusvali.ee\/lt\/#\/schema\/logo\/image\/\"},\"sameAs\":[\"https:\/\/www.facebook.com\/profile.php?id=100064131067985\",\"https:\/\/www.instagram.com\/elusvali\/\",\"https:\/\/www.youtube.com\/@elusvali2110\"]}]}<\/script>\n<!-- \/ Yoast SEO plugin. -->","yoast_head_json":{"title":"Ekologi\u0161ki d\u017eiovinti \u010diobreliai 70g | Biomenu prieskoniai - Pure Nature","description":"Aromatingas, vaistinis augalas su smulkiais, kvapniais lapeliais. Puikiai tinkan sriuboms, tro\u0161kiniams, sultiniams, pada\u017eams ir vieno puodo patiekalams gaminti.","robots":{"index":"noindex","follow":"follow","max-snippet":"max-snippet:-1","max-image-preview":"max-image-preview:large","max-video-preview":"max-video-preview:-1"},"og_locale":"lt_LT","og_type":"article","og_title":"Ekologi\u0161ki d\u017eiovinti \u010diobreliai 70g | Biomenu prieskoniai - Pure Nature","og_description":"Aromatingas, vaistinis augalas su smulkiais, kvapniais lapeliais. Puikiai tinkan sriuboms, tro\u0161kiniams, sultiniams, pada\u017eams ir vieno puodo patiekalams gaminti.","og_url":"https:\/\/old.elusvali.ee\/lt\/prek\u0117\/ekologiski-dziovinti-ciobreliai-70g-biomenu-prieskoniai\/","og_site_name":"Elusv&auml;li","article_publisher":"https:\/\/www.facebook.com\/profile.php?id=100064131067985","article_modified_time":"2025-04-14T06:57:26+00:00","og_image":[{"width":1500,"height":1500,"url":"https:\/\/purenature.lt\/wp-content\/uploads\/2023\/09\/Tuumian-mahe-70g.jpg","type":"image\/jpeg"}],"twitter_card":"summary_large_image","twitter_misc":{"Est. reading time":"1 minut\u0117"},"schema":{"@context":"https:\/\/schema.org","@graph":[{"@type":"WebPage","@id":"https:\/\/old.elusvali.ee\/lt\/prek\u0117\/ekologiski-dziovinti-ciobreliai-70g-biomenu-prieskoniai\/","url":"https:\/\/old.elusvali.ee\/lt\/prek\u0117\/ekologiski-dziovinti-ciobreliai-70g-biomenu-prieskoniai\/","name":"Ekologi\u0161ki d\u017eiovinti \u010diobreliai 70g | Biomenu prieskoniai - Pure Nature","isPartOf":{"@id":"https:\/\/old.elusvali.ee\/lt\/#website"},"primaryImageOfPage":{"@id":"https:\/\/old.elusvali.ee\/lt\/prek\u0117\/ekologiski-dziovinti-ciobreliai-70g-biomenu-prieskoniai\/#primaryimage"},"image":{"@id":"https:\/\/old.elusvali.ee\/lt\/prek\u0117\/ekologiski-dziovinti-ciobreliai-70g-biomenu-prieskoniai\/#primaryimage"},"thumbnailUrl":"https:\/\/old.elusvali.ee\/wp-content\/uploads\/2023\/09\/Tuumian-mahe-70g.jpg","datePublished":"2023-10-09T11:15:26+00:00","dateModified":"2025-04-14T06:57:26+00:00","description":"Aromatingas, vaistinis augalas su smulkiais, kvapniais lapeliais. Puikiai tinkan sriuboms, tro\u0161kiniams, sultiniams, pada\u017eams ir vieno puodo patiekalams gaminti.","breadcrumb":{"@id":"https:\/\/old.elusvali.ee\/lt\/prek\u0117\/ekologiski-dziovinti-ciobreliai-70g-biomenu-prieskoniai\/#breadcrumb"},"inLanguage":"lt-LT","potentialAction":[{"@type":"ReadAction","target":["https:\/\/old.elusvali.ee\/lt\/prek\u0117\/ekologiski-dziovinti-ciobreliai-70g-biomenu-prieskoniai\/"]}]},{"@type":"ImageObject","inLanguage":"lt-LT","@id":"https:\/\/old.elusvali.ee\/lt\/prek\u0117\/ekologiski-dziovinti-ciobreliai-70g-biomenu-prieskoniai\/#primaryimage","url":"https:\/\/old.elusvali.ee\/wp-content\/uploads\/2023\/09\/Tuumian-mahe-70g.jpg","contentUrl":"https:\/\/old.elusvali.ee\/wp-content\/uploads\/2023\/09\/Tuumian-mahe-70g.jpg","width":1500,"height":1500,"caption":"Dziovinti ciobreliai"},{"@type":"BreadcrumbList","@id":"https:\/\/old.elusvali.ee\/lt\/prek\u0117\/ekologiski-dziovinti-ciobreliai-70g-biomenu-prieskoniai\/#breadcrumb","itemListElement":[{"@type":"ListItem","position":1,"name":"Home","item":"https:\/\/old.elusvali.ee\/lt\/"},{"@type":"ListItem","position":2,"name":"Elektronin\u0117 parduotuv\u0117","item":"https:\/\/purenature.lt\/parduotuve\/"},{"@type":"ListItem","position":3,"name":"Ekologi\u0161ki d\u017eiovinti \u010diobreliai 70g | Biomenu prieskoniai"}]},{"@type":"WebSite","@id":"https:\/\/old.elusvali.ee\/lt\/#website","url":"https:\/\/old.elusvali.ee\/lt\/","name":"Elusv\u00e4li","description":"Puhas k&ouml;&ouml;k ja koduapteek","publisher":{"@id":"https:\/\/old.elusvali.ee\/lt\/#organization"},"potentialAction":[{"@type":"SearchAction","target":{"@type":"EntryPoint","urlTemplate":"https:\/\/old.elusvali.ee\/lt\/?s={search_term_string}"},"query-input":{"@type":"PropertyValueSpecification","valueRequired":true,"valueName":"search_term_string"}}],"inLanguage":"lt-LT"},{"@type":"Organization","@id":"https:\/\/old.elusvali.ee\/lt\/#organization","name":"Elusv\u00e4li","url":"https:\/\/old.elusvali.ee\/lt\/","logo":{"@type":"ImageObject","inLanguage":"lt-LT","@id":"https:\/\/old.elusvali.ee\/lt\/#\/schema\/logo\/image\/","url":"https:\/\/purenature.lt\/wp-content\/uploads\/2023\/07\/logo.png","contentUrl":"https:\/\/purenature.lt\/wp-content\/uploads\/2023\/07\/logo.png","width":526,"height":146,"caption":"Elusv\u00e4li"},"image":{"@id":"https:\/\/old.elusvali.ee\/lt\/#\/schema\/logo\/image\/"},"sameAs":["https:\/\/www.facebook.com\/profile.php?id=100064131067985","https:\/\/www.instagram.com\/elusvali\/","https:\/\/www.youtube.com\/@elusvali2110"]}]}},"_links":{"self":[{"href":"https:\/\/old.elusvali.ee\/lt\/wp-json\/wp\/v2\/product\/36044","targetHints":{"allow":["GET"]}}],"collection":[{"href":"https:\/\/old.elusvali.ee\/lt\/wp-json\/wp\/v2\/product"}],"about":[{"href":"https:\/\/old.elusvali.ee\/lt\/wp-json\/wp\/v2\/types\/product"}],"replies":[{"embeddable":true,"href":"https:\/\/old.elusvali.ee\/lt\/wp-json\/wp\/v2\/comments?post=36044"}],"version-history":[{"count":0,"href":"https:\/\/old.elusvali.ee\/lt\/wp-json\/wp\/v2\/product\/36044\/revisions"}],"wp:featuredmedia":[{"embeddable":true,"href":"https:\/\/old.elusvali.ee\/lt\/wp-json\/wp\/v2\/media\/35150"}],"wp:attachment":[{"href":"https:\/\/old.elusvali.ee\/lt\/wp-json\/wp\/v2\/media?parent=36044"}],"wp:term":[{"taxonomy":"product_brand","embeddable":true,"href":"https:\/\/old.elusvali.ee\/lt\/wp-json\/wp\/v2\/product_brand?post=36044"},{"taxonomy":"product_cat","embeddable":true,"href":"https:\/\/old.elusvali.ee\/lt\/wp-json\/wp\/v2\/product_cat?post=36044"},{"taxonomy":"product_tag","embeddable":true,"href":"https:\/\/old.elusvali.ee\/lt\/wp-json\/wp\/v2\/product_tag?post=36044"}],"curies":[{"name":"wp","href":"https:\/\/api.w.org\/{rel}","templated":true}]}}