{"id":36041,"date":"2023-10-09T14:13:13","date_gmt":"2023-10-09T11:13:13","guid":{"rendered":"https:\/\/old.elusvali.ee\/product\/ekologiski-paprikos-milteliai-220g-biomenu\/"},"modified":"2025-06-20T10:10:00","modified_gmt":"2025-06-20T07:10:00","slug":"ekologiski-paprikos-milteliai-220g-biomenu-prieskoniai","status":"publish","type":"product","link":"https:\/\/old.elusvali.ee\/lt\/prek\u0117\/ekologiski-paprikos-milteliai-220g-biomenu-prieskoniai\/","title":{"rendered":"Ekologi\u0161ki paprikos milteliai 220g | Biomenu prieskoniai"},"content":{"rendered":"<p>Ekologi\u0161ki sald\u017ei\u0173j\u0173 raudon\u0173j\u0173 paprik\u0173 milteliai <strong>stikliniame indelyje<\/strong>.<\/p>\n<p>Ar \u017einojote, kad daugiausiai paprikos milteli\u0173 saundojama Vengrijoje? Vidutinis vengras per metus sunaudoja apie pus\u0119 kilogramo paprikos milteli\u0173! Ten juos tikrai deda beveik \u012f kiekvien\u0105 patiekal\u0105. D\u0117l <strong>\u0161velnaus<\/strong> ir <strong>\u0161iek tiek saldaus<\/strong> skonio, paprika tinka \u012fvairiems patiekalams pagardinti.<\/p>\n<p><strong>Biomenu paprikos milteliai<\/strong> &#8211; tai auk\u0161tos kokyb\u0117s ir aromatingi, smulkiai malti milteliai, puikiai tinkantys beveik visiems patiekalams gardinti. Paprikomis galite pagardinti pikanti\u0161kus kepinius ir tro\u0161kinius, pada\u017eus, marinatus (tinka ir skoniui, ir spalvai suteikti), humus\u0105, sriubas ir t.t.<\/p>\n<p>\u201ePure nature\u201c <a href=\"https:\/\/purenature.lt\/receptai\/\">recept\u0173 bibliotekoje<\/a> rasite ne vien\u0105 patiekal\u0105 su raudon\u0173j\u0173 paprik\u0173 milteliais. Pavyzd\u017eiui, <a href=\"https:\/\/purenature.lt\/ant-groteliu-kepti-avinzirniai\/\" target=\"_blank\" rel=\"noopener\">kept\u0173 avin\u017eirni\u0173<\/a> arba sveiko <a href=\"https:\/\/purenature.lt\/vegetariskas-surio-padazas-su-bulvytemis\/\">dar\u017eovi\u0173 \u201es\u016brio\u201c pada\u017e\u0105 <\/a>receptai.<\/p>\n<h3>Patogiai sud\u0117ta \u012f didel\u012f stiklain\u012f<\/h3>\n<p>Tai\u00a0<strong>patogus ir prakti\u0161kas indas<\/strong>. Stiklainis yra optimalaus dyd\u017eio, apgalvojant, kad tilpt\u0173 daugumoje prieskoni\u0173 lentyn\u0173 ir spinteli\u0173. Stiklainio auk\u0161tis 15 cm, dugno skersmuo 6,5 cm.<\/p>\n","protected":false},"excerpt":{"rendered":"<p><strong>Ekologi\u0161ki sald\u017ei\u0173j\u0173 raudon\u0173j\u0173 paprik\u0173 milteliai<\/strong> &#8211; tai auk\u0161tos kokyb\u0117s aromatingi, ry\u0161kiaspalviai, smulkiai malti milteliai, kurie praturtins j\u016bs\u0173 patiekalus. Paprikos milteliais galite pagardinti pikanti\u0161kus kepinius ir tro\u0161kinius, pada\u017eus, humus\u0105, sriubas. Taip pat raudon\u0173j\u0173 paprik\u0173 milteliai labai m\u0117gstami ir marinat\u0173 gamybai &#8211; jie suteikia malon\u0173 aroimat\u0105 bei ry\u0161ki\u0105 spalv\u0105.<\/p>\n","protected":false},"featured_media":35144,"comment_status":"open","ping_status":"closed","template":"","meta":{"_acf_changed":false},"product_brand":[],"product_cat":[444,478],"product_tag":[603],"class_list":{"0":"post-36041","1":"product","2":"type-product","3":"status-publish","4":"has-post-thumbnail","6":"product_cat-namu-virtuve","7":"product_cat-pagardinimui","8":"product_tag-zeme","10":"first","11":"instock","12":"taxable","13":"shipping-taxable","14":"purchasable","15":"product-type-simple"},"acf":[],"yoast_head":"<!-- This site is optimized with the Yoast SEO plugin v25.3.1 - https:\/\/yoast.com\/wordpress\/plugins\/seo\/ -->\n<title>Ekologi\u0161ki paprikos milteliai 220g | Biomenu prieskoniai - Pure Nature<\/title>\n<meta name=\"description\" content=\"Tai ak\u0161tos kokyb\u0117s, aromatingi, smulkiai malti raudon\u0173j\u0173 paprik\u0173 milteliai, kurie tiks visiems patiekalams.\" \/>\n<meta name=\"robots\" content=\"noindex, follow, max-snippet:-1, max-image-preview:large, max-video-preview:-1\" \/>\n<meta property=\"og:locale\" content=\"lt_LT\" \/>\n<meta property=\"og:type\" content=\"article\" \/>\n<meta property=\"og:title\" content=\"Ekologi\u0161ki paprikos milteliai 220g | Biomenu prieskoniai - Pure Nature\" \/>\n<meta property=\"og:description\" content=\"Tai ak\u0161tos kokyb\u0117s, aromatingi, smulkiai malti raudon\u0173j\u0173 paprik\u0173 milteliai, kurie tiks visiems patiekalams.\" \/>\n<meta property=\"og:url\" content=\"https:\/\/old.elusvali.ee\/lt\/prek\u0117\/ekologiski-paprikos-milteliai-220g-biomenu-prieskoniai\/\" \/>\n<meta property=\"og:site_name\" content=\"Elusv&auml;li\" \/>\n<meta property=\"article:publisher\" content=\"https:\/\/www.facebook.com\/profile.php?id=100064131067985\" \/>\n<meta property=\"article:modified_time\" content=\"2025-06-20T07:10:00+00:00\" \/>\n<meta property=\"og:image\" content=\"https:\/\/old.elusvali.ee\/wp-content\/uploads\/2023\/09\/Mahe-paprika-pulber-220g.jpg\" \/>\n\t<meta property=\"og:image:width\" content=\"1500\" \/>\n\t<meta property=\"og:image:height\" content=\"1500\" \/>\n\t<meta property=\"og:image:type\" content=\"image\/jpeg\" \/>\n<meta name=\"twitter:card\" content=\"summary_large_image\" \/>\n<meta name=\"twitter:label1\" content=\"Est. reading time\" \/>\n\t<meta name=\"twitter:data1\" content=\"1 minut\u0117\" \/>\n<script type=\"application\/ld+json\" class=\"yoast-schema-graph\">{\"@context\":\"https:\/\/schema.org\",\"@graph\":[{\"@type\":\"WebPage\",\"@id\":\"https:\/\/old.elusvali.ee\/lt\/prek\u0117\/ekologiski-paprikos-milteliai-220g-biomenu-prieskoniai\/\",\"url\":\"https:\/\/old.elusvali.ee\/lt\/prek\u0117\/ekologiski-paprikos-milteliai-220g-biomenu-prieskoniai\/\",\"name\":\"Ekologi\u0161ki paprikos milteliai 220g | Biomenu prieskoniai - Pure Nature\",\"isPartOf\":{\"@id\":\"https:\/\/old.elusvali.ee\/lt\/#website\"},\"primaryImageOfPage\":{\"@id\":\"https:\/\/old.elusvali.ee\/lt\/prek\u0117\/ekologiski-paprikos-milteliai-220g-biomenu-prieskoniai\/#primaryimage\"},\"image\":{\"@id\":\"https:\/\/old.elusvali.ee\/lt\/prek\u0117\/ekologiski-paprikos-milteliai-220g-biomenu-prieskoniai\/#primaryimage\"},\"thumbnailUrl\":\"https:\/\/old.elusvali.ee\/wp-content\/uploads\/2023\/09\/Mahe-paprika-pulber-220g.jpg\",\"datePublished\":\"2023-10-09T11:13:13+00:00\",\"dateModified\":\"2025-06-20T07:10:00+00:00\",\"description\":\"Tai ak\u0161tos kokyb\u0117s, aromatingi, smulkiai malti raudon\u0173j\u0173 paprik\u0173 milteliai, kurie tiks visiems patiekalams.\",\"breadcrumb\":{\"@id\":\"https:\/\/old.elusvali.ee\/lt\/prek\u0117\/ekologiski-paprikos-milteliai-220g-biomenu-prieskoniai\/#breadcrumb\"},\"inLanguage\":\"lt-LT\",\"potentialAction\":[{\"@type\":\"ReadAction\",\"target\":[\"https:\/\/old.elusvali.ee\/lt\/prek\u0117\/ekologiski-paprikos-milteliai-220g-biomenu-prieskoniai\/\"]}]},{\"@type\":\"ImageObject\",\"inLanguage\":\"lt-LT\",\"@id\":\"https:\/\/old.elusvali.ee\/lt\/prek\u0117\/ekologiski-paprikos-milteliai-220g-biomenu-prieskoniai\/#primaryimage\",\"url\":\"https:\/\/old.elusvali.ee\/wp-content\/uploads\/2023\/09\/Mahe-paprika-pulber-220g.jpg\",\"contentUrl\":\"https:\/\/old.elusvali.ee\/wp-content\/uploads\/2023\/09\/Mahe-paprika-pulber-220g.jpg\",\"width\":1500,\"height\":1500,\"caption\":\"Papriku milteliai\"},{\"@type\":\"BreadcrumbList\",\"@id\":\"https:\/\/old.elusvali.ee\/lt\/prek\u0117\/ekologiski-paprikos-milteliai-220g-biomenu-prieskoniai\/#breadcrumb\",\"itemListElement\":[{\"@type\":\"ListItem\",\"position\":1,\"name\":\"Home\",\"item\":\"https:\/\/old.elusvali.ee\/lt\/\"},{\"@type\":\"ListItem\",\"position\":2,\"name\":\"Elektronin\u0117 parduotuv\u0117\",\"item\":\"https:\/\/purenature.lt\/parduotuve\/\"},{\"@type\":\"ListItem\",\"position\":3,\"name\":\"Ekologi\u0161ki paprikos milteliai 220g | Biomenu prieskoniai\"}]},{\"@type\":\"WebSite\",\"@id\":\"https:\/\/old.elusvali.ee\/lt\/#website\",\"url\":\"https:\/\/old.elusvali.ee\/lt\/\",\"name\":\"Elusv\u00e4li\",\"description\":\"Puhas k&ouml;&ouml;k ja koduapteek\",\"publisher\":{\"@id\":\"https:\/\/old.elusvali.ee\/lt\/#organization\"},\"potentialAction\":[{\"@type\":\"SearchAction\",\"target\":{\"@type\":\"EntryPoint\",\"urlTemplate\":\"https:\/\/old.elusvali.ee\/lt\/?s={search_term_string}\"},\"query-input\":{\"@type\":\"PropertyValueSpecification\",\"valueRequired\":true,\"valueName\":\"search_term_string\"}}],\"inLanguage\":\"lt-LT\"},{\"@type\":\"Organization\",\"@id\":\"https:\/\/old.elusvali.ee\/lt\/#organization\",\"name\":\"Elusv\u00e4li\",\"url\":\"https:\/\/old.elusvali.ee\/lt\/\",\"logo\":{\"@type\":\"ImageObject\",\"inLanguage\":\"lt-LT\",\"@id\":\"https:\/\/old.elusvali.ee\/lt\/#\/schema\/logo\/image\/\",\"url\":\"https:\/\/purenature.lt\/wp-content\/uploads\/2023\/07\/logo.png\",\"contentUrl\":\"https:\/\/purenature.lt\/wp-content\/uploads\/2023\/07\/logo.png\",\"width\":526,\"height\":146,\"caption\":\"Elusv\u00e4li\"},\"image\":{\"@id\":\"https:\/\/old.elusvali.ee\/lt\/#\/schema\/logo\/image\/\"},\"sameAs\":[\"https:\/\/www.facebook.com\/profile.php?id=100064131067985\",\"https:\/\/www.instagram.com\/elusvali\/\",\"https:\/\/www.youtube.com\/@elusvali2110\"]}]}<\/script>\n<!-- \/ Yoast SEO plugin. -->","yoast_head_json":{"title":"Ekologi\u0161ki paprikos milteliai 220g | Biomenu prieskoniai - Pure Nature","description":"Tai ak\u0161tos kokyb\u0117s, aromatingi, smulkiai malti raudon\u0173j\u0173 paprik\u0173 milteliai, kurie tiks visiems patiekalams.","robots":{"index":"noindex","follow":"follow","max-snippet":"max-snippet:-1","max-image-preview":"max-image-preview:large","max-video-preview":"max-video-preview:-1"},"og_locale":"lt_LT","og_type":"article","og_title":"Ekologi\u0161ki paprikos milteliai 220g | Biomenu prieskoniai - Pure Nature","og_description":"Tai ak\u0161tos kokyb\u0117s, aromatingi, smulkiai malti raudon\u0173j\u0173 paprik\u0173 milteliai, kurie tiks visiems patiekalams.","og_url":"https:\/\/old.elusvali.ee\/lt\/prek\u0117\/ekologiski-paprikos-milteliai-220g-biomenu-prieskoniai\/","og_site_name":"Elusv&auml;li","article_publisher":"https:\/\/www.facebook.com\/profile.php?id=100064131067985","article_modified_time":"2025-06-20T07:10:00+00:00","og_image":[{"width":1500,"height":1500,"url":"https:\/\/old.elusvali.ee\/wp-content\/uploads\/2023\/09\/Mahe-paprika-pulber-220g.jpg","type":"image\/jpeg"}],"twitter_card":"summary_large_image","twitter_misc":{"Est. reading time":"1 minut\u0117"},"schema":{"@context":"https:\/\/schema.org","@graph":[{"@type":"WebPage","@id":"https:\/\/old.elusvali.ee\/lt\/prek\u0117\/ekologiski-paprikos-milteliai-220g-biomenu-prieskoniai\/","url":"https:\/\/old.elusvali.ee\/lt\/prek\u0117\/ekologiski-paprikos-milteliai-220g-biomenu-prieskoniai\/","name":"Ekologi\u0161ki paprikos milteliai 220g | Biomenu prieskoniai - Pure Nature","isPartOf":{"@id":"https:\/\/old.elusvali.ee\/lt\/#website"},"primaryImageOfPage":{"@id":"https:\/\/old.elusvali.ee\/lt\/prek\u0117\/ekologiski-paprikos-milteliai-220g-biomenu-prieskoniai\/#primaryimage"},"image":{"@id":"https:\/\/old.elusvali.ee\/lt\/prek\u0117\/ekologiski-paprikos-milteliai-220g-biomenu-prieskoniai\/#primaryimage"},"thumbnailUrl":"https:\/\/old.elusvali.ee\/wp-content\/uploads\/2023\/09\/Mahe-paprika-pulber-220g.jpg","datePublished":"2023-10-09T11:13:13+00:00","dateModified":"2025-06-20T07:10:00+00:00","description":"Tai ak\u0161tos kokyb\u0117s, aromatingi, smulkiai malti raudon\u0173j\u0173 paprik\u0173 milteliai, kurie tiks visiems patiekalams.","breadcrumb":{"@id":"https:\/\/old.elusvali.ee\/lt\/prek\u0117\/ekologiski-paprikos-milteliai-220g-biomenu-prieskoniai\/#breadcrumb"},"inLanguage":"lt-LT","potentialAction":[{"@type":"ReadAction","target":["https:\/\/old.elusvali.ee\/lt\/prek\u0117\/ekologiski-paprikos-milteliai-220g-biomenu-prieskoniai\/"]}]},{"@type":"ImageObject","inLanguage":"lt-LT","@id":"https:\/\/old.elusvali.ee\/lt\/prek\u0117\/ekologiski-paprikos-milteliai-220g-biomenu-prieskoniai\/#primaryimage","url":"https:\/\/old.elusvali.ee\/wp-content\/uploads\/2023\/09\/Mahe-paprika-pulber-220g.jpg","contentUrl":"https:\/\/old.elusvali.ee\/wp-content\/uploads\/2023\/09\/Mahe-paprika-pulber-220g.jpg","width":1500,"height":1500,"caption":"Papriku milteliai"},{"@type":"BreadcrumbList","@id":"https:\/\/old.elusvali.ee\/lt\/prek\u0117\/ekologiski-paprikos-milteliai-220g-biomenu-prieskoniai\/#breadcrumb","itemListElement":[{"@type":"ListItem","position":1,"name":"Home","item":"https:\/\/old.elusvali.ee\/lt\/"},{"@type":"ListItem","position":2,"name":"Elektronin\u0117 parduotuv\u0117","item":"https:\/\/purenature.lt\/parduotuve\/"},{"@type":"ListItem","position":3,"name":"Ekologi\u0161ki paprikos milteliai 220g | Biomenu prieskoniai"}]},{"@type":"WebSite","@id":"https:\/\/old.elusvali.ee\/lt\/#website","url":"https:\/\/old.elusvali.ee\/lt\/","name":"Elusv\u00e4li","description":"Puhas k&ouml;&ouml;k ja koduapteek","publisher":{"@id":"https:\/\/old.elusvali.ee\/lt\/#organization"},"potentialAction":[{"@type":"SearchAction","target":{"@type":"EntryPoint","urlTemplate":"https:\/\/old.elusvali.ee\/lt\/?s={search_term_string}"},"query-input":{"@type":"PropertyValueSpecification","valueRequired":true,"valueName":"search_term_string"}}],"inLanguage":"lt-LT"},{"@type":"Organization","@id":"https:\/\/old.elusvali.ee\/lt\/#organization","name":"Elusv\u00e4li","url":"https:\/\/old.elusvali.ee\/lt\/","logo":{"@type":"ImageObject","inLanguage":"lt-LT","@id":"https:\/\/old.elusvali.ee\/lt\/#\/schema\/logo\/image\/","url":"https:\/\/purenature.lt\/wp-content\/uploads\/2023\/07\/logo.png","contentUrl":"https:\/\/purenature.lt\/wp-content\/uploads\/2023\/07\/logo.png","width":526,"height":146,"caption":"Elusv\u00e4li"},"image":{"@id":"https:\/\/old.elusvali.ee\/lt\/#\/schema\/logo\/image\/"},"sameAs":["https:\/\/www.facebook.com\/profile.php?id=100064131067985","https:\/\/www.instagram.com\/elusvali\/","https:\/\/www.youtube.com\/@elusvali2110"]}]}},"_links":{"self":[{"href":"https:\/\/old.elusvali.ee\/lt\/wp-json\/wp\/v2\/product\/36041","targetHints":{"allow":["GET"]}}],"collection":[{"href":"https:\/\/old.elusvali.ee\/lt\/wp-json\/wp\/v2\/product"}],"about":[{"href":"https:\/\/old.elusvali.ee\/lt\/wp-json\/wp\/v2\/types\/product"}],"replies":[{"embeddable":true,"href":"https:\/\/old.elusvali.ee\/lt\/wp-json\/wp\/v2\/comments?post=36041"}],"version-history":[{"count":0,"href":"https:\/\/old.elusvali.ee\/lt\/wp-json\/wp\/v2\/product\/36041\/revisions"}],"wp:featuredmedia":[{"embeddable":true,"href":"https:\/\/old.elusvali.ee\/lt\/wp-json\/wp\/v2\/media\/35144"}],"wp:attachment":[{"href":"https:\/\/old.elusvali.ee\/lt\/wp-json\/wp\/v2\/media?parent=36041"}],"wp:term":[{"taxonomy":"product_brand","embeddable":true,"href":"https:\/\/old.elusvali.ee\/lt\/wp-json\/wp\/v2\/product_brand?post=36041"},{"taxonomy":"product_cat","embeddable":true,"href":"https:\/\/old.elusvali.ee\/lt\/wp-json\/wp\/v2\/product_cat?post=36041"},{"taxonomy":"product_tag","embeddable":true,"href":"https:\/\/old.elusvali.ee\/lt\/wp-json\/wp\/v2\/product_tag?post=36041"}],"curies":[{"name":"wp","href":"https:\/\/api.w.org\/{rel}","templated":true}]}}