{"id":35910,"date":"2023-11-02T09:42:09","date_gmt":"2023-11-02T07:42:09","guid":{"rendered":"https:\/\/old.elusvali.ee\/product\/skystasis-ranku-muilas-sensitive-1-l-sodasan\/"},"modified":"2025-06-17T21:01:58","modified_gmt":"2025-06-17T18:01:58","slug":"skystas-ranku-muilas-sensitive-papildymas-1l-sodasan","status":"publish","type":"product","link":"https:\/\/old.elusvali.ee\/lt\/prek\u0117\/skystas-ranku-muilas-sensitive-papildymas-1l-sodasan\/","title":{"rendered":"Skystas rank\u0173 muilas Sensitive PAPIDLYMO BUTELIUKAS 1 L | Sodasan"},"content":{"rendered":"<p><strong>Papildymo buteliukas <a href=\"https:\/\/purenature.lt\/prek%C4%97\/muilas-jautriam-vandeniui-300-ml-sodasan\/\">Sodasan sensitive 300 ml <\/a> <\/strong><\/p>\n<p>Skystas muilas, skirtas jautri\u0105 od\u0105 turintiems ar alergi\u0161kiems \u017emon\u0117ms. Efektyviai veikia, suteikia malon\u0173 \u0161varios ir \u0161velnios odos poj\u016bt\u012f.<\/p>\n<p><strong>Ekologi\u0161kas<\/strong>\u00a0augalinis muilas su 100% nat\u016braliais ingredientais.<\/p>\n<ul>\n<li>Pagaminta \u0161velniai verdant su biologiniu alyvuogi\u0173 aliejumi.<\/li>\n<li>Be kvapi\u0173j\u0173 med\u017eiag\u0173, da\u017eikli\u0173 ir konservant\u0173.<\/li>\n<li>Dermatologi\u0161kai patikrintas.<\/li>\n<\/ul>\n<p>Sud\u0117tis: vanduo, saul\u0117gr\u0105\u017e\u0173 s\u0117kl\u0173 aliejus, alkoholio denatas, kalio hidroksidas, citrin\u0173 r\u016bg\u0161tis, alyvuogi\u0173 aliejus.<\/p>\n<p>pH: 9,4-10,2<\/p>\n<p><strong>Sertifikatai<\/strong><\/p>\n<ul>\n<li>Gaminys sertifikuotas pagal NCP (Nature Care Product Standards) standartus.<\/li>\n<li>Taip pat registruota Vegan\u0173 draugijoje ir PETA (People for the Ethical Treatment of Animals).<\/li>\n<\/ul>\n<p><strong>Nat\u016brali sud\u0117tis su 100% nat\u016bralios kilm\u0117s ingredientais<\/strong><\/p>\n<ul>\n<li>Biologi\u0161kai skaidus.<\/li>\n<li>Be sintetini\u0173 da\u017eikli\u0173, konservant\u0173 ir kvapi\u0173j\u0173 med\u017eiag\u0173.<\/li>\n<li>Be petrochemikal\u0173 ir i\u0161 geneti\u0161kai nemodifikuot\u0173 augal\u0173.<\/li>\n<li>Be ferment\u0173 ir mikroplastiko.<\/li>\n<li>Vegani\u0161kas.<\/li>\n<\/ul>\n","protected":false},"excerpt":{"rendered":"<p>Papildymo buteliukas <a href=\"https:\/\/purenature.lt\/prek%C4%97\/muilas-jautriam-vandeniui-300-ml-sodasan\/\">Sodasan sensitive 300 ml <\/a>nat\u016bralios sud\u0117ties skystam muilui.<\/p>\n<p>Efektyviai veikia bei palieka malon\u0173 \u0161varos poj\u016bt\u012f bei \u0161velni\u0105 od\u0105.<\/p>\n<ul>\n<li>100% nat\u016bral\u016bs ingredientai.<\/li>\n<li>Be sintetini\u0173 da\u017eikli\u0173, konservant\u0173 ir kvapi\u0173j\u0173 med\u017eiag\u0173.<\/li>\n<li>Be petrochemikal\u0173 ir geneti\u0161kai nemodifikuot\u0173 produkt\u0173.<\/li>\n<li>Be ferment\u0173 ir mikroplastiko.<\/li>\n<li>Vegani\u0161kas.<\/li>\n<\/ul>\n","protected":false},"featured_media":35223,"comment_status":"open","ping_status":"closed","template":"","meta":{"_acf_changed":false},"product_brand":[],"product_cat":[455],"product_tag":[601],"class_list":{"0":"post-35910","1":"product","2":"type-product","3":"status-publish","4":"has-post-thumbnail","6":"product_cat-naturalus-valymo-produktai","7":"product_tag-sodasan-lt","9":"first","10":"instock","11":"taxable","12":"shipping-taxable","13":"purchasable","14":"product-type-simple"},"acf":[],"yoast_head":"<!-- This site is optimized with the Yoast SEO plugin v25.3.1 - https:\/\/yoast.com\/wordpress\/plugins\/seo\/ -->\n<title>Skystas rank\u0173 muilas Sensitive PAPIDLYMO BUTELIUKAS 1 L | Sodasan - Pure Nature<\/title>\n<meta name=\"description\" content=\"Nat\u016bralios sud\u0117ties muilas, sukurtas jautri\u0105 od\u0105 turintiems ar alergi\u0161kiems \u017emon\u0117ms. Suteikia malon\u0173 \u0161varios ir \u0161velnios odos poj\u016bt\u012f.\" \/>\n<meta name=\"robots\" content=\"noindex, follow, max-snippet:-1, max-image-preview:large, max-video-preview:-1\" \/>\n<meta property=\"og:locale\" content=\"lt_LT\" \/>\n<meta property=\"og:type\" content=\"article\" \/>\n<meta property=\"og:title\" content=\"Skystas rank\u0173 muilas Sensitive PAPIDLYMO BUTELIUKAS 1 L | Sodasan - Pure Nature\" \/>\n<meta property=\"og:description\" content=\"Nat\u016bralios sud\u0117ties muilas, sukurtas jautri\u0105 od\u0105 turintiems ar alergi\u0161kiems \u017emon\u0117ms. Suteikia malon\u0173 \u0161varios ir \u0161velnios odos poj\u016bt\u012f.\" \/>\n<meta property=\"og:url\" content=\"https:\/\/old.elusvali.ee\/lt\/prek\u0117\/skystas-ranku-muilas-sensitive-papildymas-1l-sodasan\/\" \/>\n<meta property=\"og:site_name\" content=\"Elusv&auml;li\" \/>\n<meta property=\"article:publisher\" content=\"https:\/\/www.facebook.com\/profile.php?id=100064131067985\" \/>\n<meta property=\"article:modified_time\" content=\"2025-06-17T18:01:58+00:00\" \/>\n<meta property=\"og:image\" content=\"https:\/\/purenature.lt\/wp-content\/uploads\/2022\/05\/vedelseep-Sodasan-sensitive-taitepudel-1l.png\" \/>\n\t<meta property=\"og:image:width\" content=\"800\" \/>\n\t<meta property=\"og:image:height\" content=\"800\" \/>\n\t<meta property=\"og:image:type\" content=\"image\/png\" \/>\n<meta name=\"twitter:card\" content=\"summary_large_image\" \/>\n<meta name=\"twitter:label1\" content=\"Est. reading time\" \/>\n\t<meta name=\"twitter:data1\" content=\"1 minut\u0117\" \/>\n<script type=\"application\/ld+json\" class=\"yoast-schema-graph\">{\"@context\":\"https:\/\/schema.org\",\"@graph\":[{\"@type\":\"WebPage\",\"@id\":\"https:\/\/old.elusvali.ee\/lt\/prek\u0117\/skystas-ranku-muilas-sensitive-papildymas-1l-sodasan\/\",\"url\":\"https:\/\/old.elusvali.ee\/lt\/prek\u0117\/skystas-ranku-muilas-sensitive-papildymas-1l-sodasan\/\",\"name\":\"Skystas rank\u0173 muilas Sensitive PAPIDLYMO BUTELIUKAS 1 L | Sodasan - Pure Nature\",\"isPartOf\":{\"@id\":\"https:\/\/old.elusvali.ee\/lt\/#website\"},\"primaryImageOfPage\":{\"@id\":\"https:\/\/old.elusvali.ee\/lt\/prek\u0117\/skystas-ranku-muilas-sensitive-papildymas-1l-sodasan\/#primaryimage\"},\"image\":{\"@id\":\"https:\/\/old.elusvali.ee\/lt\/prek\u0117\/skystas-ranku-muilas-sensitive-papildymas-1l-sodasan\/#primaryimage\"},\"thumbnailUrl\":\"https:\/\/old.elusvali.ee\/wp-content\/uploads\/2022\/05\/vedelseep-Sodasan-sensitive-taitepudel-1l.png\",\"datePublished\":\"2023-11-02T07:42:09+00:00\",\"dateModified\":\"2025-06-17T18:01:58+00:00\",\"description\":\"Nat\u016bralios sud\u0117ties muilas, sukurtas jautri\u0105 od\u0105 turintiems ar alergi\u0161kiems \u017emon\u0117ms. Suteikia malon\u0173 \u0161varios ir \u0161velnios odos poj\u016bt\u012f.\",\"breadcrumb\":{\"@id\":\"https:\/\/old.elusvali.ee\/lt\/prek\u0117\/skystas-ranku-muilas-sensitive-papildymas-1l-sodasan\/#breadcrumb\"},\"inLanguage\":\"lt-LT\",\"potentialAction\":[{\"@type\":\"ReadAction\",\"target\":[\"https:\/\/old.elusvali.ee\/lt\/prek\u0117\/skystas-ranku-muilas-sensitive-papildymas-1l-sodasan\/\"]}]},{\"@type\":\"ImageObject\",\"inLanguage\":\"lt-LT\",\"@id\":\"https:\/\/old.elusvali.ee\/lt\/prek\u0117\/skystas-ranku-muilas-sensitive-papildymas-1l-sodasan\/#primaryimage\",\"url\":\"https:\/\/old.elusvali.ee\/wp-content\/uploads\/2022\/05\/vedelseep-Sodasan-sensitive-taitepudel-1l.png\",\"contentUrl\":\"https:\/\/old.elusvali.ee\/wp-content\/uploads\/2022\/05\/vedelseep-Sodasan-sensitive-taitepudel-1l.png\",\"width\":800,\"height\":800,\"caption\":\"Ekologiskas skystas muilas\"},{\"@type\":\"BreadcrumbList\",\"@id\":\"https:\/\/old.elusvali.ee\/lt\/prek\u0117\/skystas-ranku-muilas-sensitive-papildymas-1l-sodasan\/#breadcrumb\",\"itemListElement\":[{\"@type\":\"ListItem\",\"position\":1,\"name\":\"Home\",\"item\":\"https:\/\/old.elusvali.ee\/lt\/\"},{\"@type\":\"ListItem\",\"position\":2,\"name\":\"Elektronin\u0117 parduotuv\u0117\",\"item\":\"https:\/\/purenature.lt\/parduotuve\/\"},{\"@type\":\"ListItem\",\"position\":3,\"name\":\"Skystas rank\u0173 muilas Sensitive PAPIDLYMO BUTELIUKAS 1 L | Sodasan\"}]},{\"@type\":\"WebSite\",\"@id\":\"https:\/\/old.elusvali.ee\/lt\/#website\",\"url\":\"https:\/\/old.elusvali.ee\/lt\/\",\"name\":\"Elusv\u00e4li\",\"description\":\"Puhas k&ouml;&ouml;k ja koduapteek\",\"publisher\":{\"@id\":\"https:\/\/old.elusvali.ee\/lt\/#organization\"},\"potentialAction\":[{\"@type\":\"SearchAction\",\"target\":{\"@type\":\"EntryPoint\",\"urlTemplate\":\"https:\/\/old.elusvali.ee\/lt\/?s={search_term_string}\"},\"query-input\":{\"@type\":\"PropertyValueSpecification\",\"valueRequired\":true,\"valueName\":\"search_term_string\"}}],\"inLanguage\":\"lt-LT\"},{\"@type\":\"Organization\",\"@id\":\"https:\/\/old.elusvali.ee\/lt\/#organization\",\"name\":\"Elusv\u00e4li\",\"url\":\"https:\/\/old.elusvali.ee\/lt\/\",\"logo\":{\"@type\":\"ImageObject\",\"inLanguage\":\"lt-LT\",\"@id\":\"https:\/\/old.elusvali.ee\/lt\/#\/schema\/logo\/image\/\",\"url\":\"https:\/\/purenature.lt\/wp-content\/uploads\/2023\/07\/logo.png\",\"contentUrl\":\"https:\/\/purenature.lt\/wp-content\/uploads\/2023\/07\/logo.png\",\"width\":526,\"height\":146,\"caption\":\"Elusv\u00e4li\"},\"image\":{\"@id\":\"https:\/\/old.elusvali.ee\/lt\/#\/schema\/logo\/image\/\"},\"sameAs\":[\"https:\/\/www.facebook.com\/profile.php?id=100064131067985\",\"https:\/\/www.instagram.com\/elusvali\/\",\"https:\/\/www.youtube.com\/@elusvali2110\"]}]}<\/script>\n<!-- \/ Yoast SEO plugin. -->","yoast_head_json":{"title":"Skystas rank\u0173 muilas Sensitive PAPIDLYMO BUTELIUKAS 1 L | Sodasan - Pure Nature","description":"Nat\u016bralios sud\u0117ties muilas, sukurtas jautri\u0105 od\u0105 turintiems ar alergi\u0161kiems \u017emon\u0117ms. Suteikia malon\u0173 \u0161varios ir \u0161velnios odos poj\u016bt\u012f.","robots":{"index":"noindex","follow":"follow","max-snippet":"max-snippet:-1","max-image-preview":"max-image-preview:large","max-video-preview":"max-video-preview:-1"},"og_locale":"lt_LT","og_type":"article","og_title":"Skystas rank\u0173 muilas Sensitive PAPIDLYMO BUTELIUKAS 1 L | Sodasan - Pure Nature","og_description":"Nat\u016bralios sud\u0117ties muilas, sukurtas jautri\u0105 od\u0105 turintiems ar alergi\u0161kiems \u017emon\u0117ms. Suteikia malon\u0173 \u0161varios ir \u0161velnios odos poj\u016bt\u012f.","og_url":"https:\/\/old.elusvali.ee\/lt\/prek\u0117\/skystas-ranku-muilas-sensitive-papildymas-1l-sodasan\/","og_site_name":"Elusv&auml;li","article_publisher":"https:\/\/www.facebook.com\/profile.php?id=100064131067985","article_modified_time":"2025-06-17T18:01:58+00:00","og_image":[{"width":800,"height":800,"url":"https:\/\/purenature.lt\/wp-content\/uploads\/2022\/05\/vedelseep-Sodasan-sensitive-taitepudel-1l.png","type":"image\/png"}],"twitter_card":"summary_large_image","twitter_misc":{"Est. reading time":"1 minut\u0117"},"schema":{"@context":"https:\/\/schema.org","@graph":[{"@type":"WebPage","@id":"https:\/\/old.elusvali.ee\/lt\/prek\u0117\/skystas-ranku-muilas-sensitive-papildymas-1l-sodasan\/","url":"https:\/\/old.elusvali.ee\/lt\/prek\u0117\/skystas-ranku-muilas-sensitive-papildymas-1l-sodasan\/","name":"Skystas rank\u0173 muilas Sensitive PAPIDLYMO BUTELIUKAS 1 L | Sodasan - Pure Nature","isPartOf":{"@id":"https:\/\/old.elusvali.ee\/lt\/#website"},"primaryImageOfPage":{"@id":"https:\/\/old.elusvali.ee\/lt\/prek\u0117\/skystas-ranku-muilas-sensitive-papildymas-1l-sodasan\/#primaryimage"},"image":{"@id":"https:\/\/old.elusvali.ee\/lt\/prek\u0117\/skystas-ranku-muilas-sensitive-papildymas-1l-sodasan\/#primaryimage"},"thumbnailUrl":"https:\/\/old.elusvali.ee\/wp-content\/uploads\/2022\/05\/vedelseep-Sodasan-sensitive-taitepudel-1l.png","datePublished":"2023-11-02T07:42:09+00:00","dateModified":"2025-06-17T18:01:58+00:00","description":"Nat\u016bralios sud\u0117ties muilas, sukurtas jautri\u0105 od\u0105 turintiems ar alergi\u0161kiems \u017emon\u0117ms. Suteikia malon\u0173 \u0161varios ir \u0161velnios odos poj\u016bt\u012f.","breadcrumb":{"@id":"https:\/\/old.elusvali.ee\/lt\/prek\u0117\/skystas-ranku-muilas-sensitive-papildymas-1l-sodasan\/#breadcrumb"},"inLanguage":"lt-LT","potentialAction":[{"@type":"ReadAction","target":["https:\/\/old.elusvali.ee\/lt\/prek\u0117\/skystas-ranku-muilas-sensitive-papildymas-1l-sodasan\/"]}]},{"@type":"ImageObject","inLanguage":"lt-LT","@id":"https:\/\/old.elusvali.ee\/lt\/prek\u0117\/skystas-ranku-muilas-sensitive-papildymas-1l-sodasan\/#primaryimage","url":"https:\/\/old.elusvali.ee\/wp-content\/uploads\/2022\/05\/vedelseep-Sodasan-sensitive-taitepudel-1l.png","contentUrl":"https:\/\/old.elusvali.ee\/wp-content\/uploads\/2022\/05\/vedelseep-Sodasan-sensitive-taitepudel-1l.png","width":800,"height":800,"caption":"Ekologiskas skystas muilas"},{"@type":"BreadcrumbList","@id":"https:\/\/old.elusvali.ee\/lt\/prek\u0117\/skystas-ranku-muilas-sensitive-papildymas-1l-sodasan\/#breadcrumb","itemListElement":[{"@type":"ListItem","position":1,"name":"Home","item":"https:\/\/old.elusvali.ee\/lt\/"},{"@type":"ListItem","position":2,"name":"Elektronin\u0117 parduotuv\u0117","item":"https:\/\/purenature.lt\/parduotuve\/"},{"@type":"ListItem","position":3,"name":"Skystas rank\u0173 muilas Sensitive PAPIDLYMO BUTELIUKAS 1 L | Sodasan"}]},{"@type":"WebSite","@id":"https:\/\/old.elusvali.ee\/lt\/#website","url":"https:\/\/old.elusvali.ee\/lt\/","name":"Elusv\u00e4li","description":"Puhas k&ouml;&ouml;k ja koduapteek","publisher":{"@id":"https:\/\/old.elusvali.ee\/lt\/#organization"},"potentialAction":[{"@type":"SearchAction","target":{"@type":"EntryPoint","urlTemplate":"https:\/\/old.elusvali.ee\/lt\/?s={search_term_string}"},"query-input":{"@type":"PropertyValueSpecification","valueRequired":true,"valueName":"search_term_string"}}],"inLanguage":"lt-LT"},{"@type":"Organization","@id":"https:\/\/old.elusvali.ee\/lt\/#organization","name":"Elusv\u00e4li","url":"https:\/\/old.elusvali.ee\/lt\/","logo":{"@type":"ImageObject","inLanguage":"lt-LT","@id":"https:\/\/old.elusvali.ee\/lt\/#\/schema\/logo\/image\/","url":"https:\/\/purenature.lt\/wp-content\/uploads\/2023\/07\/logo.png","contentUrl":"https:\/\/purenature.lt\/wp-content\/uploads\/2023\/07\/logo.png","width":526,"height":146,"caption":"Elusv\u00e4li"},"image":{"@id":"https:\/\/old.elusvali.ee\/lt\/#\/schema\/logo\/image\/"},"sameAs":["https:\/\/www.facebook.com\/profile.php?id=100064131067985","https:\/\/www.instagram.com\/elusvali\/","https:\/\/www.youtube.com\/@elusvali2110"]}]}},"_links":{"self":[{"href":"https:\/\/old.elusvali.ee\/lt\/wp-json\/wp\/v2\/product\/35910","targetHints":{"allow":["GET"]}}],"collection":[{"href":"https:\/\/old.elusvali.ee\/lt\/wp-json\/wp\/v2\/product"}],"about":[{"href":"https:\/\/old.elusvali.ee\/lt\/wp-json\/wp\/v2\/types\/product"}],"replies":[{"embeddable":true,"href":"https:\/\/old.elusvali.ee\/lt\/wp-json\/wp\/v2\/comments?post=35910"}],"version-history":[{"count":0,"href":"https:\/\/old.elusvali.ee\/lt\/wp-json\/wp\/v2\/product\/35910\/revisions"}],"wp:featuredmedia":[{"embeddable":true,"href":"https:\/\/old.elusvali.ee\/lt\/wp-json\/wp\/v2\/media\/35223"}],"wp:attachment":[{"href":"https:\/\/old.elusvali.ee\/lt\/wp-json\/wp\/v2\/media?parent=35910"}],"wp:term":[{"taxonomy":"product_brand","embeddable":true,"href":"https:\/\/old.elusvali.ee\/lt\/wp-json\/wp\/v2\/product_brand?post=35910"},{"taxonomy":"product_cat","embeddable":true,"href":"https:\/\/old.elusvali.ee\/lt\/wp-json\/wp\/v2\/product_cat?post=35910"},{"taxonomy":"product_tag","embeddable":true,"href":"https:\/\/old.elusvali.ee\/lt\/wp-json\/wp\/v2\/product_tag?post=35910"}],"curies":[{"name":"wp","href":"https:\/\/api.w.org\/{rel}","templated":true}]}}